{"id":9801,"date":"2017-06-06T17:28:54","date_gmt":"2017-06-06T20:28:54","guid":{"rendered":"https:\/\/escoladailha.com.br\/portal\/?page_id=9801"},"modified":"2021-01-24T16:41:53","modified_gmt":"2021-01-24T19:41:53","slug":"portal","status":"publish","type":"page","link":"https:\/\/escoladailha.com.br\/portal\/portal\/","title":{"rendered":"O Portal: quem o concebeu e desenvolveu?"},"content":{"rendered":"<div class=\"flex_column av_two_third  flex_column_div av-zero-column-padding first  avia-builder-el-0  el_before_av_one_third  avia-builder-el-first  \" style='border-radius:0px; '><section class=\"av_textblock_section \"  itemscope=\"itemscope\" itemtype=\"https:\/\/schema.org\/CreativeWork\" ><div class='avia_textblock  '   itemprop=\"text\" ><h2>O Portal da Escola da Ilha<\/h2>\n<p>Nesse portal,\u00a0buscaremos retratar o que fazem os alunos, a equipe da Escola e as fam\u00edlias, numa parceria que nos d\u00e1 orgulho e que queremos mostrar.<\/p>\n<p>Ele traz, de forma integrada:<\/p>\n<ul>\n<li><b>not\u00edcias<\/b> sobre nossas atividades, mas tamb\u00e9m sobre assuntos mais gerais de interesse da comunidade escolar;<\/li>\n<li><b>galerias de fotos<\/b>, a maioria delas acess\u00edveis somente a quem \u00e9 da comunidade escolar (log-in necess\u00e1rio), de forma que a privacidade de todos seja preservada;<\/li>\n<li><b>informa\u00e7\u00f5es institucionais<\/b> sobre a Escola;<\/li>\n<li>o <b>sistema acad\u00eamico<\/b>, acess\u00edvel em um click e integrado ao portal.<\/li>\n<\/ul>\n<p>O portal\u00a0\u00e9 o resultado de um longo trabalho colaborativo, que envolveu v\u00e1rias pessoas e institui\u00e7\u00f5es.<\/p>\n<p><b>Ruth Klotzel<\/b>\u00a0concebeu e desenvolveu o design do Portal, inclusive nos aspectos relativos \u00e0 navegabilidade e \u00e0 organiza\u00e7\u00e3o das informa\u00e7\u00f5es e das imagens. Designer e especialista em comunica\u00e7\u00e3o visual, formada e p\u00f3s-graduada pela FAU\/USP, s\u00f3cia propriet\u00e1ria da <a href=\"http:\/\/www.estudioinfinito.com.br\/site\/\" target=\"_blank\" rel=\"noopener noreferrer\"><b>Estudio Infinito, Cultura, Comunica\u00e7\u00e3o e Design<\/b><\/a>, a Ruth tem mais de 30 anos de experi\u00eancia em mat\u00e9ria de design, comunica\u00e7\u00e3o visual, organiza\u00e7\u00e3o de exposi\u00e7\u00f5es (curadoria e projeto expositivo). Foi professora na FAAP e na faculdade do SENAC, em S\u00e3o Paulo, fundadora da Associa\u00e7\u00e3o dos Designers Gr\u00e1ficos do Brasil e vice-presidente do ICOGRADA \u2013 International Council of Design.<\/p>\n<p>Ela vem contribuindo h\u00e1 alguns anos para a melhoria da comunica\u00e7\u00e3o visual da Escola da Ilha, em particular o material gr\u00e1fico, impresso ou digital (Arte na Ilha, cole\u00e7\u00e3o dos livros dos Pequenos Autores, agenda, entre outros), a sinaliza\u00e7\u00e3o interna e o design de v\u00e1rios ambientes da Escola.\u00a0Ela assume, a partir de agora, a gest\u00e3o de grande parte do conte\u00fado do Portal.<\/p>\n<p>O Est\u00fadio Infinito\u00a0contou com a colabora\u00e7\u00e3o de<b> Juliana Shiraiwa<\/b>, formada em Design pela Universidade Federal de Santa Maria, com mestrado pela UFSC, professora da Faculdade Energia, em Florian\u00f3polis, e <b>Miguel Etges<\/b>, designer gr\u00e1fico e artista visual, formado pela Universidade Federal de Santa Maria, com mestrado pela UDESC (po\u00e9ticas visuais e fotografia), diretor de arte da Evoq Branding.<\/p>\n<p>Parte do conte\u00fado j\u00e1 postado e das fotos s\u00e3o de responsabilidade de <b>Carolina Coral<\/b>, jornalista que vem prestando servi\u00e7os \u00e0 Escola h\u00e1 dois anos. Formada em Jornalismo pela PUC-RJ e mestrado\u00a0na Universidad de Chile, \u00e9 ela quem produz a maior parte das mat\u00e9rias e parte das imagens que s\u00e3o publicadas no Facebook da Escola.<\/p>\n<p>Parte das fotos \u2013 em particular as fotos das p\u00e1ginas institucionais e a cobertura fotogr\u00e1fica do Arte na Ilha de 2016 \u2013 s\u00e3o de <b>Oscar Rivas Beasley<\/b>, fot\u00f3grafo e designer uruguaio, radicado em Florian\u00f3polis h\u00e1 algumas d\u00e9cadas.<\/p>\n<p>O respons\u00e1vel pela programa\u00e7\u00e3o do portal<b> <\/b>foi <b>Cazuma Nii Cavalcanti<\/b>, programador e propriet\u00e1rio da Arte Ninja Solu\u00e7\u00f5es Digitais, empresa de S\u00e3o Paulo especializada em constru\u00e7\u00e3o e gerenciamento de portais e sites.<\/p>\n<p>No in\u00edcio do seu desenvolvimento, o portal contou com a contribui\u00e7\u00e3o de Gi\u00e1como Pellegrini, ex-gerente de sistemas da Escola, e na etapa final, com a de <b>Humberto Raul Soares Filho<\/b>.<\/p>\n<\/div><\/section><\/div><div class=\"flex_column av_one_third  flex_column_div av-zero-column-padding   avia-builder-el-2  el_after_av_two_third  avia-builder-el-last  \" style='border-radius:0px; '><section class=\"av_textblock_section \"  itemscope=\"itemscope\" itemtype=\"https:\/\/schema.org\/CreativeWork\" ><div class='avia_textblock  '   itemprop=\"text\" ><div id='gallery-1' class='gallery galleryid-9801 gallery-columns-3 gallery-size-vertical'><div class=\"vertical_wrap isotope\"><div class='gallery-item' item_id='9314'><div class='gallery-item-inner'>\n\t\t\t<div class='gallery-icon landscape'>\n\t\t \t\t<a href=\"https:\/\/escoladailha.com.br\/portal\/wp-content\/uploads\/2017\/06\/Captura-de-Tela-2017-06-05-\u00e0s-12.18.16-e1496946159112.png\"><img loading=\"lazy\" decoding=\"async\" width=\"240\" height=\"193\" src=\"https:\/\/escoladailha.com.br\/portal\/wp-content\/uploads\/2017\/06\/Captura-de-Tela-2017-06-05-\u00e0s-12.18.16-e1496946159112-480x193.png\" class=\"attachment-vertical size-vertical\" alt=\"\" aria-describedby=\"gallery-1-9314\" srcset=\"https:\/\/escoladailha.com.br\/portal\/wp-content\/uploads\/2017\/06\/Captura-de-Tela-2017-06-05-\u00e0s-12.18.16-e1496946159112-480x193.png 480w, https:\/\/escoladailha.com.br\/portal\/wp-content\/uploads\/2017\/06\/Captura-de-Tela-2017-06-05-\u00e0s-12.18.16-e1496946159112.png 775w\" sizes=\"auto, (max-width: 480px) 100vw, 480px\" \/><\/a>\n\t\t \t<\/div>\n\t\t\t\t<div class='wp-caption-text gallery-caption' id='gallery-1-9314'>\n\t\t\t\tPara entrar, clique o \u00edcone indicado (tamb\u00e9m usado para sair)\n\t\t\t\t<\/div><\/div><\/div><div class='gallery-item' item_id='9087'><div class='gallery-item-inner'>\n\t\t\t<div class='gallery-icon landscape'>\n\t\t \t\t<a href=\"https:\/\/escoladailha.com.br\/portal\/wp-content\/uploads\/2017\/06\/entrar.png\"><img loading=\"lazy\" decoding=\"async\" width=\"240\" height=\"396\" src=\"https:\/\/escoladailha.com.br\/portal\/wp-content\/uploads\/2017\/06\/entrar-480x396.png\" class=\"attachment-vertical size-vertical\" alt=\"\" aria-describedby=\"gallery-1-9087\" srcset=\"https:\/\/escoladailha.com.br\/portal\/wp-content\/uploads\/2017\/06\/entrar-480x396.png 480w, https:\/\/escoladailha.com.br\/portal\/wp-content\/uploads\/2017\/06\/entrar.png 1040w\" sizes=\"auto, (max-width: 480px) 100vw, 480px\" \/><\/a>\n\t\t \t<\/div>\n\t\t\t\t<div class='wp-caption-text gallery-caption' id='gallery-1-9087'>\n\t\t\t\tTela de login\n\t\t\t\t<\/div><\/div><\/div><div class='gallery-item' item_id='9094'><div class='gallery-item-inner'>\n\t\t\t<div class='gallery-icon landscape'>\n\t\t \t\t<a href=\"https:\/\/escoladailha.com.br\/portal\/wp-content\/uploads\/2017\/06\/Sistema-acad\u00eamico.png\"><img loading=\"lazy\" decoding=\"async\" width=\"240\" height=\"271\" src=\"https:\/\/escoladailha.com.br\/portal\/wp-content\/uploads\/2017\/06\/Sistema-acad\u00eamico-480x271.png\" class=\"attachment-vertical size-vertical\" alt=\"\" aria-describedby=\"gallery-1-9094\" srcset=\"https:\/\/escoladailha.com.br\/portal\/wp-content\/uploads\/2017\/06\/Sistema-acad\u00eamico-480x271.png 480w, https:\/\/escoladailha.com.br\/portal\/wp-content\/uploads\/2017\/06\/Sistema-acad\u00eamico-1536x868.png 1536w, https:\/\/escoladailha.com.br\/portal\/wp-content\/uploads\/2017\/06\/Sistema-acad\u00eamico.png 1901w\" sizes=\"auto, (max-width: 480px) 100vw, 480px\" \/><\/a>\n\t\t \t<\/div>\n\t\t\t\t<div class='wp-caption-text gallery-caption' id='gallery-1-9094'>\n\t\t\t\tTela de entrada no Unimestre\n\t\t\t\t<\/div><\/div><\/div><div class='gallery-item' item_id='9089'><div class='gallery-item-inner'>\n\t\t\t<div class='gallery-icon landscape'>\n\t\t \t\t<a href=\"https:\/\/escoladailha.com.br\/portal\/wp-content\/uploads\/2017\/06\/Galerias.png\"><img loading=\"lazy\" decoding=\"async\" width=\"240\" height=\"478\" src=\"https:\/\/escoladailha.com.br\/portal\/wp-content\/uploads\/2017\/06\/Galerias-480x478.png\" class=\"attachment-vertical size-vertical\" alt=\"\" aria-describedby=\"gallery-1-9089\" srcset=\"https:\/\/escoladailha.com.br\/portal\/wp-content\/uploads\/2017\/06\/Galerias-480x478.png 480w, https:\/\/escoladailha.com.br\/portal\/wp-content\/uploads\/2017\/06\/Galerias-114x114.png 114w, https:\/\/escoladailha.com.br\/portal\/wp-content\/uploads\/2017\/06\/Galerias-36x36.png 36w, https:\/\/escoladailha.com.br\/portal\/wp-content\/uploads\/2017\/06\/Galerias.png 1083w\" sizes=\"auto, (max-width: 480px) 100vw, 480px\" \/><\/a>\n\t\t \t<\/div>\n\t\t\t\t<div class='wp-caption-text gallery-caption' id='gallery-1-9089'>\n\t\t\t\tAs galerias aparecem listadas e podem ser acessadas por tema ou data. Clicando em cada uma delas voc\u00ea acessa as fotos.\n\t\t\t\t<\/div><\/div><\/div><div class='gallery-item' item_id='8977'><div class='gallery-item-inner'>\n\t\t\t<div class='gallery-icon landscape'>\n\t\t \t\t<a href=\"https:\/\/escoladailha.com.br\/portal\/wp-content\/uploads\/2017\/04\/Screen-Shot-2017-06-01-at-18.54.07.png\"><img loading=\"lazy\" decoding=\"async\" width=\"240\" height=\"361\" src=\"https:\/\/escoladailha.com.br\/portal\/wp-content\/uploads\/2017\/04\/Screen-Shot-2017-06-01-at-18.54.07-480x361.png\" class=\"attachment-vertical size-vertical\" alt=\"\" aria-describedby=\"gallery-1-8977\" srcset=\"https:\/\/escoladailha.com.br\/portal\/wp-content\/uploads\/2017\/04\/Screen-Shot-2017-06-01-at-18.54.07-480x361.png 480w, https:\/\/escoladailha.com.br\/portal\/wp-content\/uploads\/2017\/04\/Screen-Shot-2017-06-01-at-18.54.07.png 1017w\" sizes=\"auto, (max-width: 480px) 100vw, 480px\" \/><\/a>\n\t\t \t<\/div>\n\t\t\t\t<div class='wp-caption-text gallery-caption' id='gallery-1-8977'>\n\t\t\t\tAs galerias de foto tamb\u00e9m podem ser visualizadas em bloco, quando se clica no t\u00edtulo delas.\n\t\t\t\t<\/div><\/div><\/div><div class='gallery-item' item_id='8978'><div class='gallery-item-inner'>\n\t\t\t<div class='gallery-icon landscape'>\n\t\t \t\t<a href=\"https:\/\/escoladailha.com.br\/portal\/wp-content\/uploads\/2017\/04\/Screen-Shot-2017-06-01-at-18.54.21.png\"><img loading=\"lazy\" decoding=\"async\" width=\"240\" height=\"432\" src=\"https:\/\/escoladailha.com.br\/portal\/wp-content\/uploads\/2017\/04\/Screen-Shot-2017-06-01-at-18.54.21-480x432.png\" class=\"attachment-vertical size-vertical\" alt=\"\" aria-describedby=\"gallery-1-8978\" srcset=\"https:\/\/escoladailha.com.br\/portal\/wp-content\/uploads\/2017\/04\/Screen-Shot-2017-06-01-at-18.54.21-480x432.png 480w, https:\/\/escoladailha.com.br\/portal\/wp-content\/uploads\/2017\/04\/Screen-Shot-2017-06-01-at-18.54.21.png 1042w\" sizes=\"auto, (max-width: 480px) 100vw, 480px\" \/><\/a>\n\t\t \t<\/div>\n\t\t\t\t<div class='wp-caption-text gallery-caption' id='gallery-1-8978'>\n\t\t\t\tNot\u00edcias s\u00e3o listadas e organizadas por data e assunto\n\t\t\t\t<\/div><\/div><\/div><div class='gallery-item' item_id='9093'><div class='gallery-item-inner'>\n\t\t\t<div class='gallery-icon landscape'>\n\t\t \t\t<a href=\"https:\/\/escoladailha.com.br\/portal\/wp-content\/uploads\/2017\/06\/p\u00e1ginas-sobre-a-Escola.png\"><img loading=\"lazy\" decoding=\"async\" width=\"240\" height=\"415\" src=\"https:\/\/escoladailha.com.br\/portal\/wp-content\/uploads\/2017\/06\/p\u00e1ginas-sobre-a-Escola-480x415.png\" class=\"attachment-vertical size-vertical\" alt=\"\" aria-describedby=\"gallery-1-9093\" srcset=\"https:\/\/escoladailha.com.br\/portal\/wp-content\/uploads\/2017\/06\/p\u00e1ginas-sobre-a-Escola-480x415.png 480w, https:\/\/escoladailha.com.br\/portal\/wp-content\/uploads\/2017\/06\/p\u00e1ginas-sobre-a-Escola.png 1140w\" sizes=\"auto, (max-width: 480px) 100vw, 480px\" \/><\/a>\n\t\t \t<\/div>\n\t\t\t\t<div class='wp-caption-text gallery-caption' id='gallery-1-9093'>\n\t\t\t\tas p\u00e1ginas tamb\u00e9m cont\u00eam galerias laterais\n\t\t\t\t<\/div><\/div><\/div><div class='gallery-item' item_id='9095'><div class='gallery-item-inner'>\n\t\t\t<div class='gallery-icon portrait'>\n\t\t \t\t<a href=\"https:\/\/escoladailha.com.br\/portal\/wp-content\/uploads\/2017\/06\/Troca-de-livros.png\"><img loading=\"lazy\" decoding=\"async\" width=\"240\" height=\"506\" src=\"https:\/\/escoladailha.com.br\/portal\/wp-content\/uploads\/2017\/06\/Troca-de-livros-480x506.png\" class=\"attachment-vertical size-vertical\" alt=\"\" aria-describedby=\"gallery-1-9095\" srcset=\"https:\/\/escoladailha.com.br\/portal\/wp-content\/uploads\/2017\/06\/Troca-de-livros-480x506.png 480w, https:\/\/escoladailha.com.br\/portal\/wp-content\/uploads\/2017\/06\/Troca-de-livros.png 1018w\" sizes=\"auto, (max-width: 480px) 100vw, 480px\" \/><\/a>\n\t\t \t<\/div>\n\t\t\t\t<div class='wp-caption-text gallery-caption' id='gallery-1-9095'>\n\t\t\t\tA sess\u00e3o de troca de livros est\u00e1 clara e amig\u00e1vel\n\t\t\t\t<\/div><\/div><\/div><div class='gallery-item' item_id='9088'><div class='gallery-item-inner'>\n\t\t\t<div class='gallery-icon landscape'>\n\t\t \t\t<a href=\"https:\/\/escoladailha.com.br\/portal\/wp-content\/uploads\/2017\/06\/fale-conosco.png\"><img loading=\"lazy\" decoding=\"async\" width=\"240\" height=\"466\" src=\"https:\/\/escoladailha.com.br\/portal\/wp-content\/uploads\/2017\/06\/fale-conosco-480x466.png\" class=\"attachment-vertical size-vertical\" alt=\"\" aria-describedby=\"gallery-1-9088\" srcset=\"https:\/\/escoladailha.com.br\/portal\/wp-content\/uploads\/2017\/06\/fale-conosco-480x466.png 480w, https:\/\/escoladailha.com.br\/portal\/wp-content\/uploads\/2017\/06\/fale-conosco-36x36.png 36w, https:\/\/escoladailha.com.br\/portal\/wp-content\/uploads\/2017\/06\/fale-conosco.png 1022w\" sizes=\"auto, (max-width: 480px) 100vw, 480px\" \/><\/a>\n\t\t \t<\/div>\n\t\t\t\t<div class='wp-caption-text gallery-caption' id='gallery-1-9088'>\n\t\t\t\tFale consosco\n\t\t\t\t<\/div><\/div><\/div><\/div><div style=\"clear: both\"><\/div>\n\t\t<\/div>\n\n<\/div><\/section><\/div><\/p>\n","protected":false},"excerpt":{"rendered":"","protected":false},"author":1612,"featured_media":0,"parent":0,"menu_order":123,"comment_status":"open","ping_status":"closed","template":"","meta":{"_acf_changed":false,"_monsterinsights_skip_tracking":false,"_monsterinsights_sitenote_active":false,"_monsterinsights_sitenote_note":"","_monsterinsights_sitenote_category":0,"footnotes":""},"class_list":["post-9801","page","type-page","status-publish","hentry"],"acf":[],"_links":{"self":[{"href":"https:\/\/escoladailha.com.br\/portal\/wp-json\/wp\/v2\/pages\/9801","targetHints":{"allow":["GET"]}}],"collection":[{"href":"https:\/\/escoladailha.com.br\/portal\/wp-json\/wp\/v2\/pages"}],"about":[{"href":"https:\/\/escoladailha.com.br\/portal\/wp-json\/wp\/v2\/types\/page"}],"author":[{"embeddable":true,"href":"https:\/\/escoladailha.com.br\/portal\/wp-json\/wp\/v2\/users\/1612"}],"replies":[{"embeddable":true,"href":"https:\/\/escoladailha.com.br\/portal\/wp-json\/wp\/v2\/comments?post=9801"}],"version-history":[{"count":0,"href":"https:\/\/escoladailha.com.br\/portal\/wp-json\/wp\/v2\/pages\/9801\/revisions"}],"wp:attachment":[{"href":"https:\/\/escoladailha.com.br\/portal\/wp-json\/wp\/v2\/media?parent=9801"}],"curies":[{"name":"wp","href":"https:\/\/api.w.org\/{rel}","templated":true}]}}