{"id":9527,"date":"2017-06-05T19:34:05","date_gmt":"2017-06-05T22:34:05","guid":{"rendered":"https:\/\/escoladailha.com.br\/portal\/?page_id=9527"},"modified":"2026-03-05T18:57:54","modified_gmt":"2026-03-05T21:57:54","slug":"material","status":"publish","type":"page","link":"https:\/\/escoladailha.com.br\/portal\/escola\/como_trabalhamos\/material\/","title":{"rendered":"Materiais did\u00e1ticos"},"content":{"rendered":"<div class=\"flex_column av_two_third  flex_column_div av-zero-column-padding first  avia-builder-el-0  el_before_av_one_third  avia-builder-el-first  \" style='border-radius:0px; '><section class=\"av_textblock_section \"  itemscope=\"itemscope\" itemtype=\"https:\/\/schema.org\/CreativeWork\" ><div class='avia_textblock  '   itemprop=\"text\" ><h3>MATERIAIS DID\u00c1TICOS<\/h3>\n<p>A Escola da Ilha trabalha a partir de uma grande diversidade de materiais did\u00e1ticos, cada qual com uma finalidade.<\/p>\n<p>A massinha utilizada no Ensino Infantil, por exemplo, al\u00e9m de ser um instrumento para o desenvolvimento da criatividade,\u00a0da capacidade de representa\u00e7\u00e3o e da motricidade fina, \u00e9, em si, um material did\u00e1tico, j\u00e1 que\u00a0pode ser utilizada para a aquisi\u00e7\u00e3o de conhecimentos. \u00a0Manuseando a mansinha, o aluno aprende a distinguir e a caracterizar o mole e o duro, aprende a classificar (as cores), aprende que, mesmo quando mudamos a forma do objeto, a quantidade de massinha n\u00e3o muda (perman\u00eancia do objeto), etc.<\/p>\n<p>Desde o\u00a0Ensino Infantil, os alunos s\u00e3o progressivamente apresentados a um\u00a0conjunto\u00a0de materiais did\u00e1ticos, cuja diversidade e complexidade v\u00e3o aumentando: folhas de atividades, materiais para as tarefas de casa, cartelas de n\u00fameros e de letras, domin\u00f3, mapas, tabelas de s\u00edmbolos, etc. Eles tem, tamb\u00e9m, contato com os livros de literatura infantil (um diferente por semana), importantes em todas as fases do desenvolvimento infantil, que auxiliam na alfabetiza\u00e7\u00e3o\u00a0e ajudam a desenvolver o gosto da leitura.<\/p>\n<p>A partir do 2\u00ba ano do Fundamental, s\u00e3o introduzidos os livros did\u00e1ticos, escolhidos pelos professores entre as in\u00fameras obras dispon\u00edveis no mercado. Procuramos, em cada disciplina, o livro\u00a0que mais de adequa \u00e0 forma de trabalho da Escola, que contenha exerc\u00edcios e desafios, que seja rico em informa\u00e7\u00f5es e pr\u00f3ximo da vida e o mundo real em que vivem os alunos, que permita um estudo din\u00e2mico e variado, que contribua para o desenvolvimento do pensamento cr\u00edtico.<\/p>\n<p>Sempre que poss\u00edvel, buscamos manter a mesma cole\u00e7\u00e3o ao longo dos anos, de forma que o aluno possa se familiarizar com a forma de organiza\u00e7\u00e3o dos livros e a garantir maior continuidade e homogeneidade no trabalho dos professores.<\/p>\n<p>Al\u00e9m dos livros did\u00e1ticos, os professores elaboram materiais de apoio, projetam filmes ou apresenta\u00e7\u00f5es que elaboram, realizam experi\u00eancias em sala de aula. Parte deste material \u00e9 disponibilizado para os alunos por meio do sistema acad\u00eamico.<\/p>\n<p>T\u00e3o importante quanto a apreens\u00e3o dos conte\u00fados das diversas disciplinas \u00e9 o desenvolvimento de habilidades e compet\u00eancias para a vida e para os estudos. Por essa raz\u00e3o, damos import\u00e2ncia aos projetos, \u00e0s tarefas de pesquisa, aos trabalhos individuais e coletivos, aos desafios das apresenta\u00e7\u00f5es do Encontr\u00e3o Cultural e do Arte na Ilha.<\/p>\n<p>Por essa raz\u00e3o, tamb\u00e9m, \u00e9 comum observarmos um \u201cdescolamento\u201d entre o livro e o conte\u00fado program\u00e1tico da Escola. Como privilegiamos o conhecimento do mundo em que vivem os alunos, \u00e9 frequente a troca de conte\u00fados dos livros por atividades de pesquisa sobre nossa realidade pr\u00e1tica, por sa\u00eddas de estudo ou por material desenvolvido pelo pr\u00f3prio professor (proje\u00e7\u00e3o de v\u00eddeos, textos coletados em outras fontes, etc). Assim, o fato de n\u00e3o trabalharmos todo o conte\u00fado do livro em um determinado ano n\u00e3o significa que deixamos para tr\u00e1s parte do conte\u00fado que deveria ser abordado.<\/p>\n<p>As estrat\u00e9gias pedag\u00f3gicas evoluem de forma significativa ao longo de todo o Ensino Fundamental. Al\u00e9m das tarefas e trabalhos individuais, \u00a0os trabalhos em grupo tornam-se cada vez mais frequentes, as pesquisas cada vez mais complexas, as formas de apresenta\u00e7\u00e3o dos trabalhos cada vez mais variadas (power-points, jograis, encena\u00e7\u00f5es, anima\u00e7\u00f5es, cartazes, v\u00eddeos).<\/p>\n<p>No 9\u00ba ano do Ensino Fundamental e no Ensino M\u00e9dio, utilizamos o material did\u00e1tico do Sistema Poliedro, que \u00e9 composto de um conjunto de materiais que seguem na mesma l\u00f3gica, mas permitem, tamb\u00e9m, preparar os alunos ao vestibular e ao ENEM:<\/p>\n<ul>\n<li>os livros did\u00e1ticos propriamente ditos, por disciplina;<\/li>\n<li>um portal, com os livros digitais, muitas ferramentas para auxilio aos estudos dos alunos, avalia\u00e7\u00f5es;<\/li>\n<li>ferramentas possantes e atualizadas para a avalia\u00e7\u00e3o peri\u00f3dica dos alunos;<\/li>\n<li>ferramentas para auxiliar os professores a planejar o trabalho pedag\u00f3gico.<\/li>\n<\/ul>\n<\/div><\/section><\/div><div class=\"flex_column av_one_third  flex_column_div av-zero-column-padding   avia-builder-el-2  el_after_av_two_third  avia-builder-el-last  \" style='border-radius:0px; '><p><div  class='avia-image-container  av-styling-    avia-builder-el-3  el_before_av_image  avia-builder-el-first  avia-align-center '  itemprop=\"image\" itemscope=\"itemscope\" itemtype=\"https:\/\/schema.org\/ImageObject\"  ><div class='avia-image-container-inner'><div class='avia-image-overlay-wrap'><img decoding=\"async\" class='wp-image-7743 avia-img-lazy-loading-not-7743 avia_image' src=\"https:\/\/escoladailha.com.br\/portal\/wp-content\/uploads\/2017\/03\/DSC00450-480x380.jpg\" alt='' title='DSC00450' height=\"380\" width=\"480\"  itemprop=\"thumbnailUrl\" srcset=\"https:\/\/escoladailha.com.br\/portal\/wp-content\/uploads\/2017\/03\/DSC00450-480x380.jpg 480w, https:\/\/escoladailha.com.br\/portal\/wp-content\/uploads\/2017\/03\/DSC00450-232x184.jpg 232w\" sizes=\"(max-width: 480px) 100vw, 480px\" \/><\/div><\/div><\/div><br \/>\n<div  class='avia-image-container  av-styling-    avia-builder-el-4  el_after_av_image  el_before_av_image  avia-align-center '  itemprop=\"image\" itemscope=\"itemscope\" itemtype=\"https:\/\/schema.org\/ImageObject\"  ><div class='avia-image-container-inner'><div class='avia-image-overlay-wrap'><img decoding=\"async\" class='wp-image-3959 avia-img-lazy-loading-not-3959 avia_image' src=\"https:\/\/escoladailha.com.br\/portal\/wp-content\/uploads\/2016\/10\/170815-170815_JEAN_MAFRA_TEATRO_ALVARO_CARVALHO_IMG_3248-Foto-Oscar-Rivas-480x380.jpg\" alt='' title='170815-170815_jean_mafra_teatro_alvaro_carvalho_img_3248-foto-oscar-rivas' height=\"380\" width=\"480\"  itemprop=\"thumbnailUrl\" srcset=\"https:\/\/escoladailha.com.br\/portal\/wp-content\/uploads\/2016\/10\/170815-170815_JEAN_MAFRA_TEATRO_ALVARO_CARVALHO_IMG_3248-Foto-Oscar-Rivas-480x380.jpg 480w, https:\/\/escoladailha.com.br\/portal\/wp-content\/uploads\/2016\/10\/170815-170815_JEAN_MAFRA_TEATRO_ALVARO_CARVALHO_IMG_3248-Foto-Oscar-Rivas-232x184.jpg 232w\" sizes=\"(max-width: 480px) 100vw, 480px\" \/><\/div><\/div><\/div><br \/>\n<div  class='avia-image-container  av-styling-    avia-builder-el-5  el_after_av_image  el_before_av_image  avia-align-center '  itemprop=\"image\" itemscope=\"itemscope\" itemtype=\"https:\/\/schema.org\/ImageObject\"  ><div class='avia-image-container-inner'><div class='avia-image-overlay-wrap'><img decoding=\"async\" class='wp-image-3894 avia-img-lazy-loading-not-3894 avia_image' src=\"https:\/\/escoladailha.com.br\/portal\/wp-content\/uploads\/2016\/10\/170815-170815_ESCOLA_DA_ILHA_IMG_3307_FOTO_OSCAR_RIVAS-Foto-Oscar-Rivas-480x380.jpg\" alt='' title='170815-170815_escola_da_ilha_img_3307_foto_oscar_rivas-foto-oscar-rivas' height=\"380\" width=\"480\"  itemprop=\"thumbnailUrl\" srcset=\"https:\/\/escoladailha.com.br\/portal\/wp-content\/uploads\/2016\/10\/170815-170815_ESCOLA_DA_ILHA_IMG_3307_FOTO_OSCAR_RIVAS-Foto-Oscar-Rivas-480x380.jpg 480w, https:\/\/escoladailha.com.br\/portal\/wp-content\/uploads\/2016\/10\/170815-170815_ESCOLA_DA_ILHA_IMG_3307_FOTO_OSCAR_RIVAS-Foto-Oscar-Rivas-232x184.jpg 232w\" sizes=\"(max-width: 480px) 100vw, 480px\" \/><\/div><\/div><\/div><br \/>\n<div  class='avia-image-container  av-styling-    avia-builder-el-6  el_after_av_image  el_before_av_image  avia-align-center '  itemprop=\"image\" itemscope=\"itemscope\" itemtype=\"https:\/\/schema.org\/ImageObject\"  ><div class='avia-image-container-inner'><div class='avia-image-overlay-wrap'><img decoding=\"async\" class='wp-image-3965 avia-img-lazy-loading-not-3965 avia_image' src=\"https:\/\/escoladailha.com.br\/portal\/wp-content\/uploads\/2016\/10\/170815-170815_JEAN_MAFRA_TEATRO_ALVARO_CARVALHO_IMG_3262-Foto-Oscar-Rivas-480x380.jpg\" alt='' title='170815-170815_jean_mafra_teatro_alvaro_carvalho_img_3262-foto-oscar-rivas' height=\"380\" width=\"480\"  itemprop=\"thumbnailUrl\" srcset=\"https:\/\/escoladailha.com.br\/portal\/wp-content\/uploads\/2016\/10\/170815-170815_JEAN_MAFRA_TEATRO_ALVARO_CARVALHO_IMG_3262-Foto-Oscar-Rivas-480x380.jpg 480w, https:\/\/escoladailha.com.br\/portal\/wp-content\/uploads\/2016\/10\/170815-170815_JEAN_MAFRA_TEATRO_ALVARO_CARVALHO_IMG_3262-Foto-Oscar-Rivas-232x184.jpg 232w\" sizes=\"(max-width: 480px) 100vw, 480px\" \/><\/div><\/div><\/div><br \/>\n<div  class='avia-image-container  av-styling-    avia-builder-el-7  el_after_av_image  el_before_av_image  avia-align-center '  itemprop=\"image\" itemscope=\"itemscope\" itemtype=\"https:\/\/schema.org\/ImageObject\"  ><div class='avia-image-container-inner'><div class='avia-image-overlay-wrap'><img decoding=\"async\" class='wp-image-4686 avia-img-lazy-loading-not-4686 avia_image' src=\"https:\/\/escoladailha.com.br\/portal\/wp-content\/uploads\/2016\/10\/240815-240815_ESCOLA_DA_ILHA_IMG_4300_FOTO_OSCAR_RIVAS-Foto-Oscar-Rivas-480x380.jpg\" alt='' title='240815-240815_escola_da_ilha_img_4300_foto_oscar_rivas-foto-oscar-rivas' height=\"380\" width=\"480\"  itemprop=\"thumbnailUrl\" srcset=\"https:\/\/escoladailha.com.br\/portal\/wp-content\/uploads\/2016\/10\/240815-240815_ESCOLA_DA_ILHA_IMG_4300_FOTO_OSCAR_RIVAS-Foto-Oscar-Rivas-480x380.jpg 480w, https:\/\/escoladailha.com.br\/portal\/wp-content\/uploads\/2016\/10\/240815-240815_ESCOLA_DA_ILHA_IMG_4300_FOTO_OSCAR_RIVAS-Foto-Oscar-Rivas-232x184.jpg 232w\" sizes=\"(max-width: 480px) 100vw, 480px\" \/><\/div><\/div><\/div><br \/>\n<div  class='avia-image-container  av-styling-    avia-builder-el-8  el_after_av_image  el_before_av_image  avia-align-center '  itemprop=\"image\" itemscope=\"itemscope\" itemtype=\"https:\/\/schema.org\/ImageObject\"  ><div class='avia-image-container-inner'><div class='avia-image-overlay-wrap'><img decoding=\"async\" class='wp-image-5222 avia-img-lazy-loading-not-5222 avia_image' src=\"https:\/\/escoladailha.com.br\/portal\/wp-content\/uploads\/2016\/12\/IMG_5885-e1481215993847-480x380.jpg\" alt='' title='img_5885' height=\"380\" width=\"480\"  itemprop=\"thumbnailUrl\" srcset=\"https:\/\/escoladailha.com.br\/portal\/wp-content\/uploads\/2016\/12\/IMG_5885-e1481215993847-480x380.jpg 480w, https:\/\/escoladailha.com.br\/portal\/wp-content\/uploads\/2016\/12\/IMG_5885-e1481215993847-232x184.jpg 232w\" sizes=\"(max-width: 480px) 100vw, 480px\" \/><\/div><\/div><\/div><br \/>\n<div  class='avia-image-container  av-styling-    avia-builder-el-9  el_after_av_image  el_before_av_image  avia-align-center '  itemprop=\"image\" itemscope=\"itemscope\" itemtype=\"https:\/\/schema.org\/ImageObject\"  ><div class='avia-image-container-inner'><div class='avia-image-overlay-wrap'><img decoding=\"async\" class='wp-image-4695 avia-img-lazy-loading-not-4695 avia_image' src=\"https:\/\/escoladailha.com.br\/portal\/wp-content\/uploads\/2016\/10\/240815-240815_ESCOLA_DA_ILHA_IMG_4373_FOTO_OSCAR_RIVAS-Foto-Oscar-Rivas-480x320.jpg\" alt='' title='240815-240815_escola_da_ilha_img_4373_foto_oscar_rivas-foto-oscar-rivas' height=\"320\" width=\"480\"  itemprop=\"thumbnailUrl\" srcset=\"https:\/\/escoladailha.com.br\/portal\/wp-content\/uploads\/2016\/10\/240815-240815_ESCOLA_DA_ILHA_IMG_4373_FOTO_OSCAR_RIVAS-Foto-Oscar-Rivas-480x320.jpg 480w, https:\/\/escoladailha.com.br\/portal\/wp-content\/uploads\/2016\/10\/240815-240815_ESCOLA_DA_ILHA_IMG_4373_FOTO_OSCAR_RIVAS-Foto-Oscar-Rivas-1536x1024.jpg 1536w, https:\/\/escoladailha.com.br\/portal\/wp-content\/uploads\/2016\/10\/240815-240815_ESCOLA_DA_ILHA_IMG_4373_FOTO_OSCAR_RIVAS-Foto-Oscar-Rivas.jpg 2000w\" sizes=\"(max-width: 480px) 100vw, 480px\" \/><\/div><\/div><\/div><br \/>\n<div  class='avia-image-container  av-styling-    avia-builder-el-10  el_after_av_image  el_before_av_image  avia-align-center '  itemprop=\"image\" itemscope=\"itemscope\" itemtype=\"https:\/\/schema.org\/ImageObject\"  ><div class='avia-image-container-inner'><div class='avia-image-overlay-wrap'><img decoding=\"async\" class='wp-image-4705 avia-img-lazy-loading-not-4705 avia_image' src=\"https:\/\/escoladailha.com.br\/portal\/wp-content\/uploads\/2016\/10\/240815-240815_ESCOLA_DA_ILHA_IMG_4441_FOTO_OSCAR_RIVAS-Foto-Oscar-Rivas-480x320.jpg\" alt='' title='240815-240815_escola_da_ilha_img_4441_foto_oscar_rivas-foto-oscar-rivas' height=\"320\" width=\"480\"  itemprop=\"thumbnailUrl\" srcset=\"https:\/\/escoladailha.com.br\/portal\/wp-content\/uploads\/2016\/10\/240815-240815_ESCOLA_DA_ILHA_IMG_4441_FOTO_OSCAR_RIVAS-Foto-Oscar-Rivas-480x320.jpg 480w, https:\/\/escoladailha.com.br\/portal\/wp-content\/uploads\/2016\/10\/240815-240815_ESCOLA_DA_ILHA_IMG_4441_FOTO_OSCAR_RIVAS-Foto-Oscar-Rivas-1536x1024.jpg 1536w, https:\/\/escoladailha.com.br\/portal\/wp-content\/uploads\/2016\/10\/240815-240815_ESCOLA_DA_ILHA_IMG_4441_FOTO_OSCAR_RIVAS-Foto-Oscar-Rivas.jpg 2000w\" sizes=\"(max-width: 480px) 100vw, 480px\" \/><\/div><\/div><\/div><br \/>\n<div  class='avia-image-container  av-styling-    avia-builder-el-11  el_after_av_image  el_before_av_image  avia-align-center '  itemprop=\"image\" itemscope=\"itemscope\" itemtype=\"https:\/\/schema.org\/ImageObject\"  ><div class='avia-image-container-inner'><div class='avia-image-overlay-wrap'><img decoding=\"async\" class='wp-image-8294 avia-img-lazy-loading-not-8294 avia_image' src=\"https:\/\/escoladailha.com.br\/portal\/wp-content\/uploads\/2017\/04\/DSC05212-480x380.jpg\" alt='' title='DSC05212' height=\"380\" width=\"480\"  itemprop=\"thumbnailUrl\" srcset=\"https:\/\/escoladailha.com.br\/portal\/wp-content\/uploads\/2017\/04\/DSC05212-480x380.jpg 480w, https:\/\/escoladailha.com.br\/portal\/wp-content\/uploads\/2017\/04\/DSC05212-232x184.jpg 232w\" sizes=\"(max-width: 480px) 100vw, 480px\" \/><\/div><\/div><\/div><br \/>\n<div  class='avia-image-container  av-styling-    avia-builder-el-12  el_after_av_image  avia-builder-el-last  avia-align-center '  itemprop=\"image\" itemscope=\"itemscope\" itemtype=\"https:\/\/schema.org\/ImageObject\"  ><div class='avia-image-container-inner'><div class='avia-image-overlay-wrap'><img decoding=\"async\" class='wp-image-3863 avia-img-lazy-loading-not-3863 avia_image' src=\"https:\/\/escoladailha.com.br\/portal\/wp-content\/uploads\/2016\/10\/030915-030915_GREENVAL_ERVAL_VELHO_IMG_5510_FOTO_OSCAR_RIVAS-Foto-Oscar-Rivas-480x380.jpg\" alt='' title='030915-030915_greenval_erval_velho_img_5510_foto_oscar_rivas-foto-oscar-rivas' height=\"380\" width=\"480\"  itemprop=\"thumbnailUrl\" srcset=\"https:\/\/escoladailha.com.br\/portal\/wp-content\/uploads\/2016\/10\/030915-030915_GREENVAL_ERVAL_VELHO_IMG_5510_FOTO_OSCAR_RIVAS-Foto-Oscar-Rivas-480x380.jpg 480w, https:\/\/escoladailha.com.br\/portal\/wp-content\/uploads\/2016\/10\/030915-030915_GREENVAL_ERVAL_VELHO_IMG_5510_FOTO_OSCAR_RIVAS-Foto-Oscar-Rivas-232x184.jpg 232w\" sizes=\"(max-width: 480px) 100vw, 480px\" \/><\/div><\/div><\/div><\/p><\/div><\/p>\n","protected":false},"excerpt":{"rendered":"","protected":false},"author":1612,"featured_media":0,"parent":8460,"menu_order":49,"comment_status":"closed","ping_status":"closed","template":"","meta":{"_acf_changed":false,"_monsterinsights_skip_tracking":false,"_monsterinsights_sitenote_active":false,"_monsterinsights_sitenote_note":"","_monsterinsights_sitenote_category":0,"footnotes":""},"class_list":["post-9527","page","type-page","status-publish","hentry"],"acf":[],"_links":{"self":[{"href":"https:\/\/escoladailha.com.br\/portal\/wp-json\/wp\/v2\/pages\/9527","targetHints":{"allow":["GET"]}}],"collection":[{"href":"https:\/\/escoladailha.com.br\/portal\/wp-json\/wp\/v2\/pages"}],"about":[{"href":"https:\/\/escoladailha.com.br\/portal\/wp-json\/wp\/v2\/types\/page"}],"author":[{"embeddable":true,"href":"https:\/\/escoladailha.com.br\/portal\/wp-json\/wp\/v2\/users\/1612"}],"replies":[{"embeddable":true,"href":"https:\/\/escoladailha.com.br\/portal\/wp-json\/wp\/v2\/comments?post=9527"}],"version-history":[{"count":2,"href":"https:\/\/escoladailha.com.br\/portal\/wp-json\/wp\/v2\/pages\/9527\/revisions"}],"predecessor-version":[{"id":37943,"href":"https:\/\/escoladailha.com.br\/portal\/wp-json\/wp\/v2\/pages\/9527\/revisions\/37943"}],"up":[{"embeddable":true,"href":"https:\/\/escoladailha.com.br\/portal\/wp-json\/wp\/v2\/pages\/8460"}],"wp:attachment":[{"href":"https:\/\/escoladailha.com.br\/portal\/wp-json\/wp\/v2\/media?parent=9527"}],"curies":[{"name":"wp","href":"https:\/\/api.w.org\/{rel}","templated":true}]}}