{"id":8500,"date":"2017-05-13T21:46:29","date_gmt":"2017-05-14T00:46:29","guid":{"rendered":"https:\/\/escoladailha.com.br\/portal\/?page_id=8500"},"modified":"2026-03-05T19:21:59","modified_gmt":"2026-03-05T22:21:59","slug":"reforco","status":"publish","type":"page","link":"https:\/\/escoladailha.com.br\/portal\/escola\/como_trabalhamos\/reforco\/","title":{"rendered":"Refor\u00e7o pedag\u00f3gico"},"content":{"rendered":"<div class=\"flex_column av_two_third  flex_column_div av-zero-column-padding first  avia-builder-el-0  el_before_av_one_third  avia-builder-el-first  \" style='border-radius:0px; '><section class=\"av_textblock_section \"  itemscope=\"itemscope\" itemtype=\"https:\/\/schema.org\/CreativeWork\" ><div class='avia_textblock  '   itemprop=\"text\" ><h3><span style=\"color: #ff0000;\">REFOR\u00c7O PEDAG\u00d3GICO<\/span><\/h3>\n<p>A necessidade de refor\u00e7o extraclasse revela-se de diversas formas e deve, portanto, ser tratada de acordo com cada situa\u00e7\u00e3o.<\/p>\n<p>Em todas as s\u00e9ries e todas as disciplinas, os professores da Escola devem, nas primeiras semanas de aula, avaliar se os alunos det\u00eam\u00a0os conhecimentos e as habilidades necess\u00e1rias\u00a0para acompanhar o conte\u00fado e as atividades programadas para o ano. Trata-se de estabelecer um\u00a0diagn\u00f3stico de cada aluno, determinando as eventuais lacunas existentes. Esse diagn\u00f3stico aponta para as solu\u00e7\u00f5es dos problemas.<\/p>\n<p>Quando as lacunas s\u00e3o individuais e pontuais, a Escola pode agendar com os alunos hor\u00e1rios de assist\u00eancia. Quando necess\u00e1rio, em casos excepcionais, pode-se propor a busca de atividades de refor\u00e7o com professores particulares.<\/p>\n<p>Em alguns casos, sobretudo quando h\u00e1 lacunas\u00a0coletivas, o professor pode adequar o\u00a0seu programa e suas metodologias de trabalho, de forma\u00a0a assegurar o preenchimento destas lacunas.<\/p>\n<p>Mas,\u00a0pode ocorrer que existam defici\u00eancias coletivas mais profundas, que exijam\u00a0um trabalho mais demorado, que n\u00e3o pode ser realizado durante\u00a0as aulas normais, pois\u00a0prejudicariam o andamento normal do programa da disciplina. Nesses casos, a Escola prop\u00f5e a realiza\u00e7\u00e3o de\u00a0oficinas de refor\u00e7o espec\u00edficas, fora do hor\u00e1rio das aulas.<\/p>\n<p>O Clube da leitura tem por finalidade assistir aos alunos do 2\u00b0 e 3\u00b0 anos, de uma forma mais individualizada, auxiliando-os no processo \u201cfinal\u201d da alfabetiza\u00e7\u00e3o.<\/p>\n<p>No Ensino M\u00e9dio, adotamos uma estrat\u00e9gia de refor\u00e7o que complementa o trabalho organizado a partir do material did\u00e1tico do Sistema Poliedro, com os <strong>plant\u00f5es de d\u00favidas<\/strong>, que permitem aos alunos suprir lacunas \u00e0 medida em que v\u00e3o surgindo, evitando assim o surgimento de dificuldades\u00a0de acompanhamento do conte\u00fado das aulas. Al\u00e9m disso, uma aula extracurricular de atualidades voltada para o ENEM \u00e9 oferecida na 3\u00aa\u00a0s\u00e9rie.<\/p>\n<p>Outras oficinas podem ser propostas, caso os diagn\u00f3sticos realizados apontem para esta necessidade.<\/p>\n<\/div><\/section><\/div><div class=\"flex_column av_one_third  flex_column_div av-zero-column-padding   avia-builder-el-2  el_after_av_two_third  avia-builder-el-last  \" style='border-radius:0px; '><section class=\"av_textblock_section \"  itemscope=\"itemscope\" itemtype=\"https:\/\/schema.org\/CreativeWork\" ><div class='avia_textblock  '   itemprop=\"text\" >\n<\/div><\/section><\/div><\/p>\n","protected":false},"excerpt":{"rendered":"","protected":false},"author":1612,"featured_media":0,"parent":8460,"menu_order":90,"comment_status":"closed","ping_status":"closed","template":"","meta":{"_acf_changed":false,"_monsterinsights_skip_tracking":false,"_monsterinsights_sitenote_active":false,"_monsterinsights_sitenote_note":"","_monsterinsights_sitenote_category":0,"footnotes":""},"class_list":["post-8500","page","type-page","status-publish","hentry"],"acf":[],"_links":{"self":[{"href":"https:\/\/escoladailha.com.br\/portal\/wp-json\/wp\/v2\/pages\/8500","targetHints":{"allow":["GET"]}}],"collection":[{"href":"https:\/\/escoladailha.com.br\/portal\/wp-json\/wp\/v2\/pages"}],"about":[{"href":"https:\/\/escoladailha.com.br\/portal\/wp-json\/wp\/v2\/types\/page"}],"author":[{"embeddable":true,"href":"https:\/\/escoladailha.com.br\/portal\/wp-json\/wp\/v2\/users\/1612"}],"replies":[{"embeddable":true,"href":"https:\/\/escoladailha.com.br\/portal\/wp-json\/wp\/v2\/comments?post=8500"}],"version-history":[{"count":2,"href":"https:\/\/escoladailha.com.br\/portal\/wp-json\/wp\/v2\/pages\/8500\/revisions"}],"predecessor-version":[{"id":37963,"href":"https:\/\/escoladailha.com.br\/portal\/wp-json\/wp\/v2\/pages\/8500\/revisions\/37963"}],"up":[{"embeddable":true,"href":"https:\/\/escoladailha.com.br\/portal\/wp-json\/wp\/v2\/pages\/8460"}],"wp:attachment":[{"href":"https:\/\/escoladailha.com.br\/portal\/wp-json\/wp\/v2\/media?parent=8500"}],"curies":[{"name":"wp","href":"https:\/\/api.w.org\/{rel}","templated":true}]}}