{"id":5349,"date":"2016-12-18T16:50:27","date_gmt":"2016-12-18T18:50:27","guid":{"rendered":"https:\/\/escoladailha.com.br\/portal\/?page_id=5349"},"modified":"2017-06-06T13:06:59","modified_gmt":"2017-06-06T16:06:59","slug":"alfabetizacao","status":"publish","type":"page","link":"https:\/\/escoladailha.com.br\/portal\/escola\/como_trabalhamos\/alfabetizacao\/","title":{"rendered":"Alfabetiza\u00e7\u00e3o"},"content":{"rendered":"<div class=\"flex_column av_two_third  flex_column_div av-zero-column-padding first  avia-builder-el-0  el_before_av_one_third  avia-builder-el-first  \" style='border-radius:0px; '><section class=\"av_textblock_section \"  itemscope=\"itemscope\" itemtype=\"https:\/\/schema.org\/CreativeWork\" ><div class='avia_textblock  '   itemprop=\"text\" ><h3>A ALFABETIZA\u00c7\u00c3O<\/h3>\n<p>A alfabetiza\u00e7\u00e3o \u00e9 um longo processo de aprendizado que deve, na sua conclus\u00e3o, permitir que a\u00a0crian\u00e7a seja capaz de ler e entender\u00a0o conte\u00fado de textos complexos, bem como escrever textos tamb\u00e9m complexos de diferentes tipos.<\/p>\n<p>Trata-se de um processo longo, que envolve\u00a0a aquisi\u00e7\u00e3o de v\u00e1rias habilidades e depende de v\u00e1rios fatores, em particular do desenvolvimento do metabolismo de cada aluno.<\/p>\n<p>\u00c9 por volta dos 6 anos de idade que a mielina come\u00e7a a se acumular nas partes do c\u00e9rebro envolvidas no desenvolvimento da linguagem e do pensamento abstrato. A mielina \u00e9 uma prote\u00edna que\u00a0envolve as membranas do tecido nervoso, em particular nas ramifica\u00e7\u00f5es que estabelecem as conex\u00f5es entre neur\u00f4nios,\u00a0permitindo uma condu\u00e7\u00e3o mais r\u00e1pida e eficaz dos impulsos nervosos. Essa \u00e9 uma\u00a0condi\u00e7\u00e3o imprescind\u00edvel para o desenvolvimento da capacidade de abstra\u00e7\u00e3o, e portanto, da capacidade de ler e escrever.<\/p>\n<p>Por essa raz\u00e3o, alguns alunos se alfabetizam naturalmente muito cedo, outros s\u00f3 aos 7 anos, n\u00e3o em raz\u00e3o de maior ou menor intelig\u00eancia, mas em raz\u00e3o de diferen\u00e7as na evolu\u00e7\u00e3o de seu metabolismo, de graus de &#8220;maturidade&#8221; diferentes.<\/p>\n<p>\u00c9 importante saber que o processo \u00e9 lento e passa por diversas etapas, nas quais a crian\u00e7a\u00a0vai elaborando hip\u00f3teses sobre a representa\u00e7\u00e3o lingu\u00edstica (das frases, das palavras), testando essas hip\u00f3teses e, uma vez adquirida uma habilidade ou um conhecimento, elaborando novas hip\u00f3teses e testando-as novamente.<\/p>\n<p>Muito cedo, a crian\u00e7a aprende a copiar seu nome por escrito.\u00a0Trata-se apenas, no in\u00edcio, de memorizar e reproduzir o desenho das letras, de forma mec\u00e2nica (imita\u00e7\u00e3o), n\u00e3o da escrita, no sentido exato da palavra.<\/p>\n<p>Com o tempo, a crian\u00e7a se torna capaz de\u00a0elaborar hip\u00f3teses de interpreta\u00e7\u00e3o sobre as letras, s\u00edlabas ou palavras com as quais tem contato (capacidade de abstra\u00e7\u00e3o, de atribui\u00e7\u00e3o de significados). Do teste destas hip\u00f3teses, da confronta\u00e7\u00e3o constante com o mundo da escrita, do exerc\u00edcio da leitura e da escrita, ela vai construindo progressivamente a capacidade de reconhecer palavras, s\u00edlabas e letras, entende-las e reproduzi-las.<\/p>\n<p>Assim se desenvolve a capacidade de ler e escrever palavras, depois pequenas frases, depois senten\u00e7as mais complexas e, por fim, textos coerentes e mais longos, nos seus diferentes tipos.<\/p>\n<p>Nosso c\u00e9rebro nasce preparado para ler em qualquer sentido, de cima para baixo e da esquerda para a direita, ou nos sentidos inversos, como o fazem v\u00e1rios povos (asi\u00e1ticos, \u00e1rabes, entre outros). O sentido da escrita n\u00e3o um dado natural, \u00e9 uma conven\u00e7\u00e3o, um \u201ccombinado&#8221; definido de forma diferente em algum momento da hist\u00f3ria de cada povo. Por isso, a escrita com letra invertida ou a escrita espelhada \u00e9 muito comum e perfeitamente natural. Para uma crian\u00e7a de 5 anos, n\u00e3o est\u00e1 totalmente errado escrever B$LO, em vez de BELO, ou op\u0131\u0287\u0279\u01dd\u028cu\u0131 no lugar de invertido.<\/p>\n<p>Progressivamente, a crian\u00e7a vai compreendendo a fun\u00e7\u00e3o social da escrita e descobrindo as regras da representa\u00e7\u00e3o adotadas pela sociedade na qual vive (os ideogramas chineses ou o alfabeto romano que adotamos).<\/p>\n<p>O processo n\u00e3o \u00e9, portanto, linear, nem depende exclusivamente do trabalho do professor.<\/p>\n<p>Desde o in\u00edcio do Infantil, nosso programa vai lan\u00e7ando as bases para esse processo, sobretudo pela familiariza\u00e7\u00e3o com os s\u00edmbolos: os avisos nas paredes, o nome dos alunos em suas cadeiras, os desenhos da tabela de rotinas semanais, o reconhecimento das letras do nome, etc. N\u00e3o procuramos for\u00e7ar o processo, apenas dar est\u00edmulos e auxiliar os alunos em suas descobertas. Em muitos casos, de forma espont\u00e2nea, as turmas de 5 anos (Infantil D1), j\u00e1 confrontadas \u00e0 linguagem escrita h\u00e1 algum tempo, iniciam o processo de alfabetiza\u00e7\u00e3o e muitos alunos concluem o ano j\u00e1 escrevendo pequenas frases.<\/p>\n<p>O esfor\u00e7o program\u00e1tico da Escola para a alfabetiza\u00e7\u00e3o come\u00e7a, de forma mais estruturada e efetiva, no 1\u00ba\u00a0ano, mas \u00e9 ao longo do 2\u00ba ano que espera-se a consolida\u00e7\u00e3o desse aprendizado, com a aquisi\u00e7\u00e3o da capacidade de ler e interpretar textos mais longos (literatura infantil e outras formas de escrita simples) e de escrever frases simples, mas completas e claras.<\/p>\n<p>\u00c9 o que chamamos de \u201cletramento\u201d, de &#8220;alfabetiza\u00e7\u00e3o funcional\u201d, compet\u00eancia que vai ser consolidada ao longo de todas as fases seguintes do aprendizado, com a capacidade de ler e escrever textos cada vez mais complexos, das mais variadas formas, dos bilhetes aos v\u00e1rios estilos de fic\u00e7\u00e3o (prosa, poesia), passando pelas reda\u00e7\u00f5es e as respostas dissertativas nas provas, pelas diferentes formas de correspond\u00eancia, pelos textos administrativos, etc.<\/p>\n<p><strong>\u00a0<\/strong><\/p>\n<\/div><\/section><\/div><div class=\"flex_column av_one_third  flex_column_div av-zero-column-padding   avia-builder-el-2  el_after_av_two_third  avia-builder-el-last  \" style='border-radius:0px; '><\/div><\/p>\n","protected":false},"excerpt":{"rendered":"","protected":false},"author":1612,"featured_media":0,"parent":8460,"menu_order":94,"comment_status":"closed","ping_status":"closed","template":"","meta":{"_acf_changed":false,"_monsterinsights_skip_tracking":false,"_monsterinsights_sitenote_active":false,"_monsterinsights_sitenote_note":"","_monsterinsights_sitenote_category":0,"footnotes":""},"class_list":["post-5349","page","type-page","status-publish","hentry"],"acf":[],"_links":{"self":[{"href":"https:\/\/escoladailha.com.br\/portal\/wp-json\/wp\/v2\/pages\/5349","targetHints":{"allow":["GET"]}}],"collection":[{"href":"https:\/\/escoladailha.com.br\/portal\/wp-json\/wp\/v2\/pages"}],"about":[{"href":"https:\/\/escoladailha.com.br\/portal\/wp-json\/wp\/v2\/types\/page"}],"author":[{"embeddable":true,"href":"https:\/\/escoladailha.com.br\/portal\/wp-json\/wp\/v2\/users\/1612"}],"replies":[{"embeddable":true,"href":"https:\/\/escoladailha.com.br\/portal\/wp-json\/wp\/v2\/comments?post=5349"}],"version-history":[{"count":0,"href":"https:\/\/escoladailha.com.br\/portal\/wp-json\/wp\/v2\/pages\/5349\/revisions"}],"up":[{"embeddable":true,"href":"https:\/\/escoladailha.com.br\/portal\/wp-json\/wp\/v2\/pages\/8460"}],"wp:attachment":[{"href":"https:\/\/escoladailha.com.br\/portal\/wp-json\/wp\/v2\/media?parent=5349"}],"curies":[{"name":"wp","href":"https:\/\/api.w.org\/{rel}","templated":true}]}}