{"id":4930,"date":"2016-11-06T20:56:15","date_gmt":"2016-11-06T22:56:15","guid":{"rendered":"https:\/\/escoladailha.com.br\/portal\/?page_id=4930"},"modified":"2025-02-05T19:02:49","modified_gmt":"2025-02-05T22:02:49","slug":"cantina","status":"publish","type":"page","link":"https:\/\/escoladailha.com.br\/portal\/escola\/cantina\/","title":{"rendered":"Cantina"},"content":{"rendered":"<div class=\"flex_column av_two_third  flex_column_div av-zero-column-padding first  avia-builder-el-0  el_before_av_one_third  avia-builder-el-first  \" style='border-radius:0px; '><section class=\"av_textblock_section \"  itemscope=\"itemscope\" itemtype=\"https:\/\/schema.org\/CreativeWork\" ><div class='avia_textblock  '   itemprop=\"text\" ><h3><span style=\"color: #ff0000;\">CANTINA<\/span><\/h3>\n<p>A cantina da Escola da Ilha \u00e9 mantida por uma empresa que gerencia cantinas em v\u00e1rias escolas de Florian\u00f3polis. Trata-se da MEU INTERVALO, gerenciada pelo Alexandre (Al\u00ea).<\/p>\n<p>Nos hor\u00e1rios de intervalo, a cantina fornece salgados assados, sandu\u00edches variados, inclusive sandu\u00edches naturais, sucos naturais, sucos de polpa congelada ou industrializados.\u00a0N\u00e3o s\u00e3o servidos refrigerantes, nem produtos proibidos por legisla\u00e7\u00e3o para venda em cantinas escolares. Os salgados, produzidos diariamente, s\u00e3o assados.<\/p>\n<p>A Meu Intervalo oferece, tamb\u00e9m, sob encomenda, almo\u00e7o (com suco 100% integral) e lanche coletivo dos alunos do Infantil ao 1\u00ba ano do Fundamental.<\/p>\n<p>A Cantina Meu Intervalo oferece diversas formas de pagamento para facilitar o consumo dos alunos:<\/p>\n<ul>\n<li>Cart\u00e3o de D\u00e9bito<\/li>\n<li>Cart\u00e3o de Cr\u00e9dito<\/li>\n<li>Pagamento em Dinheiro<\/li>\n<li>conta no aplicativo\u00a0LANCHECARD.<\/li>\n<\/ul>\n<p>O aplicativo LANCHECARD, que funciona como uma conta pr\u00e9 paga e facilita a gest\u00e3o das compras e o acompanhamento dos gastos pelos pais e alunos. Leia, abaixo, como baix\u00e1-lo e ativ\u00e1-lo. A manuten\u00e7\u00e3o desta conta tem o custo de R$ 1,00.<\/p>\n<p>Para maiores informa\u00e7\u00f5es, entrem em contato com o Alexandre:<br \/>\nWhatsApp +55(48)991255545<br \/>\ne-mail <a href=\"meuintervalofloripa@gmail.com\">meuintervalofloripa@gmail.com<\/a><\/p>\n<p style=\"text-align: left;\"><strong>Instru\u00e7\u00f5es para cadastro e utiliza\u00e7\u00e3o app\u00a0LANCHECARD:<\/strong><\/p>\n<ol>\n<li>Baixar o app na sua loja de aplicativos (Android e iOs).<\/li>\n<li>Informar o c\u00f3digo de ativa\u00e7\u00e3o (utilizar a\u00a0letra &#8220;O&#8221;): <strong>JY3OA<\/strong><\/li>\n<li>Efetuar o cadastro de respons\u00e1vel e dependente(s).<\/li>\n<li>Escolher a op\u00e7\u00e3o ESCOLA DA ILHA.<\/li>\n<li>Finalizado o cadastro a Cantina ser\u00e1 notificada para libera\u00e7\u00e3o.<\/li>\n<li>Ap\u00f3s a libera\u00e7\u00e3o a conta est\u00e1 apta para receber o cr\u00e9dito inicial.<\/li>\n<\/ol>\n<p style=\"text-align: center;\"><strong>Links para baixar o app<\/strong>:<\/p>\n<p><a href=\"https:\/\/play.google.com\/store\/apps\/details?id=com.lanchecardmilenium\">Link para Android<\/a><\/p>\n<p><a href=\"https:\/\/apps.apple.com\/br\/app\/lanchecard-milenium\/id6450911093\">Link para iOS<\/a><\/p>\n<\/div><\/section><\/div>\n<div class=\"flex_column av_one_third  flex_column_div av-zero-column-padding   avia-builder-el-2  el_after_av_two_third  avia-builder-el-last  \" style='border-radius:0px; '><section class=\"av_textblock_section \"  itemscope=\"itemscope\" itemtype=\"https:\/\/schema.org\/CreativeWork\" ><div class='avia_textblock  '   itemprop=\"text\" ><div id='gallery-1' class='gallery galleryid-4930 gallery-columns-3 gallery-size-sidegal'><div class=\"sidegal_wrap isotope\"><div class='gallery-item' item_id='35615'><div class='gallery-item-inner'>\n\t\t\t<div class='gallery-icon landscape'>\n\t\t \t\t<a href=\"https:\/\/escoladailha.com.br\/portal\/wp-content\/uploads\/2025\/02\/meu-intervalo.jpg\"><img loading=\"lazy\" decoding=\"async\" width=\"240\" height=\"190\" src=\"https:\/\/escoladailha.com.br\/portal\/wp-content\/uploads\/2025\/02\/meu-intervalo-480x380.jpg\" class=\"attachment-sidegal size-sidegal\" alt=\"\" srcset=\"https:\/\/escoladailha.com.br\/portal\/wp-content\/uploads\/2025\/02\/meu-intervalo-480x380.jpg 480w, https:\/\/escoladailha.com.br\/portal\/wp-content\/uploads\/2025\/02\/meu-intervalo-232x184.jpg 232w\" sizes=\"auto, (max-width: 480px) 100vw, 480px\" \/><\/a>\n\t\t \t<\/div><\/div><\/div><\/div><div style=\"clear: both\"><\/div><div class=\"thumbnail_wrap isotope\"><div class='gallery-item' item_id='35615'><div class='gallery-item-inner'>\n\t\t\t<div class='gallery-icon landscape'>\n\t\t \t\t<a href=\"https:\/\/escoladailha.com.br\/portal\/wp-content\/uploads\/2025\/02\/meu-intervalo.jpg\"><img loading=\"lazy\" decoding=\"async\" width=\"57\" height=\"57\" src=\"https:\/\/escoladailha.com.br\/portal\/wp-content\/uploads\/2025\/02\/meu-intervalo-114x114.jpg\" class=\"attachment-thumbnail size-thumbnail\" alt=\"\" srcset=\"https:\/\/escoladailha.com.br\/portal\/wp-content\/uploads\/2025\/02\/meu-intervalo-114x114.jpg 114w, https:\/\/escoladailha.com.br\/portal\/wp-content\/uploads\/2025\/02\/meu-intervalo-480x478.jpg 480w, https:\/\/escoladailha.com.br\/portal\/wp-content\/uploads\/2025\/02\/meu-intervalo-36x36.jpg 36w, https:\/\/escoladailha.com.br\/portal\/wp-content\/uploads\/2025\/02\/meu-intervalo.jpg 987w\" sizes=\"auto, (max-width: 114px) 100vw, 114px\" \/><\/a>\n\t\t \t<\/div><\/div><\/div><\/div><div style=\"clear: both\"><\/div>\n\t\t<\/div>\n\n<\/div><\/section><\/div>\n","protected":false},"excerpt":{"rendered":"","protected":false},"author":1612,"featured_media":0,"parent":1892,"menu_order":59,"comment_status":"closed","ping_status":"closed","template":"","meta":{"_acf_changed":false,"_monsterinsights_skip_tracking":false,"_monsterinsights_sitenote_active":false,"_monsterinsights_sitenote_note":"","_monsterinsights_sitenote_category":0,"footnotes":""},"class_list":["post-4930","page","type-page","status-publish","hentry"],"acf":[],"_links":{"self":[{"href":"https:\/\/escoladailha.com.br\/portal\/wp-json\/wp\/v2\/pages\/4930","targetHints":{"allow":["GET"]}}],"collection":[{"href":"https:\/\/escoladailha.com.br\/portal\/wp-json\/wp\/v2\/pages"}],"about":[{"href":"https:\/\/escoladailha.com.br\/portal\/wp-json\/wp\/v2\/types\/page"}],"author":[{"embeddable":true,"href":"https:\/\/escoladailha.com.br\/portal\/wp-json\/wp\/v2\/users\/1612"}],"replies":[{"embeddable":true,"href":"https:\/\/escoladailha.com.br\/portal\/wp-json\/wp\/v2\/comments?post=4930"}],"version-history":[{"count":4,"href":"https:\/\/escoladailha.com.br\/portal\/wp-json\/wp\/v2\/pages\/4930\/revisions"}],"predecessor-version":[{"id":35620,"href":"https:\/\/escoladailha.com.br\/portal\/wp-json\/wp\/v2\/pages\/4930\/revisions\/35620"}],"up":[{"embeddable":true,"href":"https:\/\/escoladailha.com.br\/portal\/wp-json\/wp\/v2\/pages\/1892"}],"wp:attachment":[{"href":"https:\/\/escoladailha.com.br\/portal\/wp-json\/wp\/v2\/media?parent=4930"}],"curies":[{"name":"wp","href":"https:\/\/api.w.org\/{rel}","templated":true}]}}