{"id":4306,"date":"2016-10-24T17:45:34","date_gmt":"2016-10-24T19:45:34","guid":{"rendered":"https:\/\/escoladailha.com.br\/portal\/?page_id=4306"},"modified":"2017-06-06T11:45:46","modified_gmt":"2017-06-06T14:45:46","slug":"olimpiadas-de-historia","status":"publish","type":"page","link":"https:\/\/escoladailha.com.br\/portal\/escola\/cursos\/ensino-medio\/olimpiadas-de-historia\/","title":{"rendered":"Atualidades e olimp\u00edadas de hist\u00f3ria"},"content":{"rendered":"<div class=\"flex_column av_two_third  flex_column_div av-zero-column-padding first  avia-builder-el-0  el_before_av_one_third  avia-builder-el-first  \" style='border-radius:0px; '><section class=\"av_textblock_section \"  itemscope=\"itemscope\" itemtype=\"https:\/\/schema.org\/CreativeWork\" ><div class='avia_textblock  '   itemprop=\"text\" ><h3><span style=\"color: #ff0000;\">Atualidades\u00a0e\u00a0Olimp\u00edadas\u00a0de Hist\u00f3ria<\/span><\/h3>\n<p>Duas atividades complementares organizadas merecem destaque, pois auxiliam os alunos na prepara\u00e7\u00e3o do ENEM e, muito al\u00e9m, na sua forma\u00e7\u00e3o intelectual e pessoal: aulas de atualidades e olimp\u00edadas de hist\u00f3ria.<\/p>\n<h5>\u00a0ATUALIDADES E INTERDISCIPLINARIDADE PARA O ENEM<\/h5>\n<p>\u00c9 conhecido: o ENEM tem, nas suas quest\u00f5es objetivas e na reda\u00e7\u00e3o, um enfoque interdisciplinar, que exige do aluno a habilidade de cruzamento de conhecimento das v\u00e1rias disciplinas, a capacidade de relacionar fatos hist\u00f3ricos, com conhecimentos cient\u00edficos e informa\u00e7\u00f5es do nosso cotidiano. \u00c9 poss\u00edvel em um enunciado de f\u00edsica, que o aluno tenha que demonstrar conhecimentos de hist\u00f3ria, por exemplo sobre o contexto do desenvolvimento da tecnologia nuclear durante a Segunda Guerra Mundial, ou nos conflitos do Mar da China entre Cor\u00e9ia do Norte e pa\u00edses ocidentais.<\/p>\n<p>Para auxiliar os alunos nessa prepara\u00e7\u00e3o,\u00a0organizamos aulas semanais, coordenadas pelo professor Oto Luna<span style=\"color: #000000;\">, fo<\/span>cadas em fatos marcantes de nossa hist\u00f3ria e nos principais temas de atualidade que podem ser abordados no ENEM, seja nas quest\u00f5es objetivas, seja na reda\u00e7\u00e3o.<\/p>\n<h5>OL\u00cdMPIADAS DE HIST\u00d3RIA<\/h5>\n<p>As <a href=\"https:\/\/www.olimpiadadehistoria.com.br\" target=\"_blank\" rel=\"noopener noreferrer\">Olimp\u00edadas Nacionais de Hist\u00f3ria do Brasil <\/a>s\u00e3o organizadas anualmente pelo Departamento de Hist\u00f3ria da UNICAMP, Universidade de Campinas, SP.<\/p>\n<p>As escolas podem organizar v\u00e1rias equipes de 4 ou 5 alunos. As primeiras etapas eliminat\u00f3rias s\u00e3o realizadas pela internet. Durante uma semana, os alunos devem responder a perguntas formuladas pelos organizadores.<\/p>\n<p>As duas \u00faltimas etapas s\u00e3o\u00a0realizadas em Campinas.<\/p>\n<p>Sob a coordena\u00e7\u00e3o da professora Michelle Moraes,\u00a0de Hist\u00f3ria, os alunos obtiveram excelentes resultados, pois a Escola\u00a0teve equipes nas duas \u00faltimas finais, em Campinas, nas quais pouqu\u00edssimas escolas de Santa Catarina estavam presentes.<\/p>\n<p>Essa participa\u00e7\u00e3o exige dos alunos muito estudo, sobre diferentes aspectos da hist\u00f3ria do Brasil e do mundo, al\u00e9m de uma intensa colabora\u00e7\u00e3o no interior das equipes.<\/p>\n<\/div><\/section><\/div><div class=\"flex_column av_one_third  flex_column_div av-zero-column-padding   avia-builder-el-2  el_after_av_two_third  avia-builder-el-last  \" style='border-radius:0px; '><section class=\"av_textblock_section \"  itemscope=\"itemscope\" itemtype=\"https:\/\/schema.org\/CreativeWork\" ><div class='avia_textblock  '   itemprop=\"text\" ><div id='gallery-1' class='gallery galleryid-4306 gallery-columns-3 gallery-size-sidegal'><div class=\"sidegal_wrap isotope\"><div class='gallery-item' item_id='7904'><div class='gallery-item-inner'>\n\t\t\t<div class='gallery-icon landscape'>\n\t\t \t\t<a href=\"https:\/\/escoladailha.com.br\/portal\/wp-content\/uploads\/2017\/03\/12311242_1155336854494013_4666497463272976656_n.jpg\"><img loading=\"lazy\" decoding=\"async\" width=\"240\" height=\"190\" src=\"https:\/\/escoladailha.com.br\/portal\/wp-content\/uploads\/2017\/03\/12311242_1155336854494013_4666497463272976656_n.jpg\" class=\"attachment-sidegal size-sidegal\" alt=\"\" aria-describedby=\"gallery-1-7904\" \/><\/a>\n\t\t \t<\/div>\n\t\t\t\t<div class='wp-caption-text gallery-caption' id='gallery-1-7904'>\n\t\t\t\tEquipe da Escola da Ilha em Campinas, em 2016.\n\t\t\t\t<\/div><\/div><\/div><div class='gallery-item' item_id='7907'><div class='gallery-item-inner'>\n\t\t\t<div class='gallery-icon landscape'>\n\t\t \t\t<a href=\"https:\/\/escoladailha.com.br\/portal\/wp-content\/uploads\/2017\/03\/14060224_407412602760999_1920497353_o.jpg\"><img loading=\"lazy\" decoding=\"async\" width=\"240\" height=\"190\" src=\"https:\/\/escoladailha.com.br\/portal\/wp-content\/uploads\/2017\/03\/14060224_407412602760999_1920497353_o-480x380.jpg\" class=\"attachment-sidegal size-sidegal\" alt=\"\" aria-describedby=\"gallery-1-7907\" srcset=\"https:\/\/escoladailha.com.br\/portal\/wp-content\/uploads\/2017\/03\/14060224_407412602760999_1920497353_o-480x380.jpg 480w, https:\/\/escoladailha.com.br\/portal\/wp-content\/uploads\/2017\/03\/14060224_407412602760999_1920497353_o-232x184.jpg 232w\" sizes=\"auto, (max-width: 480px) 100vw, 480px\" \/><\/a>\n\t\t \t<\/div>\n\t\t\t\t<div class='wp-caption-text gallery-caption' id='gallery-1-7907'>\n\t\t\t\tOlimp\u00eeada de Hist\u00f3ria 2016\n\t\t\t\t<\/div><\/div><\/div><div class='gallery-item' item_id='8853'><div class='gallery-item-inner'>\n\t\t\t<div class='gallery-icon landscape'>\n\t\t \t\t<a href=\"https:\/\/escoladailha.com.br\/portal\/wp-content\/uploads\/2016\/10\/17973832_1501057529926579_5831696871590658285_o-2010x1501.jpg\"><img loading=\"lazy\" decoding=\"async\" width=\"240\" height=\"190\" src=\"https:\/\/escoladailha.com.br\/portal\/wp-content\/uploads\/2016\/10\/17973832_1501057529926579_5831696871590658285_o-480x380.jpg\" class=\"attachment-sidegal size-sidegal\" alt=\"\" aria-describedby=\"gallery-1-8853\" srcset=\"https:\/\/escoladailha.com.br\/portal\/wp-content\/uploads\/2016\/10\/17973832_1501057529926579_5831696871590658285_o-480x380.jpg 480w, https:\/\/escoladailha.com.br\/portal\/wp-content\/uploads\/2016\/10\/17973832_1501057529926579_5831696871590658285_o-232x184.jpg 232w\" sizes=\"auto, (max-width: 480px) 100vw, 480px\" \/><\/a>\n\t\t \t<\/div>\n\t\t\t\t<div class='wp-caption-text gallery-caption' id='gallery-1-8853'>\n\t\t\t\tPrepara\u00e7\u00e3o das equipes para a edi\u00e7\u00e3o de 2017\n\t\t\t\t<\/div><\/div><\/div><div class='gallery-item' item_id='8854'><div class='gallery-item-inner'>\n\t\t\t<div class='gallery-icon landscape'>\n\t\t \t\t<a href=\"https:\/\/escoladailha.com.br\/portal\/wp-content\/uploads\/2016\/10\/17990184_1501057549926577_8663883925635660698_o-2010x1131.jpg\"><img loading=\"lazy\" decoding=\"async\" width=\"240\" height=\"190\" src=\"https:\/\/escoladailha.com.br\/portal\/wp-content\/uploads\/2016\/10\/17990184_1501057549926577_8663883925635660698_o-480x380.jpg\" class=\"attachment-sidegal size-sidegal\" alt=\"\" srcset=\"https:\/\/escoladailha.com.br\/portal\/wp-content\/uploads\/2016\/10\/17990184_1501057549926577_8663883925635660698_o-480x380.jpg 480w, https:\/\/escoladailha.com.br\/portal\/wp-content\/uploads\/2016\/10\/17990184_1501057549926577_8663883925635660698_o-232x184.jpg 232w\" sizes=\"auto, (max-width: 480px) 100vw, 480px\" \/><\/a>\n\t\t \t<\/div><\/div><\/div><div class='gallery-item' item_id='8855'><div class='gallery-item-inner'>\n\t\t\t<div class='gallery-icon landscape'>\n\t\t \t\t<a href=\"https:\/\/escoladailha.com.br\/portal\/wp-content\/uploads\/2016\/10\/17991359_1501057503259915_4994611509173708713_o-2010x1131.jpg\"><img loading=\"lazy\" decoding=\"async\" width=\"240\" height=\"190\" src=\"https:\/\/escoladailha.com.br\/portal\/wp-content\/uploads\/2016\/10\/17991359_1501057503259915_4994611509173708713_o-480x380.jpg\" class=\"attachment-sidegal size-sidegal\" alt=\"\" srcset=\"https:\/\/escoladailha.com.br\/portal\/wp-content\/uploads\/2016\/10\/17991359_1501057503259915_4994611509173708713_o-480x380.jpg 480w, https:\/\/escoladailha.com.br\/portal\/wp-content\/uploads\/2016\/10\/17991359_1501057503259915_4994611509173708713_o-232x184.jpg 232w\" sizes=\"auto, (max-width: 480px) 100vw, 480px\" \/><\/a>\n\t\t \t<\/div><\/div><\/div><div class='gallery-item' item_id='8859'><div class='gallery-item-inner'>\n\t\t\t<div class='gallery-icon landscape'>\n\t\t \t\t<a href=\"https:\/\/escoladailha.com.br\/portal\/wp-content\/uploads\/2016\/10\/DSC05674-2010x1508.jpg\"><img loading=\"lazy\" decoding=\"async\" width=\"240\" height=\"190\" src=\"https:\/\/escoladailha.com.br\/portal\/wp-content\/uploads\/2016\/10\/DSC05674-480x380.jpg\" class=\"attachment-sidegal size-sidegal\" alt=\"\" srcset=\"https:\/\/escoladailha.com.br\/portal\/wp-content\/uploads\/2016\/10\/DSC05674-480x380.jpg 480w, https:\/\/escoladailha.com.br\/portal\/wp-content\/uploads\/2016\/10\/DSC05674-232x184.jpg 232w\" sizes=\"auto, (max-width: 480px) 100vw, 480px\" \/><\/a>\n\t\t \t<\/div><\/div><\/div><div class='gallery-item' item_id='8861'><div class='gallery-item-inner'>\n\t\t\t<div class='gallery-icon landscape'>\n\t\t \t\t<a href=\"https:\/\/escoladailha.com.br\/portal\/wp-content\/uploads\/2016\/10\/DSC05681-2010x1508.jpg\"><img loading=\"lazy\" decoding=\"async\" width=\"240\" height=\"190\" src=\"https:\/\/escoladailha.com.br\/portal\/wp-content\/uploads\/2016\/10\/DSC05681-480x380.jpg\" class=\"attachment-sidegal size-sidegal\" alt=\"\" srcset=\"https:\/\/escoladailha.com.br\/portal\/wp-content\/uploads\/2016\/10\/DSC05681-480x380.jpg 480w, https:\/\/escoladailha.com.br\/portal\/wp-content\/uploads\/2016\/10\/DSC05681-232x184.jpg 232w\" sizes=\"auto, (max-width: 480px) 100vw, 480px\" \/><\/a>\n\t\t \t<\/div><\/div><\/div><div class='gallery-item' item_id='8862'><div class='gallery-item-inner'>\n\t\t\t<div class='gallery-icon landscape'>\n\t\t \t\t<a href=\"https:\/\/escoladailha.com.br\/portal\/wp-content\/uploads\/2016\/10\/DSC05682-2010x1508.jpg\"><img loading=\"lazy\" decoding=\"async\" width=\"240\" height=\"190\" src=\"https:\/\/escoladailha.com.br\/portal\/wp-content\/uploads\/2016\/10\/DSC05682-480x380.jpg\" class=\"attachment-sidegal size-sidegal\" alt=\"\" srcset=\"https:\/\/escoladailha.com.br\/portal\/wp-content\/uploads\/2016\/10\/DSC05682-480x380.jpg 480w, https:\/\/escoladailha.com.br\/portal\/wp-content\/uploads\/2016\/10\/DSC05682-232x184.jpg 232w\" sizes=\"auto, (max-width: 480px) 100vw, 480px\" \/><\/a>\n\t\t \t<\/div><\/div><\/div><div class='gallery-item' item_id='8863'><div class='gallery-item-inner'>\n\t\t\t<div class='gallery-icon landscape'>\n\t\t \t\t<a href=\"https:\/\/escoladailha.com.br\/portal\/wp-content\/uploads\/2016\/10\/DSC05683-2010x1508.jpg\"><img loading=\"lazy\" decoding=\"async\" width=\"240\" height=\"190\" src=\"https:\/\/escoladailha.com.br\/portal\/wp-content\/uploads\/2016\/10\/DSC05683-480x380.jpg\" class=\"attachment-sidegal size-sidegal\" alt=\"\" srcset=\"https:\/\/escoladailha.com.br\/portal\/wp-content\/uploads\/2016\/10\/DSC05683-480x380.jpg 480w, https:\/\/escoladailha.com.br\/portal\/wp-content\/uploads\/2016\/10\/DSC05683-232x184.jpg 232w\" sizes=\"auto, (max-width: 480px) 100vw, 480px\" \/><\/a>\n\t\t \t<\/div><\/div><\/div><div class='gallery-item' item_id='8864'><div class='gallery-item-inner'>\n\t\t\t<div class='gallery-icon landscape'>\n\t\t \t\t<a href=\"https:\/\/escoladailha.com.br\/portal\/wp-content\/uploads\/2016\/10\/DSC05687-2010x1508.jpg\"><img loading=\"lazy\" decoding=\"async\" width=\"240\" height=\"190\" src=\"https:\/\/escoladailha.com.br\/portal\/wp-content\/uploads\/2016\/10\/DSC05687-480x380.jpg\" class=\"attachment-sidegal size-sidegal\" alt=\"\" srcset=\"https:\/\/escoladailha.com.br\/portal\/wp-content\/uploads\/2016\/10\/DSC05687-480x380.jpg 480w, https:\/\/escoladailha.com.br\/portal\/wp-content\/uploads\/2016\/10\/DSC05687-232x184.jpg 232w\" sizes=\"auto, (max-width: 480px) 100vw, 480px\" \/><\/a>\n\t\t \t<\/div><\/div><\/div><div class='gallery-item' item_id='8865'><div class='gallery-item-inner'>\n\t\t\t<div class='gallery-icon landscape'>\n\t\t \t\t<a href=\"https:\/\/escoladailha.com.br\/portal\/wp-content\/uploads\/2016\/10\/DSC05694-2010x1508.jpg\"><img loading=\"lazy\" decoding=\"async\" width=\"240\" height=\"190\" src=\"https:\/\/escoladailha.com.br\/portal\/wp-content\/uploads\/2016\/10\/DSC05694-480x380.jpg\" class=\"attachment-sidegal size-sidegal\" alt=\"\" srcset=\"https:\/\/escoladailha.com.br\/portal\/wp-content\/uploads\/2016\/10\/DSC05694-480x380.jpg 480w, https:\/\/escoladailha.com.br\/portal\/wp-content\/uploads\/2016\/10\/DSC05694-232x184.jpg 232w\" sizes=\"auto, (max-width: 480px) 100vw, 480px\" \/><\/a>\n\t\t \t<\/div><\/div><\/div><div class='gallery-item' item_id='8866'><div class='gallery-item-inner'>\n\t\t\t<div class='gallery-icon landscape'>\n\t\t \t\t<a href=\"https:\/\/escoladailha.com.br\/portal\/wp-content\/uploads\/2016\/10\/DSC05696-2010x1508.jpg\"><img loading=\"lazy\" decoding=\"async\" width=\"240\" height=\"190\" src=\"https:\/\/escoladailha.com.br\/portal\/wp-content\/uploads\/2016\/10\/DSC05696-480x380.jpg\" class=\"attachment-sidegal size-sidegal\" alt=\"\" srcset=\"https:\/\/escoladailha.com.br\/portal\/wp-content\/uploads\/2016\/10\/DSC05696-480x380.jpg 480w, https:\/\/escoladailha.com.br\/portal\/wp-content\/uploads\/2016\/10\/DSC05696-232x184.jpg 232w\" sizes=\"auto, (max-width: 480px) 100vw, 480px\" \/><\/a>\n\t\t \t<\/div><\/div><\/div><\/div><div style=\"clear: both\"><\/div><div class=\"thumbnail_wrap isotope\"><div class='gallery-item' item_id='7904'><div class='gallery-item-inner'>\n\t\t\t<div class='gallery-icon landscape'>\n\t\t \t\t<a href=\"https:\/\/escoladailha.com.br\/portal\/wp-content\/uploads\/2017\/03\/12311242_1155336854494013_4666497463272976656_n.jpg\"><img loading=\"lazy\" decoding=\"async\" width=\"57\" height=\"57\" src=\"https:\/\/escoladailha.com.br\/portal\/wp-content\/uploads\/2017\/03\/12311242_1155336854494013_4666497463272976656_n-114x114.jpg\" class=\"attachment-thumbnail size-thumbnail\" alt=\"\" aria-describedby=\"gallery-1-7904\" srcset=\"https:\/\/escoladailha.com.br\/portal\/wp-content\/uploads\/2017\/03\/12311242_1155336854494013_4666497463272976656_n-114x114.jpg 114w, https:\/\/escoladailha.com.br\/portal\/wp-content\/uploads\/2017\/03\/12311242_1155336854494013_4666497463272976656_n-36x36.jpg 36w\" sizes=\"auto, (max-width: 114px) 100vw, 114px\" \/><\/a>\n\t\t \t<\/div>\n\t\t\t\t<div class='wp-caption-text gallery-caption' id='gallery-1-7904'>\n\t\t\t\tEquipe da Escola da Ilha em Campinas, em 2016.\n\t\t\t\t<\/div><\/div><\/div><div class='gallery-item' item_id='7907'><div class='gallery-item-inner'>\n\t\t\t<div class='gallery-icon landscape'>\n\t\t \t\t<a href=\"https:\/\/escoladailha.com.br\/portal\/wp-content\/uploads\/2017\/03\/14060224_407412602760999_1920497353_o.jpg\"><img loading=\"lazy\" decoding=\"async\" width=\"57\" height=\"57\" src=\"https:\/\/escoladailha.com.br\/portal\/wp-content\/uploads\/2017\/03\/14060224_407412602760999_1920497353_o-114x114.jpg\" class=\"attachment-thumbnail size-thumbnail\" alt=\"\" aria-describedby=\"gallery-1-7907\" srcset=\"https:\/\/escoladailha.com.br\/portal\/wp-content\/uploads\/2017\/03\/14060224_407412602760999_1920497353_o-114x114.jpg 114w, https:\/\/escoladailha.com.br\/portal\/wp-content\/uploads\/2017\/03\/14060224_407412602760999_1920497353_o-36x36.jpg 36w\" sizes=\"auto, (max-width: 114px) 100vw, 114px\" \/><\/a>\n\t\t \t<\/div>\n\t\t\t\t<div class='wp-caption-text gallery-caption' id='gallery-1-7907'>\n\t\t\t\tOlimp\u00eeada de Hist\u00f3ria 2016\n\t\t\t\t<\/div><\/div><\/div><div class='gallery-item' item_id='8853'><div class='gallery-item-inner'>\n\t\t\t<div class='gallery-icon landscape'>\n\t\t \t\t<a href=\"https:\/\/escoladailha.com.br\/portal\/wp-content\/uploads\/2016\/10\/17973832_1501057529926579_5831696871590658285_o-2010x1501.jpg\"><img loading=\"lazy\" decoding=\"async\" width=\"57\" height=\"57\" src=\"https:\/\/escoladailha.com.br\/portal\/wp-content\/uploads\/2016\/10\/17973832_1501057529926579_5831696871590658285_o-114x114.jpg\" class=\"attachment-thumbnail size-thumbnail\" alt=\"\" aria-describedby=\"gallery-1-8853\" srcset=\"https:\/\/escoladailha.com.br\/portal\/wp-content\/uploads\/2016\/10\/17973832_1501057529926579_5831696871590658285_o-114x114.jpg 114w, https:\/\/escoladailha.com.br\/portal\/wp-content\/uploads\/2016\/10\/17973832_1501057529926579_5831696871590658285_o-36x36.jpg 36w\" sizes=\"auto, (max-width: 114px) 100vw, 114px\" \/><\/a>\n\t\t \t<\/div>\n\t\t\t\t<div class='wp-caption-text gallery-caption' id='gallery-1-8853'>\n\t\t\t\tPrepara\u00e7\u00e3o das equipes para a edi\u00e7\u00e3o de 2017\n\t\t\t\t<\/div><\/div><\/div><div class='gallery-item' item_id='8854'><div class='gallery-item-inner'>\n\t\t\t<div class='gallery-icon landscape'>\n\t\t \t\t<a href=\"https:\/\/escoladailha.com.br\/portal\/wp-content\/uploads\/2016\/10\/17990184_1501057549926577_8663883925635660698_o-2010x1131.jpg\"><img loading=\"lazy\" decoding=\"async\" width=\"57\" height=\"57\" src=\"https:\/\/escoladailha.com.br\/portal\/wp-content\/uploads\/2016\/10\/17990184_1501057549926577_8663883925635660698_o-114x114.jpg\" class=\"attachment-thumbnail size-thumbnail\" alt=\"\" srcset=\"https:\/\/escoladailha.com.br\/portal\/wp-content\/uploads\/2016\/10\/17990184_1501057549926577_8663883925635660698_o-114x114.jpg 114w, https:\/\/escoladailha.com.br\/portal\/wp-content\/uploads\/2016\/10\/17990184_1501057549926577_8663883925635660698_o-36x36.jpg 36w\" sizes=\"auto, (max-width: 114px) 100vw, 114px\" \/><\/a>\n\t\t \t<\/div><\/div><\/div><div class='gallery-item' item_id='8855'><div class='gallery-item-inner'>\n\t\t\t<div class='gallery-icon landscape'>\n\t\t \t\t<a href=\"https:\/\/escoladailha.com.br\/portal\/wp-content\/uploads\/2016\/10\/17991359_1501057503259915_4994611509173708713_o-2010x1131.jpg\"><img loading=\"lazy\" decoding=\"async\" width=\"57\" height=\"57\" src=\"https:\/\/escoladailha.com.br\/portal\/wp-content\/uploads\/2016\/10\/17991359_1501057503259915_4994611509173708713_o-114x114.jpg\" class=\"attachment-thumbnail size-thumbnail\" alt=\"\" srcset=\"https:\/\/escoladailha.com.br\/portal\/wp-content\/uploads\/2016\/10\/17991359_1501057503259915_4994611509173708713_o-114x114.jpg 114w, https:\/\/escoladailha.com.br\/portal\/wp-content\/uploads\/2016\/10\/17991359_1501057503259915_4994611509173708713_o-36x36.jpg 36w\" sizes=\"auto, (max-width: 114px) 100vw, 114px\" \/><\/a>\n\t\t \t<\/div><\/div><\/div><div class='gallery-item' item_id='8859'><div class='gallery-item-inner'>\n\t\t\t<div class='gallery-icon landscape'>\n\t\t \t\t<a href=\"https:\/\/escoladailha.com.br\/portal\/wp-content\/uploads\/2016\/10\/DSC05674-2010x1508.jpg\"><img loading=\"lazy\" decoding=\"async\" width=\"57\" height=\"57\" src=\"https:\/\/escoladailha.com.br\/portal\/wp-content\/uploads\/2016\/10\/DSC05674-114x114.jpg\" class=\"attachment-thumbnail size-thumbnail\" alt=\"\" srcset=\"https:\/\/escoladailha.com.br\/portal\/wp-content\/uploads\/2016\/10\/DSC05674-114x114.jpg 114w, https:\/\/escoladailha.com.br\/portal\/wp-content\/uploads\/2016\/10\/DSC05674-36x36.jpg 36w\" sizes=\"auto, (max-width: 114px) 100vw, 114px\" \/><\/a>\n\t\t \t<\/div><\/div><\/div><div class='gallery-item' item_id='8861'><div class='gallery-item-inner'>\n\t\t\t<div class='gallery-icon landscape'>\n\t\t \t\t<a href=\"https:\/\/escoladailha.com.br\/portal\/wp-content\/uploads\/2016\/10\/DSC05681-2010x1508.jpg\"><img loading=\"lazy\" decoding=\"async\" width=\"57\" height=\"57\" src=\"https:\/\/escoladailha.com.br\/portal\/wp-content\/uploads\/2016\/10\/DSC05681-114x114.jpg\" class=\"attachment-thumbnail size-thumbnail\" alt=\"\" srcset=\"https:\/\/escoladailha.com.br\/portal\/wp-content\/uploads\/2016\/10\/DSC05681-114x114.jpg 114w, https:\/\/escoladailha.com.br\/portal\/wp-content\/uploads\/2016\/10\/DSC05681-36x36.jpg 36w\" sizes=\"auto, (max-width: 114px) 100vw, 114px\" \/><\/a>\n\t\t \t<\/div><\/div><\/div><div class='gallery-item' item_id='8862'><div class='gallery-item-inner'>\n\t\t\t<div class='gallery-icon landscape'>\n\t\t \t\t<a href=\"https:\/\/escoladailha.com.br\/portal\/wp-content\/uploads\/2016\/10\/DSC05682-2010x1508.jpg\"><img loading=\"lazy\" decoding=\"async\" width=\"57\" height=\"57\" src=\"https:\/\/escoladailha.com.br\/portal\/wp-content\/uploads\/2016\/10\/DSC05682-114x114.jpg\" class=\"attachment-thumbnail size-thumbnail\" alt=\"\" srcset=\"https:\/\/escoladailha.com.br\/portal\/wp-content\/uploads\/2016\/10\/DSC05682-114x114.jpg 114w, https:\/\/escoladailha.com.br\/portal\/wp-content\/uploads\/2016\/10\/DSC05682-36x36.jpg 36w\" sizes=\"auto, (max-width: 114px) 100vw, 114px\" \/><\/a>\n\t\t \t<\/div><\/div><\/div><div class='gallery-item' item_id='8863'><div class='gallery-item-inner'>\n\t\t\t<div class='gallery-icon landscape'>\n\t\t \t\t<a href=\"https:\/\/escoladailha.com.br\/portal\/wp-content\/uploads\/2016\/10\/DSC05683-2010x1508.jpg\"><img loading=\"lazy\" decoding=\"async\" width=\"57\" height=\"57\" src=\"https:\/\/escoladailha.com.br\/portal\/wp-content\/uploads\/2016\/10\/DSC05683-114x114.jpg\" class=\"attachment-thumbnail size-thumbnail\" alt=\"\" srcset=\"https:\/\/escoladailha.com.br\/portal\/wp-content\/uploads\/2016\/10\/DSC05683-114x114.jpg 114w, https:\/\/escoladailha.com.br\/portal\/wp-content\/uploads\/2016\/10\/DSC05683-36x36.jpg 36w\" sizes=\"auto, (max-width: 114px) 100vw, 114px\" \/><\/a>\n\t\t \t<\/div><\/div><\/div><div class='gallery-item' item_id='8864'><div class='gallery-item-inner'>\n\t\t\t<div class='gallery-icon landscape'>\n\t\t \t\t<a href=\"https:\/\/escoladailha.com.br\/portal\/wp-content\/uploads\/2016\/10\/DSC05687-2010x1508.jpg\"><img loading=\"lazy\" decoding=\"async\" width=\"57\" height=\"57\" src=\"https:\/\/escoladailha.com.br\/portal\/wp-content\/uploads\/2016\/10\/DSC05687-114x114.jpg\" class=\"attachment-thumbnail size-thumbnail\" alt=\"\" srcset=\"https:\/\/escoladailha.com.br\/portal\/wp-content\/uploads\/2016\/10\/DSC05687-114x114.jpg 114w, https:\/\/escoladailha.com.br\/portal\/wp-content\/uploads\/2016\/10\/DSC05687-36x36.jpg 36w\" sizes=\"auto, (max-width: 114px) 100vw, 114px\" \/><\/a>\n\t\t \t<\/div><\/div><\/div><div class='gallery-item' item_id='8865'><div class='gallery-item-inner'>\n\t\t\t<div class='gallery-icon landscape'>\n\t\t \t\t<a href=\"https:\/\/escoladailha.com.br\/portal\/wp-content\/uploads\/2016\/10\/DSC05694-2010x1508.jpg\"><img loading=\"lazy\" decoding=\"async\" width=\"57\" height=\"57\" src=\"https:\/\/escoladailha.com.br\/portal\/wp-content\/uploads\/2016\/10\/DSC05694-114x114.jpg\" class=\"attachment-thumbnail size-thumbnail\" alt=\"\" srcset=\"https:\/\/escoladailha.com.br\/portal\/wp-content\/uploads\/2016\/10\/DSC05694-114x114.jpg 114w, https:\/\/escoladailha.com.br\/portal\/wp-content\/uploads\/2016\/10\/DSC05694-36x36.jpg 36w\" sizes=\"auto, (max-width: 114px) 100vw, 114px\" \/><\/a>\n\t\t \t<\/div><\/div><\/div><div class='gallery-item' item_id='8866'><div class='gallery-item-inner'>\n\t\t\t<div class='gallery-icon landscape'>\n\t\t \t\t<a href=\"https:\/\/escoladailha.com.br\/portal\/wp-content\/uploads\/2016\/10\/DSC05696-2010x1508.jpg\"><img loading=\"lazy\" decoding=\"async\" width=\"57\" height=\"57\" src=\"https:\/\/escoladailha.com.br\/portal\/wp-content\/uploads\/2016\/10\/DSC05696-114x114.jpg\" class=\"attachment-thumbnail size-thumbnail\" alt=\"\" srcset=\"https:\/\/escoladailha.com.br\/portal\/wp-content\/uploads\/2016\/10\/DSC05696-114x114.jpg 114w, https:\/\/escoladailha.com.br\/portal\/wp-content\/uploads\/2016\/10\/DSC05696-36x36.jpg 36w\" sizes=\"auto, (max-width: 114px) 100vw, 114px\" \/><\/a>\n\t\t \t<\/div><\/div><\/div><\/div><div style=\"clear: both\"><\/div>\n\t\t<\/div>\n\n<\/div><\/section><\/div><\/p>\n","protected":false},"excerpt":{"rendered":"","protected":false},"author":1612,"featured_media":0,"parent":2058,"menu_order":43,"comment_status":"closed","ping_status":"closed","template":"","meta":{"_acf_changed":false,"_monsterinsights_skip_tracking":false,"_monsterinsights_sitenote_active":false,"_monsterinsights_sitenote_note":"","_monsterinsights_sitenote_category":0,"footnotes":""},"class_list":["post-4306","page","type-page","status-publish","hentry"],"acf":[],"_links":{"self":[{"href":"https:\/\/escoladailha.com.br\/portal\/wp-json\/wp\/v2\/pages\/4306","targetHints":{"allow":["GET"]}}],"collection":[{"href":"https:\/\/escoladailha.com.br\/portal\/wp-json\/wp\/v2\/pages"}],"about":[{"href":"https:\/\/escoladailha.com.br\/portal\/wp-json\/wp\/v2\/types\/page"}],"author":[{"embeddable":true,"href":"https:\/\/escoladailha.com.br\/portal\/wp-json\/wp\/v2\/users\/1612"}],"replies":[{"embeddable":true,"href":"https:\/\/escoladailha.com.br\/portal\/wp-json\/wp\/v2\/comments?post=4306"}],"version-history":[{"count":0,"href":"https:\/\/escoladailha.com.br\/portal\/wp-json\/wp\/v2\/pages\/4306\/revisions"}],"up":[{"embeddable":true,"href":"https:\/\/escoladailha.com.br\/portal\/wp-json\/wp\/v2\/pages\/2058"}],"wp:attachment":[{"href":"https:\/\/escoladailha.com.br\/portal\/wp-json\/wp\/v2\/media?parent=4306"}],"curies":[{"name":"wp","href":"https:\/\/api.w.org\/{rel}","templated":true}]}}