{"id":4232,"date":"2016-10-21T16:54:21","date_gmt":"2016-10-21T18:54:21","guid":{"rendered":"https:\/\/escoladailha.com.br\/portal\/?page_id=4232"},"modified":"2017-06-06T11:44:21","modified_gmt":"2017-06-06T14:44:21","slug":"linguas","status":"publish","type":"page","link":"https:\/\/escoladailha.com.br\/portal\/escola\/cursos\/ensino-medio\/linguas\/","title":{"rendered":"L\u00ednguas e interc\u00e2mbio"},"content":{"rendered":"<div class=\"flex_column av_two_third  flex_column_div av-zero-column-padding first  avia-builder-el-0  el_before_av_one_third  avia-builder-el-first  \" style='border-radius:0px; '><section class=\"av_textblock_section \"  itemscope=\"itemscope\" itemtype=\"https:\/\/schema.org\/CreativeWork\" ><div class='avia_textblock  '   itemprop=\"text\" ><h3>L\u00ednguas estrangeiras e interc\u00e2mbio<\/h3>\n<p>Oferecemos duas l\u00ednguas estrangeiras na carga hor\u00e1ria normal do Ensino M\u00e9dio: Ingl\u00eas e Espanhol. Nas duas primeiras s\u00e9ries, o foco \u00e9 o aprendizado da l\u00edngua. No terceir\u00e3o, o foco principal \u00e9 a prepara\u00e7\u00e3o do aluno para o ENEM e o Vestibular da UFSC.<\/p>\n<p>Al\u00e9m disso, os alunos podem cursar franc\u00eas como disciplina extracurricular.<\/p>\n<p>Para auxiliar na forma\u00e7\u00e3o pessoal dos alunos e no aprendizado de outras l\u00ednguas, estimulamos a participa\u00e7\u00e3o dos alunos em programas de interc\u00e2mbio e mantemos, para tanto, parcerias com diversas organiza\u00e7\u00f5es que atuam nessa \u00e1rea, em particular o Rotary Club e a <a href=\"http:\/\/www.afs.org.br\">AFS Intercultural Programs<\/a>.<\/p>\n<p>Recebemos tamb\u00e9m, regularmente, alunos intercambistas dos mais diversos pa\u00edses, para estadias de 6 meses a um ano em nossa Escola.<\/p>\n<p>Tudo isso contribui para a descoberta, por nossos alunos, de outras culturas e de realidades diferentes das nossas.<\/p>\n<\/div><\/section><\/div>\n<div class=\"flex_column av_one_third  flex_column_div av-zero-column-padding   avia-builder-el-2  el_after_av_two_third  avia-builder-el-last  \" style='border-radius:0px; '><\/div>\n","protected":false},"excerpt":{"rendered":"","protected":false},"author":1618,"featured_media":0,"parent":2058,"menu_order":53,"comment_status":"closed","ping_status":"closed","template":"","meta":{"_acf_changed":false,"_monsterinsights_skip_tracking":false,"_monsterinsights_sitenote_active":false,"_monsterinsights_sitenote_note":"","_monsterinsights_sitenote_category":0,"footnotes":""},"class_list":["post-4232","page","type-page","status-publish","hentry"],"acf":[],"_links":{"self":[{"href":"https:\/\/escoladailha.com.br\/portal\/wp-json\/wp\/v2\/pages\/4232","targetHints":{"allow":["GET"]}}],"collection":[{"href":"https:\/\/escoladailha.com.br\/portal\/wp-json\/wp\/v2\/pages"}],"about":[{"href":"https:\/\/escoladailha.com.br\/portal\/wp-json\/wp\/v2\/types\/page"}],"author":[{"embeddable":true,"href":"https:\/\/escoladailha.com.br\/portal\/wp-json\/wp\/v2\/users\/1618"}],"replies":[{"embeddable":true,"href":"https:\/\/escoladailha.com.br\/portal\/wp-json\/wp\/v2\/comments?post=4232"}],"version-history":[{"count":0,"href":"https:\/\/escoladailha.com.br\/portal\/wp-json\/wp\/v2\/pages\/4232\/revisions"}],"up":[{"embeddable":true,"href":"https:\/\/escoladailha.com.br\/portal\/wp-json\/wp\/v2\/pages\/2058"}],"wp:attachment":[{"href":"https:\/\/escoladailha.com.br\/portal\/wp-json\/wp\/v2\/media?parent=4232"}],"curies":[{"name":"wp","href":"https:\/\/api.w.org\/{rel}","templated":true}]}}