{"id":4213,"date":"2016-10-21T16:41:19","date_gmt":"2016-10-21T18:41:19","guid":{"rendered":"https:\/\/escoladailha.com.br\/portal\/?page_id=4213"},"modified":"2017-06-06T11:44:38","modified_gmt":"2017-06-06T14:44:38","slug":"mais","status":"publish","type":"page","link":"https:\/\/escoladailha.com.br\/portal\/escola\/cursos\/ensino-medio\/mais\/","title":{"rendered":"Mais informa\u00e7\u00f5es"},"content":{"rendered":"<div class=\"flex_column av_two_third  flex_column_div av-zero-column-padding first  avia-builder-el-0  el_before_av_one_third  avia-builder-el-first  \" style='border-radius:0px; '><section class=\"av_textblock_section \"  itemscope=\"itemscope\" itemtype=\"https:\/\/schema.org\/CreativeWork\" ><div class='avia_textblock  '   itemprop=\"text\" ><h3>Informa\u00e7\u00f5es \u00fateis<\/h3>\n<p><strong>Dispensa <\/strong>\u2013<strong>\u00a0<\/strong>Os alunos que frequentam cursos de l\u00ednguas estrangeiras em escolas oficialmente reconhecidas, podem pedir dispensa das aulas desta disciplina, mas devem trazer, a cada bimestre, atestado de freq\u00fc\u00eancia e nota da escola de l\u00ednguas.<\/p>\n<p>Da mesma forma, podem pedir dispensa das aulas de educa\u00e7\u00e3o f\u00edsica os alunos que desenvolvem atividades sob acompanhamento de professores de educa\u00e7\u00e3o f\u00edsica, seja em\u00a0academias\u00a0ou em\u00a0treinos das diversas modalidades esportivas.<\/p>\n<p><strong>Programa\u00e7\u00e3o cultural <\/strong>\u2013<strong>\u00a0<\/strong>Todos os n\u00edveis de ensino s\u00e3o envolvidos nas\u00a0<a href=\"https:\/\/escoladailha.com.br\/portal\/escola\/como_trabalhamos\/calendario\/\" target=\"_blank\" rel=\"noopener noreferrer\">atividades culturais<\/a>\u00a0da Escola, que fazem parte do calend\u00e1rio escolar e do curr\u00edculo: Encontr\u00e3o (voltado para as ci\u00eancias e a cultura), Festa da Fam\u00edlia, Festa Junina, Arte na Ilha (maratona cultural com apresenta\u00e7\u00e3o dos trabalhos de artes e dos projetos dos alunos), Olimp\u00edadas, etc.<\/p>\n<p><strong>Psicopedagogia <\/strong>\u2013<strong>\u00a0<\/strong>Temos um servi\u00e7o de\u00a0<a href=\"https:\/\/escoladailha.com.br\/portal\/escola\/como_trabalhamos\/psicopedagogia\/\" target=\"_blank\" rel=\"noopener noreferrer\">psicopedagogia<\/a>\u00a0que acompanha todo o trabalho da Escola e auxilia fam\u00edlias e alunos em caso de necessidade.<\/p>\n<p><strong>Oficinas extracurriculares <\/strong>\u2013\u00a0Fora do hor\u00e1rio das aulas e do curr\u00edculo escolar, h\u00e1 uma s\u00e9rie de op\u00e7\u00f5es de atividades culturais ou esportivas. Consulte a lista das\u00a0<a href=\"https:\/\/escoladailha.com.br\/portal\/escola\/extracurriculares\/\" target=\"_blank\" rel=\"noopener noreferrer\">oficinas extracurriculares<\/a>.<\/p>\n<h3><\/h3>\n<\/div><\/section><\/div><div class=\"flex_column av_one_third  flex_column_div av-zero-column-padding   avia-builder-el-2  el_after_av_two_third  avia-builder-el-last  \" style='border-radius:0px; '><section class=\"av_textblock_section \"  itemscope=\"itemscope\" itemtype=\"https:\/\/schema.org\/CreativeWork\" ><div class='avia_textblock  '   itemprop=\"text\" ><div id='gallery-1' class='gallery galleryid-4213 gallery-columns-3 gallery-size-sidegal'><div class=\"sidegal_wrap isotope\"><div class='gallery-item' item_id='6761'><div class='gallery-item-inner'>\n\t\t\t<div class='gallery-icon landscape'>\n\t\t \t\t<a href=\"https:\/\/escoladailha.com.br\/portal\/wp-content\/uploads\/2017\/02\/IMG_9933-2010x1501.jpg\"><img loading=\"lazy\" decoding=\"async\" width=\"240\" height=\"190\" src=\"https:\/\/escoladailha.com.br\/portal\/wp-content\/uploads\/2017\/02\/IMG_9933-480x380.jpg\" class=\"attachment-sidegal size-sidegal\" alt=\"\" srcset=\"https:\/\/escoladailha.com.br\/portal\/wp-content\/uploads\/2017\/02\/IMG_9933-480x380.jpg 480w, https:\/\/escoladailha.com.br\/portal\/wp-content\/uploads\/2017\/02\/IMG_9933-232x184.jpg 232w\" sizes=\"auto, (max-width: 480px) 100vw, 480px\" \/><\/a>\n\t\t \t<\/div><\/div><\/div><div class='gallery-item' item_id='5960'><div class='gallery-item-inner'>\n\t\t\t<div class='gallery-icon landscape'>\n\t\t \t\t<a href=\"https:\/\/escoladailha.com.br\/portal\/wp-content\/uploads\/2017\/01\/IMG_1423_ESCOLA_DA_ILHA_ARTE_NA_ILHA_2016_Foto_OSCAR_RIVAS_BEASLEY081116-1005x670.jpg\"><img loading=\"lazy\" decoding=\"async\" width=\"240\" height=\"190\" src=\"https:\/\/escoladailha.com.br\/portal\/wp-content\/uploads\/2017\/01\/IMG_1423_ESCOLA_DA_ILHA_ARTE_NA_ILHA_2016_Foto_OSCAR_RIVAS_BEASLEY081116-240x190.jpg\" class=\"attachment-sidegal size-sidegal\" alt=\"\" srcset=\"https:\/\/escoladailha.com.br\/portal\/wp-content\/uploads\/2017\/01\/IMG_1423_ESCOLA_DA_ILHA_ARTE_NA_ILHA_2016_Foto_OSCAR_RIVAS_BEASLEY081116-240x190.jpg 240w, https:\/\/escoladailha.com.br\/portal\/wp-content\/uploads\/2017\/01\/IMG_1423_ESCOLA_DA_ILHA_ARTE_NA_ILHA_2016_Foto_OSCAR_RIVAS_BEASLEY081116-116x92.jpg 116w, https:\/\/escoladailha.com.br\/portal\/wp-content\/uploads\/2017\/01\/IMG_1423_ESCOLA_DA_ILHA_ARTE_NA_ILHA_2016_Foto_OSCAR_RIVAS_BEASLEY081116-495x393.jpg 495w\" sizes=\"auto, (max-width: 240px) 100vw, 240px\" \/><\/a>\n\t\t \t<\/div><\/div><\/div><div class='gallery-item' item_id='5964'><div class='gallery-item-inner'>\n\t\t\t<div class='gallery-icon landscape'>\n\t\t \t\t<a href=\"https:\/\/escoladailha.com.br\/portal\/wp-content\/uploads\/2017\/01\/IMG_1445_ESCOLA_DA_ILHA_ARTE_NA_ILHA_2016_Foto_OSCAR_RIVAS_BEASLEY081116-1005x670.jpg\"><img loading=\"lazy\" decoding=\"async\" width=\"240\" height=\"190\" src=\"https:\/\/escoladailha.com.br\/portal\/wp-content\/uploads\/2017\/01\/IMG_1445_ESCOLA_DA_ILHA_ARTE_NA_ILHA_2016_Foto_OSCAR_RIVAS_BEASLEY081116-240x190.jpg\" class=\"attachment-sidegal size-sidegal\" alt=\"\" aria-describedby=\"gallery-1-5964\" srcset=\"https:\/\/escoladailha.com.br\/portal\/wp-content\/uploads\/2017\/01\/IMG_1445_ESCOLA_DA_ILHA_ARTE_NA_ILHA_2016_Foto_OSCAR_RIVAS_BEASLEY081116-240x190.jpg 240w, https:\/\/escoladailha.com.br\/portal\/wp-content\/uploads\/2017\/01\/IMG_1445_ESCOLA_DA_ILHA_ARTE_NA_ILHA_2016_Foto_OSCAR_RIVAS_BEASLEY081116-116x92.jpg 116w, https:\/\/escoladailha.com.br\/portal\/wp-content\/uploads\/2017\/01\/IMG_1445_ESCOLA_DA_ILHA_ARTE_NA_ILHA_2016_Foto_OSCAR_RIVAS_BEASLEY081116-495x393.jpg 495w\" sizes=\"auto, (max-width: 240px) 100vw, 240px\" \/><\/a>\n\t\t \t<\/div>\n\t\t\t\t<div class='wp-caption-text gallery-caption' id='gallery-1-5964'>\n\t\t\t\tArte na Ilha 2016\n\t\t\t\t<\/div><\/div><\/div><div class='gallery-item' item_id='4810'><div class='gallery-item-inner'>\n\t\t\t<div class='gallery-icon portrait'>\n\t\t \t\t<a href=\"https:\/\/escoladailha.com.br\/portal\/wp-content\/uploads\/2016\/10\/260815-260815_ESCOLA_DA_ILHA_IMG_4869_FOTO_OSCAR_RIVAS-Foto-Oscar-Rivas.jpg\"><img loading=\"lazy\" decoding=\"async\" width=\"240\" height=\"190\" src=\"https:\/\/escoladailha.com.br\/portal\/wp-content\/uploads\/2016\/10\/260815-260815_ESCOLA_DA_ILHA_IMG_4869_FOTO_OSCAR_RIVAS-Foto-Oscar-Rivas-480x380.jpg\" class=\"attachment-sidegal size-sidegal\" alt=\"\" srcset=\"https:\/\/escoladailha.com.br\/portal\/wp-content\/uploads\/2016\/10\/260815-260815_ESCOLA_DA_ILHA_IMG_4869_FOTO_OSCAR_RIVAS-Foto-Oscar-Rivas-480x380.jpg 480w, https:\/\/escoladailha.com.br\/portal\/wp-content\/uploads\/2016\/10\/260815-260815_ESCOLA_DA_ILHA_IMG_4869_FOTO_OSCAR_RIVAS-Foto-Oscar-Rivas-232x184.jpg 232w\" sizes=\"auto, (max-width: 480px) 100vw, 480px\" \/><\/a>\n\t\t \t<\/div><\/div><\/div><div class='gallery-item' item_id='4671'><div class='gallery-item-inner'>\n\t\t\t<div class='gallery-icon landscape'>\n\t\t \t\t<a href=\"https:\/\/escoladailha.com.br\/portal\/wp-content\/uploads\/2016\/10\/240815-240815_ESCOLA_DA_ILHA_IMG_4160_FOTO_OSCAR_RIVAS-Foto-Oscar-Rivas.jpg\"><img loading=\"lazy\" decoding=\"async\" width=\"240\" height=\"190\" src=\"https:\/\/escoladailha.com.br\/portal\/wp-content\/uploads\/2016\/10\/240815-240815_ESCOLA_DA_ILHA_IMG_4160_FOTO_OSCAR_RIVAS-Foto-Oscar-Rivas-480x380.jpg\" class=\"attachment-sidegal size-sidegal\" alt=\"\" aria-describedby=\"gallery-1-4671\" srcset=\"https:\/\/escoladailha.com.br\/portal\/wp-content\/uploads\/2016\/10\/240815-240815_ESCOLA_DA_ILHA_IMG_4160_FOTO_OSCAR_RIVAS-Foto-Oscar-Rivas-480x380.jpg 480w, https:\/\/escoladailha.com.br\/portal\/wp-content\/uploads\/2016\/10\/240815-240815_ESCOLA_DA_ILHA_IMG_4160_FOTO_OSCAR_RIVAS-Foto-Oscar-Rivas-232x184.jpg 232w\" sizes=\"auto, (max-width: 480px) 100vw, 480px\" \/><\/a>\n\t\t \t<\/div>\n\t\t\t\t<div class='wp-caption-text gallery-caption' id='gallery-1-4671'>\n\t\t\t\tEncontr\u00e3o 2015\n\t\t\t\t<\/div><\/div><\/div><\/div><div style=\"clear: both\"><\/div><div class=\"thumbnail_wrap isotope\"><div class='gallery-item' item_id='6761'><div class='gallery-item-inner'>\n\t\t\t<div class='gallery-icon landscape'>\n\t\t \t\t<a href=\"https:\/\/escoladailha.com.br\/portal\/wp-content\/uploads\/2017\/02\/IMG_9933-2010x1501.jpg\"><img loading=\"lazy\" decoding=\"async\" width=\"57\" height=\"57\" src=\"https:\/\/escoladailha.com.br\/portal\/wp-content\/uploads\/2017\/02\/IMG_9933-114x114.jpg\" class=\"attachment-thumbnail size-thumbnail\" alt=\"\" srcset=\"https:\/\/escoladailha.com.br\/portal\/wp-content\/uploads\/2017\/02\/IMG_9933-114x114.jpg 114w, https:\/\/escoladailha.com.br\/portal\/wp-content\/uploads\/2017\/02\/IMG_9933-36x36.jpg 36w\" sizes=\"auto, (max-width: 114px) 100vw, 114px\" \/><\/a>\n\t\t \t<\/div><\/div><\/div><div class='gallery-item' item_id='5960'><div class='gallery-item-inner'>\n\t\t\t<div class='gallery-icon landscape'>\n\t\t \t\t<a href=\"https:\/\/escoladailha.com.br\/portal\/wp-content\/uploads\/2017\/01\/IMG_1423_ESCOLA_DA_ILHA_ARTE_NA_ILHA_2016_Foto_OSCAR_RIVAS_BEASLEY081116-1005x670.jpg\"><img loading=\"lazy\" decoding=\"async\" width=\"57\" height=\"57\" src=\"https:\/\/escoladailha.com.br\/portal\/wp-content\/uploads\/2017\/01\/IMG_1423_ESCOLA_DA_ILHA_ARTE_NA_ILHA_2016_Foto_OSCAR_RIVAS_BEASLEY081116-57x57.jpg\" class=\"attachment-thumbnail size-thumbnail\" alt=\"\" srcset=\"https:\/\/escoladailha.com.br\/portal\/wp-content\/uploads\/2017\/01\/IMG_1423_ESCOLA_DA_ILHA_ARTE_NA_ILHA_2016_Foto_OSCAR_RIVAS_BEASLEY081116-57x57.jpg 57w, https:\/\/escoladailha.com.br\/portal\/wp-content\/uploads\/2017\/01\/IMG_1423_ESCOLA_DA_ILHA_ARTE_NA_ILHA_2016_Foto_OSCAR_RIVAS_BEASLEY081116-36x36.jpg 36w, https:\/\/escoladailha.com.br\/portal\/wp-content\/uploads\/2017\/01\/IMG_1423_ESCOLA_DA_ILHA_ARTE_NA_ILHA_2016_Foto_OSCAR_RIVAS_BEASLEY081116-120x120.jpg 120w, https:\/\/escoladailha.com.br\/portal\/wp-content\/uploads\/2017\/01\/IMG_1423_ESCOLA_DA_ILHA_ARTE_NA_ILHA_2016_Foto_OSCAR_RIVAS_BEASLEY081116-450x450.jpg 450w\" sizes=\"auto, (max-width: 57px) 100vw, 57px\" \/><\/a>\n\t\t \t<\/div><\/div><\/div><div class='gallery-item' item_id='5964'><div class='gallery-item-inner'>\n\t\t\t<div class='gallery-icon landscape'>\n\t\t \t\t<a href=\"https:\/\/escoladailha.com.br\/portal\/wp-content\/uploads\/2017\/01\/IMG_1445_ESCOLA_DA_ILHA_ARTE_NA_ILHA_2016_Foto_OSCAR_RIVAS_BEASLEY081116-1005x670.jpg\"><img loading=\"lazy\" decoding=\"async\" width=\"57\" height=\"57\" src=\"https:\/\/escoladailha.com.br\/portal\/wp-content\/uploads\/2017\/01\/IMG_1445_ESCOLA_DA_ILHA_ARTE_NA_ILHA_2016_Foto_OSCAR_RIVAS_BEASLEY081116-57x57.jpg\" class=\"attachment-thumbnail size-thumbnail\" alt=\"\" aria-describedby=\"gallery-1-5964\" srcset=\"https:\/\/escoladailha.com.br\/portal\/wp-content\/uploads\/2017\/01\/IMG_1445_ESCOLA_DA_ILHA_ARTE_NA_ILHA_2016_Foto_OSCAR_RIVAS_BEASLEY081116-57x57.jpg 57w, https:\/\/escoladailha.com.br\/portal\/wp-content\/uploads\/2017\/01\/IMG_1445_ESCOLA_DA_ILHA_ARTE_NA_ILHA_2016_Foto_OSCAR_RIVAS_BEASLEY081116-36x36.jpg 36w, https:\/\/escoladailha.com.br\/portal\/wp-content\/uploads\/2017\/01\/IMG_1445_ESCOLA_DA_ILHA_ARTE_NA_ILHA_2016_Foto_OSCAR_RIVAS_BEASLEY081116-120x120.jpg 120w, https:\/\/escoladailha.com.br\/portal\/wp-content\/uploads\/2017\/01\/IMG_1445_ESCOLA_DA_ILHA_ARTE_NA_ILHA_2016_Foto_OSCAR_RIVAS_BEASLEY081116-450x450.jpg 450w\" sizes=\"auto, (max-width: 57px) 100vw, 57px\" \/><\/a>\n\t\t \t<\/div>\n\t\t\t\t<div class='wp-caption-text gallery-caption' id='gallery-1-5964'>\n\t\t\t\tArte na Ilha 2016\n\t\t\t\t<\/div><\/div><\/div><div class='gallery-item' item_id='4810'><div class='gallery-item-inner'>\n\t\t\t<div class='gallery-icon portrait'>\n\t\t \t\t<a href=\"https:\/\/escoladailha.com.br\/portal\/wp-content\/uploads\/2016\/10\/260815-260815_ESCOLA_DA_ILHA_IMG_4869_FOTO_OSCAR_RIVAS-Foto-Oscar-Rivas.jpg\"><img loading=\"lazy\" decoding=\"async\" width=\"57\" height=\"57\" src=\"https:\/\/escoladailha.com.br\/portal\/wp-content\/uploads\/2016\/10\/260815-260815_ESCOLA_DA_ILHA_IMG_4869_FOTO_OSCAR_RIVAS-Foto-Oscar-Rivas-114x114.jpg\" class=\"attachment-thumbnail size-thumbnail\" alt=\"\" srcset=\"https:\/\/escoladailha.com.br\/portal\/wp-content\/uploads\/2016\/10\/260815-260815_ESCOLA_DA_ILHA_IMG_4869_FOTO_OSCAR_RIVAS-Foto-Oscar-Rivas-114x114.jpg 114w, https:\/\/escoladailha.com.br\/portal\/wp-content\/uploads\/2016\/10\/260815-260815_ESCOLA_DA_ILHA_IMG_4869_FOTO_OSCAR_RIVAS-Foto-Oscar-Rivas-36x36.jpg 36w\" sizes=\"auto, (max-width: 114px) 100vw, 114px\" \/><\/a>\n\t\t \t<\/div><\/div><\/div><div class='gallery-item' item_id='4671'><div class='gallery-item-inner'>\n\t\t\t<div class='gallery-icon landscape'>\n\t\t \t\t<a href=\"https:\/\/escoladailha.com.br\/portal\/wp-content\/uploads\/2016\/10\/240815-240815_ESCOLA_DA_ILHA_IMG_4160_FOTO_OSCAR_RIVAS-Foto-Oscar-Rivas.jpg\"><img loading=\"lazy\" decoding=\"async\" width=\"57\" height=\"57\" src=\"https:\/\/escoladailha.com.br\/portal\/wp-content\/uploads\/2016\/10\/240815-240815_ESCOLA_DA_ILHA_IMG_4160_FOTO_OSCAR_RIVAS-Foto-Oscar-Rivas-114x114.jpg\" class=\"attachment-thumbnail size-thumbnail\" alt=\"\" aria-describedby=\"gallery-1-4671\" srcset=\"https:\/\/escoladailha.com.br\/portal\/wp-content\/uploads\/2016\/10\/240815-240815_ESCOLA_DA_ILHA_IMG_4160_FOTO_OSCAR_RIVAS-Foto-Oscar-Rivas-114x114.jpg 114w, https:\/\/escoladailha.com.br\/portal\/wp-content\/uploads\/2016\/10\/240815-240815_ESCOLA_DA_ILHA_IMG_4160_FOTO_OSCAR_RIVAS-Foto-Oscar-Rivas-36x36.jpg 36w\" sizes=\"auto, (max-width: 114px) 100vw, 114px\" \/><\/a>\n\t\t \t<\/div>\n\t\t\t\t<div class='wp-caption-text gallery-caption' id='gallery-1-4671'>\n\t\t\t\tEncontr\u00e3o 2015\n\t\t\t\t<\/div><\/div><\/div><\/div><div style=\"clear: both\"><\/div>\n\t\t<\/div>\n\n<\/div><\/section><\/div><\/p>\n","protected":false},"excerpt":{"rendered":"","protected":false},"author":1618,"featured_media":0,"parent":2058,"menu_order":57,"comment_status":"closed","ping_status":"closed","template":"","meta":{"_acf_changed":false,"_monsterinsights_skip_tracking":false,"_monsterinsights_sitenote_active":false,"_monsterinsights_sitenote_note":"","_monsterinsights_sitenote_category":0,"footnotes":""},"class_list":["post-4213","page","type-page","status-publish","hentry"],"acf":[],"_links":{"self":[{"href":"https:\/\/escoladailha.com.br\/portal\/wp-json\/wp\/v2\/pages\/4213","targetHints":{"allow":["GET"]}}],"collection":[{"href":"https:\/\/escoladailha.com.br\/portal\/wp-json\/wp\/v2\/pages"}],"about":[{"href":"https:\/\/escoladailha.com.br\/portal\/wp-json\/wp\/v2\/types\/page"}],"author":[{"embeddable":true,"href":"https:\/\/escoladailha.com.br\/portal\/wp-json\/wp\/v2\/users\/1618"}],"replies":[{"embeddable":true,"href":"https:\/\/escoladailha.com.br\/portal\/wp-json\/wp\/v2\/comments?post=4213"}],"version-history":[{"count":1,"href":"https:\/\/escoladailha.com.br\/portal\/wp-json\/wp\/v2\/pages\/4213\/revisions"}],"predecessor-version":[{"id":33547,"href":"https:\/\/escoladailha.com.br\/portal\/wp-json\/wp\/v2\/pages\/4213\/revisions\/33547"}],"up":[{"embeddable":true,"href":"https:\/\/escoladailha.com.br\/portal\/wp-json\/wp\/v2\/pages\/2058"}],"wp:attachment":[{"href":"https:\/\/escoladailha.com.br\/portal\/wp-json\/wp\/v2\/media?parent=4213"}],"curies":[{"name":"wp","href":"https:\/\/api.w.org\/{rel}","templated":true}]}}