{"id":36931,"date":"2025-11-13T18:50:30","date_gmt":"2025-11-13T21:50:30","guid":{"rendered":"https:\/\/escoladailha.com.br\/portal\/?page_id=36931"},"modified":"2026-01-12T12:20:08","modified_gmt":"2026-01-12T15:20:08","slug":"listas-de-material-2026","status":"publish","type":"page","link":"https:\/\/escoladailha.com.br\/portal\/2026-2\/listas-de-material-2026\/","title":{"rendered":"Listas de material 2026"},"content":{"rendered":"<div class=\"flex_column av_two_third  flex_column_div av-zero-column-padding first  avia-builder-el-0  el_before_av_one_third  avia-builder-el-first  \" style='border-radius:0px; '><section class=\"av_textblock_section \"  itemscope=\"itemscope\" itemtype=\"https:\/\/schema.org\/CreativeWork\" ><div class='avia_textblock  '   itemprop=\"text\" ><h2>Listas de material 2026 \u00a0 <strong>&gt;&gt;&gt;&gt;&gt;&gt;&gt;&gt;<\/strong><\/h2>\n<p>H\u00e1 v\u00e1rias formas de baratear a compra dos livros.<\/p>\n<h1 style=\"text-align: center;\">SISTEMA DE TROCA DE LIVROS ENTRE PAIS<\/h1>\n<p>O<span style=\"color: #0000ff;\"><strong><a style=\"color: #0000ff;\" href=\"https:\/\/escoladailha.com.br\/portal\/servico\/troca-de-livros\/\" target=\"_blank\" rel=\"noopener\"> Sistema de Troca de Livros<\/a> <\/strong><\/span>de nosso portal j\u00e1 est\u00e1 dispon\u00edvel\u00a0<strong>(\u00e9 necess\u00e1rio se logar)<\/strong>. O link est\u00e1 tamb\u00e9m dispon\u00edvel nas p\u00e1ginas 2025 e na p\u00e1gina ALUNOS.<\/p>\n<p><strong>Podem ser trocados:<\/strong><\/p>\n<ul>\n<li>livros de literatura e dicion\u00e1rios de todas as s\u00e9ries;<\/li>\n<li>os livros did\u00e1ticos do 6\u00ba ao 9\u00ba ano que foram adotados no ano passado.<\/li>\n<\/ul>\n<p><strong>N\u00e3o podem ser trocados:<\/strong><\/p>\n<ul>\n<li>Os livros did\u00e1ticos do 2\u00ba ao\u00a05\u00ba ano, j\u00e1 que, frequentemente, os alunos realizam suas atividades nos pr\u00f3prios livros;<\/li>\n<li>Os livros did\u00e1ticos do 6\u00ba ao 9\u00ba ano que foram adotados neste ano e n\u00e3o constavam nas listas de material do ano passado;<\/li>\n<li>Os livros did\u00e1ticos e apostilas do Ensino M\u00e9dio, adquiridos na Escola, que sofrem altera\u00e7\u00f5es todos os anos e podem ser \u00fateis para a prepara\u00e7\u00e3o para o ENEM e o vestibular;<\/li>\n<\/ul>\n<h1 style=\"text-align: center;\">COMPRA DIRETA NAS EDITORAS:<\/h1>\n<h2 style=\"text-align: left;\"><strong>\u00c1TICA<\/strong><strong>, ATUAL, SCIPIONE, SARAIVA (SOMOS):<\/strong><\/h2>\n<div>\n<p><a href=\"https:\/\/www.domquixote-rs.com.br\/\" target=\"_blank\" rel=\"noopener\">domquixote-rs.com.br<\/a><\/p>\n<p>Cupom:\u00a0<strong>EILHA2026<\/strong><\/p>\n<p>20% de desconto;<\/p>\n<p>boleto, pix ou cart\u00e3o de cr\u00e9dito, at\u00e9 6x sem juros<\/p>\n<p>Frete: SEDEX\/PAC por conta do cliente;<\/p>\n<p>Pagamento: Boleto\/PIX (\u00e0 vista) ou cart\u00e3o de cr\u00e9dito em at\u00e9 6x (parcela m\u00ednima de R$ 70,00);<\/p>\n<p>Em caso de d\u00favida ou problema,\u00a0<a href=\"https:\/\/www.escoladailha.com.br\/media\/2024\/material\/passo_a_passo_somos.pdf\" target=\"_blank\" rel=\"noopener\">consulte o passo a passo<\/a>\u00a0produzido pela Somos, ou entre em contato, de segunda a sexta, das 8h \u00e0s 18h, com:<a href=\"mailto:vendasite@somos-rs.com.br\" target=\"_blank\" rel=\"noopener\">\u00a0vendasite@somos-rs.com.br<\/a>, tel: (51) 3094-7800,\u00a0\u00a0WhatsApp: (51) 98422-0930.<\/p>\n<\/div>\n<h2 style=\"text-align: left;\"><strong>FTD\u00a0<\/strong><\/h2>\n<p class=\"elementToProof\"><b><a id=\"OWA48db5e43-b3c6-2ae0-3d89-c77f8539b375\" class=\"OWAAutoLink\" href=\"http:\/\/lumisfera.com.br\/\" data-auth=\"NotApplicable\">lumisfera.com.br<\/a><\/b><\/p>\n<p class=\"elementToProof\">C\u00f3digo da Escola: <b>47570<\/b> (a partir de 10 de dezembro)<\/p>\n<p class=\"elementToProof\">20% de desconto;<\/p>\n<p class=\"elementToProof\">at\u00e9 6x sem juros (de 7 a 10x com juros);<\/p>\n<p class=\"elementToProof\">Frete: R$ 38,00 por fam\u00edlia;<\/p>\n<p class=\"elementToProof\">Em caso de problemas ou d\u00favidas, ligue para o SAC da FTD: (011) 3003.4494 ou Alexandre: \u202d(048) 99661-9600\u202c.<\/p>\n<p><strong style=\"font-size: 28px;\">Literatura, MODERNA<\/strong><strong style=\"font-size: 28px;\">, SALAMANDRA<\/strong><strong style=\"font-size: 28px;\">, SANTILLANA, e PEARSON:<\/strong><\/p>\n<div><a href=\"https:\/\/www.disal.com.br\/escoladailha\">https:\/\/www.disal.com.br\/escoladailha<\/a><\/div>\n<div>Senha: ilha2026<\/div>\n<p>Neste canal, voc\u00ea compra TODOS OS LIVROS DE LITERATURA e os livros das editoras acima,<\/p>\n<p>20% de desconto, na maioria dos casos.<\/p>\n<p>Pagamento via boleto, PIX, ou cart\u00e3o de cr\u00e9dito, at\u00e9 em 4 x sem juros.<\/p>\n<p>Acesse o link, digite a senha, escolha os livros, v\u00e1 at\u00e9 o carrinho, finalize a compra.<\/p>\n<div>\n<p>Em caso de d\u00favidas ou dificuldades, clique no \u00edcone do whatsapp, ou entre em contato com a editora (Jos\u00e9 Bernardo): Fone: 041 3229-9987; celular\/whatsapp:\u00a0<a href=\"https:\/\/wa.me\/message\/5K4LRHPLPXTME1\" target=\"_blank\" rel=\"noopener\">+5541 98860-4342<\/a>; ou Loja Curitiba (fone\/whatsapp):\u00a0<a href=\"https:\/\/wa.me\/message\/7SWGPBZGIA7ZL1\" target=\"_blank\" rel=\"noopener\">+554198860-5353<\/a>.<\/p>\n<\/div>\n<p><span style=\"font-size: 28px; font-weight: 600;\">Livraria Divertida (C\u00f3rrego Grande)<\/span><\/p>\n<p>Nesta livraria, h\u00e1 estoque dos livros de literatura publicados por editoras de Forian\u00f3polis, indicados na lista do <strong>3\u00ba ano EF: <\/strong>Histo\u0301ria de Floriano\u0301polis para ler e contar, de Ma\u0301rio Pereira, e Palavras M\u00e1gicas, de Bebel Orofino.<\/p>\n<p>Av. \u00c2ngelo Crema, 428 &#8211; C\u00f3rrego Grande, Florian\u00f3polis &#8211; SC, 88037-270<br \/>\ntelefone: (48) 98865-0190.<\/p>\n<div><\/div>\n<\/div><\/section><\/div><div class=\"flex_column av_one_third  flex_column_div av-zero-column-padding   avia-builder-el-2  el_after_av_two_third  avia-builder-el-last  \" style='border-radius:0px; '><section class=\"av_textblock_section \"  itemscope=\"itemscope\" itemtype=\"https:\/\/schema.org\/CreativeWork\" ><div class='avia_textblock  '   itemprop=\"text\" ><p><a href=\"https:\/\/www.escoladailha.com.br\/media\/2026\/material\/tabela_de_precos_2026.pdf\" target=\"_blank\" rel=\"noopener\">Lista completa com pre\u00e7os e canais de compra<\/a><\/p>\n<p><a href=\"https:\/\/www.escoladailha.com.br\/media\/2026\/material\/Material_INF_A_2026.pdf\" target=\"_blank\" rel=\"noopener\">Infantil A<\/a><\/p>\n<p><a href=\"https:\/\/www.escoladailha.com.br\/media\/2026\/material\/Material_INF_B_2026.pdf\" target=\"_blank\" rel=\"noopener\">Infantil B<\/a><\/p>\n<p><a href=\"https:\/\/www.escoladailha.com.br\/media\/2026\/material\/Material_INF_C_2026.pdf\" target=\"_blank\" rel=\"noopener\">Infantil C<\/a><\/p>\n<p><a href=\"https:\/\/www.escoladailha.com.br\/media\/2026\/material\/Material_1_EF_2026.pdf\" target=\"_blank\" rel=\"noopener\">1\u00ba ano do Ensino Fundamental<\/a><\/p>\n<p><a href=\"https:\/\/www.escoladailha.com.br\/media\/2026\/material\/Material_2_EF_2026.pdf\" target=\"_blank\" rel=\"noopener\">2\u00ba ano do Ensino Fundamental<\/a><\/p>\n<p><a href=\"https:\/\/www.escoladailha.com.br\/media\/2026\/material\/Material_3_EF_2026.pdf\" target=\"_blank\" rel=\"noopener\">3\u00ba ano do Ensino Fundamental<\/a><\/p>\n<p><a href=\"https:\/\/www.escoladailha.com.br\/media\/2026\/material\/Material_4_EF_2026.pdf\" target=\"_blank\" rel=\"noopener\">4\u00ba ano do Ensino Fundamental<\/a><\/p>\n<p><a href=\"https:\/\/www.escoladailha.com.br\/media\/2026\/material\/Material_5_EF_2026.pdf\" target=\"_blank\" rel=\"noopener\">5\u00ba ano do Ensino Fundamental<\/a><\/p>\n<p><a href=\"https:\/\/www.escoladailha.com.br\/media\/2026\/material\/Material_6_EF_2026.pdf\" target=\"_blank\" rel=\"noopener\">6\u00ba ano do Ensino Fundamental<\/a><\/p>\n<p><a href=\"https:\/\/www.escoladailha.com.br\/media\/2026\/material\/Material_7_EF_2026.pdf\" target=\"_blank\" rel=\"noopener\">7\u00ba ano do\u00a0Ensino Fundamental<\/a><\/p>\n<p><a href=\"https:\/\/www.escoladailha.com.br\/media\/2026\/material\/Material_8_EF_2026.pdf\" target=\"_blank\" rel=\"noopener\">8\u00ba ano do Ensino Fundamental<\/a><\/p>\n<p><a href=\"https:\/\/www.escoladailha.com.br\/media\/2026\/material\/Material_9_EF_2026.pdf\" target=\"_blank\" rel=\"noopener\">9\u00ba ano do Ensino Fundamental<\/a><\/p>\n<p><a href=\"https:\/\/www.escoladailha.com.br\/media\/2026\/material\/Material_1_EM_2026.pdf\" target=\"_blank\" rel=\"noopener\">1\u00aa s\u00e9rie do Ensino M\u00e9dio<\/a><\/p>\n<p><a href=\"https:\/\/www.escoladailha.com.br\/media\/2026\/material\/Material_2_EM_2026.pdf\" target=\"_blank\" rel=\"noopener\">2\u00aa s\u00e9rie do\u00a0Ensino M\u00e9dio<\/a><\/p>\n<p><a href=\"https:\/\/www.escoladailha.com.br\/media\/2026\/material\/Material_3_EM_2026.pdf\" target=\"_blank\" rel=\"noopener\">3\u00aa s\u00e9rie do Ensino M\u00e9dio<\/a><\/p>\n<\/div><\/section><\/div><\/p>\n","protected":false},"excerpt":{"rendered":"","protected":false},"author":1612,"featured_media":0,"parent":36913,"menu_order":17,"comment_status":"open","ping_status":"closed","template":"","meta":{"_acf_changed":false,"_monsterinsights_skip_tracking":false,"_monsterinsights_sitenote_active":false,"_monsterinsights_sitenote_note":"","_monsterinsights_sitenote_category":0,"footnotes":""},"class_list":["post-36931","page","type-page","status-publish","hentry"],"acf":[],"_links":{"self":[{"href":"https:\/\/escoladailha.com.br\/portal\/wp-json\/wp\/v2\/pages\/36931","targetHints":{"allow":["GET"]}}],"collection":[{"href":"https:\/\/escoladailha.com.br\/portal\/wp-json\/wp\/v2\/pages"}],"about":[{"href":"https:\/\/escoladailha.com.br\/portal\/wp-json\/wp\/v2\/types\/page"}],"author":[{"embeddable":true,"href":"https:\/\/escoladailha.com.br\/portal\/wp-json\/wp\/v2\/users\/1612"}],"replies":[{"embeddable":true,"href":"https:\/\/escoladailha.com.br\/portal\/wp-json\/wp\/v2\/comments?post=36931"}],"version-history":[{"count":9,"href":"https:\/\/escoladailha.com.br\/portal\/wp-json\/wp\/v2\/pages\/36931\/revisions"}],"predecessor-version":[{"id":37757,"href":"https:\/\/escoladailha.com.br\/portal\/wp-json\/wp\/v2\/pages\/36931\/revisions\/37757"}],"up":[{"embeddable":true,"href":"https:\/\/escoladailha.com.br\/portal\/wp-json\/wp\/v2\/pages\/36913"}],"wp:attachment":[{"href":"https:\/\/escoladailha.com.br\/portal\/wp-json\/wp\/v2\/media?parent=36931"}],"curies":[{"name":"wp","href":"https:\/\/api.w.org\/{rel}","templated":true}]}}