{"id":34696,"date":"2024-08-28T12:14:56","date_gmt":"2024-08-28T15:14:56","guid":{"rendered":"https:\/\/escoladailha.com.br\/portal\/?page_id=34696"},"modified":"2025-09-03T16:53:35","modified_gmt":"2025-09-03T19:53:35","slug":"contratos-2026","status":"publish","type":"page","link":"https:\/\/escoladailha.com.br\/portal\/2026-2\/contratos-2026\/","title":{"rendered":"Contratos para o ano de 2026"},"content":{"rendered":"<div class=\"flex_column av_one_full  flex_column_div av-zero-column-padding first  avia-builder-el-0  avia-builder-el-no-sibling  \" style='border-radius:0px; '><section class=\"av_textblock_section \"  itemscope=\"itemscope\" itemtype=\"https:\/\/schema.org\/CreativeWork\" ><div class='avia_textblock  '   itemprop=\"text\" ><h2><\/h2>\n<h2>Contratos de servi\u00e7os educacionais para 2026<\/h2>\n<p>Encontre, aqui, a Circular e os Contratos de presta\u00e7\u00e3o de servi\u00e7os educacionais v\u00e1lidos para 2026. Eles foram registrados em 2023 no 1\u00ba Of\u00edcio de Registro Civil, de Documentos e de Pessoas Jur\u00eddicas de Florian\u00f3polis e se aplicam para os anos letivos de 2024 em diante.<\/p>\n<p>Como o valor das mensalidades \u00e9 alterado todos os anos, estes contratos estabelecem que os valores s\u00e3o os que constam no Requerimento de matr\u00edcula.<\/p>\n<p>O registro em cart\u00f3rio poupa as partes da assinatura do contrato em duas vias. Ao entregar \u00e0 Escola, assinado, o Requerimento de Matr\u00edcula, o respons\u00e1vel financeiro manifesta sua aceita\u00e7\u00e3o dos termos deste contrato. Ao aceit\u00e1-lo, a Escola tamb\u00e9m manifesta a sua concord\u00e2ncia.<\/p>\n<p>A efetiva\u00e7\u00e3o da matr\u00edcula observar\u00e1, tamb\u00e9m, os requisitos detalhados na Cl\u00e1usula 9\u00aa dos contratos, em particular a regularidade da documenta\u00e7\u00e3o.<\/p>\n<p><span style=\"color: #3366ff;\"><a style=\"color: #3366ff;\" href=\"https:\/\/www.escoladailha.com.br\/media\/2026\/circular_matriculas_2026.pdf\" target=\"_blank\" rel=\"noopener\">Circular Especial Matr\u00edculas &#8211; n\u00ba 01\/2026<\/a><\/span><\/p>\n<p><span style=\"color: #3366ff;\"><a style=\"color: #3366ff;\" href=\"http:\/\/escoladailha.com.br\/media\/contratos\/2024_CONTRATO_INFANTIL.pdf\" target=\"_blank\" rel=\"noopener\">Contrato Ensino Infantil<\/a><\/span><\/p>\n<p><span style=\"color: #3366ff;\"><a style=\"color: #3366ff;\" href=\"http:\/\/escoladailha.com.br\/media\/contratos\/2024_CONTRATO_FUNDAMENTAL.pdf\" target=\"_blank\" rel=\"noopener noreferrer\">Contrato Ensino Fundamental<\/a><\/span><\/p>\n<p><span style=\"color: #3366ff;\"><a style=\"color: #3366ff;\" href=\"http:\/\/escoladailha.com.br\/media\/contratos\/2024_CONTRATO_MEDIO.pdf\" target=\"_blank\" rel=\"noopener noreferrer\">Contrato Ensnio M\u00e9dio<\/a><\/span><\/p>\n<p><a href=\"http:\/\/escoladailha.com.br\/media\/contratos\/2024_CONTRATO_ALTERNADO.pdf\" target=\"_blank\" rel=\"noopener\"><span style=\"color: #3366ff;\">Contrato Turno Alternado<\/span><\/a><\/p>\n<h2><\/h2>\n<\/div><\/section><\/div>\n","protected":false},"excerpt":{"rendered":"","protected":false},"author":1612,"featured_media":0,"parent":36913,"menu_order":16,"comment_status":"open","ping_status":"closed","template":"","meta":{"_acf_changed":false,"_monsterinsights_skip_tracking":false,"_monsterinsights_sitenote_active":false,"_monsterinsights_sitenote_note":"","_monsterinsights_sitenote_category":0,"footnotes":""},"class_list":["post-34696","page","type-page","status-publish","hentry"],"acf":[],"_links":{"self":[{"href":"https:\/\/escoladailha.com.br\/portal\/wp-json\/wp\/v2\/pages\/34696","targetHints":{"allow":["GET"]}}],"collection":[{"href":"https:\/\/escoladailha.com.br\/portal\/wp-json\/wp\/v2\/pages"}],"about":[{"href":"https:\/\/escoladailha.com.br\/portal\/wp-json\/wp\/v2\/types\/page"}],"author":[{"embeddable":true,"href":"https:\/\/escoladailha.com.br\/portal\/wp-json\/wp\/v2\/users\/1612"}],"replies":[{"embeddable":true,"href":"https:\/\/escoladailha.com.br\/portal\/wp-json\/wp\/v2\/comments?post=34696"}],"version-history":[{"count":9,"href":"https:\/\/escoladailha.com.br\/portal\/wp-json\/wp\/v2\/pages\/34696\/revisions"}],"predecessor-version":[{"id":36935,"href":"https:\/\/escoladailha.com.br\/portal\/wp-json\/wp\/v2\/pages\/34696\/revisions\/36935"}],"up":[{"embeddable":true,"href":"https:\/\/escoladailha.com.br\/portal\/wp-json\/wp\/v2\/pages\/36913"}],"wp:attachment":[{"href":"https:\/\/escoladailha.com.br\/portal\/wp-json\/wp\/v2\/media?parent=34696"}],"curies":[{"name":"wp","href":"https:\/\/api.w.org\/{rel}","templated":true}]}}