{"id":2990,"date":"2016-08-07T14:51:09","date_gmt":"2016-08-07T17:51:09","guid":{"rendered":"https:\/\/escoladailha.com.br\/portal\/?page_id=2990"},"modified":"2019-01-08T11:53:10","modified_gmt":"2019-01-08T13:53:10","slug":"programa","status":"publish","type":"page","link":"https:\/\/escoladailha.com.br\/portal\/escola\/cursos\/ensino-fundamental\/programa\/","title":{"rendered":"Programa"},"content":{"rendered":"<div class=\"flex_column av_two_third  flex_column_div av-zero-column-padding first  avia-builder-el-0  el_before_av_one_third  avia-builder-el-first  \" style='border-radius:0px; '><section class=\"av_textblock_section \"  itemscope=\"itemscope\" itemtype=\"https:\/\/schema.org\/CreativeWork\" ><div class='avia_textblock  '   itemprop=\"text\" ><h3><span style=\"color: #ff0000;\">Programa e disciplinas<\/span><\/h3>\n<p>Quando ingressam no 1\u00ba\u00a0ano, aos 6 anos de idade, muitos alunos n\u00e3o sabem ler, ou est\u00e3o apenas descobrindo o mundo da escrita. Eles ainda carecem de autonomia para muitas tarefas, ainda tem progressos a fazer em mat\u00e9ria de motricidade e habilidades motoras, necessitam de uma aten\u00e7\u00e3o por parte dos educadores bastante carregada de afetividade.<\/p>\n<p>Segundo Piaget, trata-se de um momento important\u00edssimo no desenvolvimento da crian\u00e7a, j\u00e1 que dos 7 aos 11 anos (per\u00edodo operat\u00f3rio), a crian\u00e7a come\u00e7a a realizar as opera\u00e7\u00f5es formais (na linguagem, no pensamento l\u00f3gico e matem\u00e1tico) que v\u00e3o progressivamente construindo sua capacidade de abstra\u00e7\u00e3o.<\/p>\n<p>Nesses anos iniciais, os estudos devem portanto estar baseados em atividades e experi\u00eancias concretas, na observa\u00e7\u00e3o do mundo real, na manipula\u00e7\u00e3o de objetos. A linguagem ainda est\u00e1 em intensa constru\u00e7\u00e3o, sobretudo com a descoberta do mundo dos s\u00edmbolos e das regras da linguagem escrita. Ainda h\u00e1 habilidades b\u00e1sicas a adquirir ou a consolidar, como a seria\u00e7\u00e3o (a ordem dos objetos), a quantifica\u00e7\u00e3o, a classifica\u00e7\u00e3o (separar objetos por algum crit\u00e9rio), fundamentais para o desenvolvimento do pensamento l\u00f3gico e matem\u00e1tico.<\/p>\n<p>At\u00e9 o 3\u00ba\u00a0ano, os alunos ainda tem necessidade de uma professora regente, ponto de refer\u00eancia e fator de seguran\u00e7a para a organiza\u00e7\u00e3o da sua vida na Escola. Al\u00e9m das atividades por ela desenvolvidas, os alunos come\u00e7am a ter contato com outros professores, pois tem aulas de filosofia, educa\u00e7\u00e3o f\u00edsica, inlg\u00eas, artes pl\u00e1sticas e m\u00fasica.<\/p>\n<p>\u00c0 medida em que v\u00e3o ganhando autonomia e avan\u00e7ando no Ensino Fundamental, os alunos v\u00e3o descobrindo as v\u00e1rias \u00e1reas de conhecimento, as disciplinas v\u00e3o se multiplicando, os professores idem. No 4\u00ba\u00a0ano do Fundamental, os alunos passam a ter v\u00e1rios professores, em n\u00famero que aumenta progressivamente at\u00e9 o final do fundamental. As disciplinas v\u00e3o sendo individualizadas: matem\u00e1tica, ci\u00eancias, l\u00edngua portuguesa, integra\u00e7\u00e3o\u00a0social (hist\u00f3ria e geografia).<\/p>\n<p>A partir do 6\u00ba\u00a0ano, as disciplinas de hist\u00f3ria e geografia substituem a\u00a0integra\u00e7\u00e3o\u00a0social\u00a0e a m\u00fasica \u00e9 substitu\u00edda pela disciplina de teatro, importante para a afirma\u00e7\u00e3o da personalidade dos alunos que ingressam na puberdade e vivem os conflitos dessa fase de intensas mudan\u00e7as f\u00edsicas e ps\u00edquicas.<\/p>\n<p>No 8\u00ba\u00a0ano,\u00a0em l\u00edngua estrangeira, os alunos podem optar entre o ingl\u00eas, o espanhol e o franc\u00eas. Em artes, disponibilizamos tr\u00eas disciplinas opcionais: artes pl\u00e1sticas, teatro e cinema. No 9\u00ba\u00a0ano, a disciplina de ci\u00eancias se subdivide em f\u00edsica e qu\u00edmica.<\/p>\n<\/div><\/section><\/div><div class=\"flex_column av_one_third  flex_column_div av-zero-column-padding   avia-builder-el-2  el_after_av_two_third  avia-builder-el-last  \" style='border-radius:0px; '><section class=\"av_textblock_section \"  itemscope=\"itemscope\" itemtype=\"https:\/\/schema.org\/CreativeWork\" ><div class='avia_textblock  '   itemprop=\"text\" ><div id='gallery-1' class='gallery galleryid-2990 gallery-columns-3 gallery-size-sidegal'><div class=\"sidegal_wrap isotope\"><div class='gallery-item' item_id='6757'><div class='gallery-item-inner'>\n\t\t\t<div class='gallery-icon landscape'>\n\t\t \t\t<a href=\"https:\/\/escoladailha.com.br\/portal\/wp-content\/uploads\/2017\/02\/IMG_7344-2010x1501.jpg\"><img loading=\"lazy\" decoding=\"async\" width=\"240\" height=\"190\" src=\"https:\/\/escoladailha.com.br\/portal\/wp-content\/uploads\/2017\/02\/IMG_7344-480x380.jpg\" class=\"attachment-sidegal size-sidegal\" alt=\"\" aria-describedby=\"gallery-1-6757\" srcset=\"https:\/\/escoladailha.com.br\/portal\/wp-content\/uploads\/2017\/02\/IMG_7344-480x380.jpg 480w, https:\/\/escoladailha.com.br\/portal\/wp-content\/uploads\/2017\/02\/IMG_7344-232x184.jpg 232w\" sizes=\"auto, (max-width: 480px) 100vw, 480px\" \/><\/a>\n\t\t \t<\/div>\n\t\t\t\t<div class='wp-caption-text gallery-caption' id='gallery-1-6757'>\n\t\t\t\tSala de artes\n\t\t\t\t<\/div><\/div><\/div><div class='gallery-item' item_id='6712'><div class='gallery-item-inner'>\n\t\t\t<div class='gallery-icon landscape'>\n\t\t \t\t<a href=\"https:\/\/escoladailha.com.br\/portal\/wp-content\/uploads\/2016\/10\/DSC00962-2010x1508.jpg\"><img loading=\"lazy\" decoding=\"async\" width=\"240\" height=\"190\" src=\"https:\/\/escoladailha.com.br\/portal\/wp-content\/uploads\/2016\/10\/DSC00962-480x380.jpg\" class=\"attachment-sidegal size-sidegal\" alt=\"\" srcset=\"https:\/\/escoladailha.com.br\/portal\/wp-content\/uploads\/2016\/10\/DSC00962-480x380.jpg 480w, https:\/\/escoladailha.com.br\/portal\/wp-content\/uploads\/2016\/10\/DSC00962-232x184.jpg 232w\" sizes=\"auto, (max-width: 480px) 100vw, 480px\" \/><\/a>\n\t\t \t<\/div><\/div><\/div><div class='gallery-item' item_id='6718'><div class='gallery-item-inner'>\n\t\t\t<div class='gallery-icon landscape'>\n\t\t \t\t<a href=\"https:\/\/escoladailha.com.br\/portal\/wp-content\/uploads\/2016\/10\/DSC01443-2010x1508.jpg\"><img loading=\"lazy\" decoding=\"async\" width=\"240\" height=\"190\" src=\"https:\/\/escoladailha.com.br\/portal\/wp-content\/uploads\/2016\/10\/DSC01443-480x380.jpg\" class=\"attachment-sidegal size-sidegal\" alt=\"\" srcset=\"https:\/\/escoladailha.com.br\/portal\/wp-content\/uploads\/2016\/10\/DSC01443-480x380.jpg 480w, https:\/\/escoladailha.com.br\/portal\/wp-content\/uploads\/2016\/10\/DSC01443-232x184.jpg 232w\" sizes=\"auto, (max-width: 480px) 100vw, 480px\" \/><\/a>\n\t\t \t<\/div><\/div><\/div><div class='gallery-item' item_id='6698'><div class='gallery-item-inner'>\n\t\t\t<div class='gallery-icon landscape'>\n\t\t \t\t<a href=\"https:\/\/escoladailha.com.br\/portal\/wp-content\/uploads\/2016\/10\/DSC00304-2010x1508.jpg\"><img loading=\"lazy\" decoding=\"async\" width=\"240\" height=\"190\" src=\"https:\/\/escoladailha.com.br\/portal\/wp-content\/uploads\/2016\/10\/DSC00304-480x380.jpg\" class=\"attachment-sidegal size-sidegal\" alt=\"\" srcset=\"https:\/\/escoladailha.com.br\/portal\/wp-content\/uploads\/2016\/10\/DSC00304-480x380.jpg 480w, https:\/\/escoladailha.com.br\/portal\/wp-content\/uploads\/2016\/10\/DSC00304-232x184.jpg 232w\" sizes=\"auto, (max-width: 480px) 100vw, 480px\" \/><\/a>\n\t\t \t<\/div><\/div><\/div><div class='gallery-item' item_id='6705'><div class='gallery-item-inner'>\n\t\t\t<div class='gallery-icon landscape'>\n\t\t \t\t<a href=\"https:\/\/escoladailha.com.br\/portal\/wp-content\/uploads\/2016\/10\/DSC00495-2010x1508.jpg\"><img loading=\"lazy\" decoding=\"async\" width=\"240\" height=\"190\" src=\"https:\/\/escoladailha.com.br\/portal\/wp-content\/uploads\/2016\/10\/DSC00495-480x380.jpg\" class=\"attachment-sidegal size-sidegal\" alt=\"\" srcset=\"https:\/\/escoladailha.com.br\/portal\/wp-content\/uploads\/2016\/10\/DSC00495-480x380.jpg 480w, https:\/\/escoladailha.com.br\/portal\/wp-content\/uploads\/2016\/10\/DSC00495-232x184.jpg 232w\" sizes=\"auto, (max-width: 480px) 100vw, 480px\" \/><\/a>\n\t\t \t<\/div><\/div><\/div><div class='gallery-item' item_id='6701'><div class='gallery-item-inner'>\n\t\t\t<div class='gallery-icon landscape'>\n\t\t \t\t<a href=\"https:\/\/escoladailha.com.br\/portal\/wp-content\/uploads\/2016\/10\/DSC00370-2010x1508.jpg\"><img loading=\"lazy\" decoding=\"async\" width=\"240\" height=\"190\" src=\"https:\/\/escoladailha.com.br\/portal\/wp-content\/uploads\/2016\/10\/DSC00370-480x380.jpg\" class=\"attachment-sidegal size-sidegal\" alt=\"\" srcset=\"https:\/\/escoladailha.com.br\/portal\/wp-content\/uploads\/2016\/10\/DSC00370-480x380.jpg 480w, https:\/\/escoladailha.com.br\/portal\/wp-content\/uploads\/2016\/10\/DSC00370-232x184.jpg 232w\" sizes=\"auto, (max-width: 480px) 100vw, 480px\" \/><\/a>\n\t\t \t<\/div><\/div><\/div><div class='gallery-item' item_id='7151'><div class='gallery-item-inner'>\n\t\t\t<div class='gallery-icon landscape'>\n\t\t \t\t<a href=\"https:\/\/escoladailha.com.br\/portal\/wp-content\/uploads\/2017\/02\/fotos-1\u00aa-agosto-046.jpg\"><img loading=\"lazy\" decoding=\"async\" width=\"240\" height=\"190\" src=\"https:\/\/escoladailha.com.br\/portal\/wp-content\/uploads\/2017\/02\/fotos-1\u00aa-agosto-046-480x380.jpg\" class=\"attachment-sidegal size-sidegal\" alt=\"\" srcset=\"https:\/\/escoladailha.com.br\/portal\/wp-content\/uploads\/2017\/02\/fotos-1\u00aa-agosto-046-480x380.jpg 480w, https:\/\/escoladailha.com.br\/portal\/wp-content\/uploads\/2017\/02\/fotos-1\u00aa-agosto-046-232x184.jpg 232w\" sizes=\"auto, (max-width: 480px) 100vw, 480px\" \/><\/a>\n\t\t \t<\/div><\/div><\/div><div class='gallery-item' item_id='1435'><div class='gallery-item-inner'>\n\t\t\t<div class='gallery-icon landscape'>\n\t\t \t\t<a href=\"https:\/\/escoladailha.com.br\/portal\/wp-content\/uploads\/2014\/07\/imagem1.jpg\"><img loading=\"lazy\" decoding=\"async\" width=\"240\" height=\"190\" src=\"https:\/\/escoladailha.com.br\/portal\/wp-content\/uploads\/2014\/07\/imagem1.jpg\" class=\"attachment-sidegal size-sidegal\" alt=\"\" \/><\/a>\n\t\t \t<\/div><\/div><\/div><div class='gallery-item' item_id='6738'><div class='gallery-item-inner'>\n\t\t\t<div class='gallery-icon landscape'>\n\t\t \t\t<a href=\"https:\/\/escoladailha.com.br\/portal\/wp-content\/uploads\/2017\/02\/15380330_1454594484558672_4331881130877798407_n.jpg\"><img loading=\"lazy\" decoding=\"async\" width=\"240\" height=\"190\" src=\"https:\/\/escoladailha.com.br\/portal\/wp-content\/uploads\/2017\/02\/15380330_1454594484558672_4331881130877798407_n-480x380.jpg\" class=\"attachment-sidegal size-sidegal\" alt=\"\" srcset=\"https:\/\/escoladailha.com.br\/portal\/wp-content\/uploads\/2017\/02\/15380330_1454594484558672_4331881130877798407_n-480x380.jpg 480w, https:\/\/escoladailha.com.br\/portal\/wp-content\/uploads\/2017\/02\/15380330_1454594484558672_4331881130877798407_n-232x184.jpg 232w\" sizes=\"auto, (max-width: 480px) 100vw, 480px\" \/><\/a>\n\t\t \t<\/div><\/div><\/div><div class='gallery-item' item_id='3836'><div class='gallery-item-inner'>\n\t\t\t<div class='gallery-icon portrait'>\n\t\t \t\t<a href=\"https:\/\/escoladailha.com.br\/portal\/wp-content\/uploads\/2016\/10\/240815-240815_ESCOLA_DA_ILHA_IMG_4597_FOTO_OSCAR_RIVAS-Foto-Oscar-Rivas.jpg\"><img loading=\"lazy\" decoding=\"async\" width=\"240\" height=\"190\" src=\"https:\/\/escoladailha.com.br\/portal\/wp-content\/uploads\/2016\/10\/240815-240815_ESCOLA_DA_ILHA_IMG_4597_FOTO_OSCAR_RIVAS-Foto-Oscar-Rivas-480x380.jpg\" class=\"attachment-sidegal size-sidegal\" alt=\"\" srcset=\"https:\/\/escoladailha.com.br\/portal\/wp-content\/uploads\/2016\/10\/240815-240815_ESCOLA_DA_ILHA_IMG_4597_FOTO_OSCAR_RIVAS-Foto-Oscar-Rivas-480x380.jpg 480w, https:\/\/escoladailha.com.br\/portal\/wp-content\/uploads\/2016\/10\/240815-240815_ESCOLA_DA_ILHA_IMG_4597_FOTO_OSCAR_RIVAS-Foto-Oscar-Rivas-232x184.jpg 232w\" sizes=\"auto, (max-width: 480px) 100vw, 480px\" \/><\/a>\n\t\t \t<\/div><\/div><\/div><div class='gallery-item' item_id='4595'><div class='gallery-item-inner'>\n\t\t\t<div class='gallery-icon landscape'>\n\t\t \t\t<a href=\"https:\/\/escoladailha.com.br\/portal\/wp-content\/uploads\/2016\/10\/190815-190815_ESCOLA_DA_ILHA_IMG_3520_FOTO_OSCAR_RIVAS-Foto-Oscar-Rivas.jpg\"><img loading=\"lazy\" decoding=\"async\" width=\"240\" height=\"190\" src=\"https:\/\/escoladailha.com.br\/portal\/wp-content\/uploads\/2016\/10\/190815-190815_ESCOLA_DA_ILHA_IMG_3520_FOTO_OSCAR_RIVAS-Foto-Oscar-Rivas-480x380.jpg\" class=\"attachment-sidegal size-sidegal\" alt=\"\" srcset=\"https:\/\/escoladailha.com.br\/portal\/wp-content\/uploads\/2016\/10\/190815-190815_ESCOLA_DA_ILHA_IMG_3520_FOTO_OSCAR_RIVAS-Foto-Oscar-Rivas-480x380.jpg 480w, https:\/\/escoladailha.com.br\/portal\/wp-content\/uploads\/2016\/10\/190815-190815_ESCOLA_DA_ILHA_IMG_3520_FOTO_OSCAR_RIVAS-Foto-Oscar-Rivas-232x184.jpg 232w\" sizes=\"auto, (max-width: 480px) 100vw, 480px\" \/><\/a>\n\t\t \t<\/div><\/div><\/div><div class='gallery-item' item_id='3953'><div class='gallery-item-inner'>\n\t\t\t<div class='gallery-icon landscape'>\n\t\t \t\t<a href=\"https:\/\/escoladailha.com.br\/portal\/wp-content\/uploads\/2016\/10\/170815-170815_JEAN_MAFRA_TEATRO_ALVARO_CARVALHO_IMG_3230-Foto-Oscar-Rivas.jpg\"><img loading=\"lazy\" decoding=\"async\" width=\"240\" height=\"190\" src=\"https:\/\/escoladailha.com.br\/portal\/wp-content\/uploads\/2016\/10\/170815-170815_JEAN_MAFRA_TEATRO_ALVARO_CARVALHO_IMG_3230-Foto-Oscar-Rivas-480x380.jpg\" class=\"attachment-sidegal size-sidegal\" alt=\"\" srcset=\"https:\/\/escoladailha.com.br\/portal\/wp-content\/uploads\/2016\/10\/170815-170815_JEAN_MAFRA_TEATRO_ALVARO_CARVALHO_IMG_3230-Foto-Oscar-Rivas-480x380.jpg 480w, https:\/\/escoladailha.com.br\/portal\/wp-content\/uploads\/2016\/10\/170815-170815_JEAN_MAFRA_TEATRO_ALVARO_CARVALHO_IMG_3230-Foto-Oscar-Rivas-232x184.jpg 232w\" sizes=\"auto, (max-width: 480px) 100vw, 480px\" \/><\/a>\n\t\t \t<\/div><\/div><\/div><\/div><div style=\"clear: both\"><\/div><div class=\"thumbnail_wrap isotope\"><div class='gallery-item' item_id='6757'><div class='gallery-item-inner'>\n\t\t\t<div class='gallery-icon landscape'>\n\t\t \t\t<a href=\"https:\/\/escoladailha.com.br\/portal\/wp-content\/uploads\/2017\/02\/IMG_7344-2010x1501.jpg\"><img loading=\"lazy\" decoding=\"async\" width=\"57\" height=\"57\" src=\"https:\/\/escoladailha.com.br\/portal\/wp-content\/uploads\/2017\/02\/IMG_7344-114x114.jpg\" class=\"attachment-thumbnail size-thumbnail\" alt=\"\" aria-describedby=\"gallery-1-6757\" srcset=\"https:\/\/escoladailha.com.br\/portal\/wp-content\/uploads\/2017\/02\/IMG_7344-114x114.jpg 114w, https:\/\/escoladailha.com.br\/portal\/wp-content\/uploads\/2017\/02\/IMG_7344-36x36.jpg 36w\" sizes=\"auto, (max-width: 114px) 100vw, 114px\" \/><\/a>\n\t\t \t<\/div>\n\t\t\t\t<div class='wp-caption-text gallery-caption' id='gallery-1-6757'>\n\t\t\t\tSala de artes\n\t\t\t\t<\/div><\/div><\/div><div class='gallery-item' item_id='6712'><div class='gallery-item-inner'>\n\t\t\t<div class='gallery-icon landscape'>\n\t\t \t\t<a href=\"https:\/\/escoladailha.com.br\/portal\/wp-content\/uploads\/2016\/10\/DSC00962-2010x1508.jpg\"><img loading=\"lazy\" decoding=\"async\" width=\"57\" height=\"57\" src=\"https:\/\/escoladailha.com.br\/portal\/wp-content\/uploads\/2016\/10\/DSC00962-114x114.jpg\" class=\"attachment-thumbnail size-thumbnail\" alt=\"\" srcset=\"https:\/\/escoladailha.com.br\/portal\/wp-content\/uploads\/2016\/10\/DSC00962-114x114.jpg 114w, https:\/\/escoladailha.com.br\/portal\/wp-content\/uploads\/2016\/10\/DSC00962-36x36.jpg 36w\" sizes=\"auto, (max-width: 114px) 100vw, 114px\" \/><\/a>\n\t\t \t<\/div><\/div><\/div><div class='gallery-item' item_id='6718'><div class='gallery-item-inner'>\n\t\t\t<div class='gallery-icon landscape'>\n\t\t \t\t<a href=\"https:\/\/escoladailha.com.br\/portal\/wp-content\/uploads\/2016\/10\/DSC01443-2010x1508.jpg\"><img loading=\"lazy\" decoding=\"async\" width=\"57\" height=\"57\" src=\"https:\/\/escoladailha.com.br\/portal\/wp-content\/uploads\/2016\/10\/DSC01443-114x114.jpg\" class=\"attachment-thumbnail size-thumbnail\" alt=\"\" srcset=\"https:\/\/escoladailha.com.br\/portal\/wp-content\/uploads\/2016\/10\/DSC01443-114x114.jpg 114w, https:\/\/escoladailha.com.br\/portal\/wp-content\/uploads\/2016\/10\/DSC01443-36x36.jpg 36w\" sizes=\"auto, (max-width: 114px) 100vw, 114px\" \/><\/a>\n\t\t \t<\/div><\/div><\/div><div class='gallery-item' item_id='6698'><div class='gallery-item-inner'>\n\t\t\t<div class='gallery-icon landscape'>\n\t\t \t\t<a href=\"https:\/\/escoladailha.com.br\/portal\/wp-content\/uploads\/2016\/10\/DSC00304-2010x1508.jpg\"><img loading=\"lazy\" decoding=\"async\" width=\"57\" height=\"57\" src=\"https:\/\/escoladailha.com.br\/portal\/wp-content\/uploads\/2016\/10\/DSC00304-114x114.jpg\" class=\"attachment-thumbnail size-thumbnail\" alt=\"\" srcset=\"https:\/\/escoladailha.com.br\/portal\/wp-content\/uploads\/2016\/10\/DSC00304-114x114.jpg 114w, https:\/\/escoladailha.com.br\/portal\/wp-content\/uploads\/2016\/10\/DSC00304-36x36.jpg 36w\" sizes=\"auto, (max-width: 114px) 100vw, 114px\" \/><\/a>\n\t\t \t<\/div><\/div><\/div><div class='gallery-item' item_id='6705'><div class='gallery-item-inner'>\n\t\t\t<div class='gallery-icon landscape'>\n\t\t \t\t<a href=\"https:\/\/escoladailha.com.br\/portal\/wp-content\/uploads\/2016\/10\/DSC00495-2010x1508.jpg\"><img loading=\"lazy\" decoding=\"async\" width=\"57\" height=\"57\" src=\"https:\/\/escoladailha.com.br\/portal\/wp-content\/uploads\/2016\/10\/DSC00495-114x114.jpg\" class=\"attachment-thumbnail size-thumbnail\" alt=\"\" srcset=\"https:\/\/escoladailha.com.br\/portal\/wp-content\/uploads\/2016\/10\/DSC00495-114x114.jpg 114w, https:\/\/escoladailha.com.br\/portal\/wp-content\/uploads\/2016\/10\/DSC00495-36x36.jpg 36w\" sizes=\"auto, (max-width: 114px) 100vw, 114px\" \/><\/a>\n\t\t \t<\/div><\/div><\/div><div class='gallery-item' item_id='6701'><div class='gallery-item-inner'>\n\t\t\t<div class='gallery-icon landscape'>\n\t\t \t\t<a href=\"https:\/\/escoladailha.com.br\/portal\/wp-content\/uploads\/2016\/10\/DSC00370-2010x1508.jpg\"><img loading=\"lazy\" decoding=\"async\" width=\"57\" height=\"57\" src=\"https:\/\/escoladailha.com.br\/portal\/wp-content\/uploads\/2016\/10\/DSC00370-114x114.jpg\" class=\"attachment-thumbnail size-thumbnail\" alt=\"\" srcset=\"https:\/\/escoladailha.com.br\/portal\/wp-content\/uploads\/2016\/10\/DSC00370-114x114.jpg 114w, https:\/\/escoladailha.com.br\/portal\/wp-content\/uploads\/2016\/10\/DSC00370-36x36.jpg 36w\" sizes=\"auto, (max-width: 114px) 100vw, 114px\" \/><\/a>\n\t\t \t<\/div><\/div><\/div><div class='gallery-item' item_id='7151'><div class='gallery-item-inner'>\n\t\t\t<div class='gallery-icon landscape'>\n\t\t \t\t<a href=\"https:\/\/escoladailha.com.br\/portal\/wp-content\/uploads\/2017\/02\/fotos-1\u00aa-agosto-046.jpg\"><img loading=\"lazy\" decoding=\"async\" width=\"57\" height=\"57\" src=\"https:\/\/escoladailha.com.br\/portal\/wp-content\/uploads\/2017\/02\/fotos-1\u00aa-agosto-046-114x114.jpg\" class=\"attachment-thumbnail size-thumbnail\" alt=\"\" srcset=\"https:\/\/escoladailha.com.br\/portal\/wp-content\/uploads\/2017\/02\/fotos-1\u00aa-agosto-046-114x114.jpg 114w, https:\/\/escoladailha.com.br\/portal\/wp-content\/uploads\/2017\/02\/fotos-1\u00aa-agosto-046-480x480.jpg 480w, https:\/\/escoladailha.com.br\/portal\/wp-content\/uploads\/2017\/02\/fotos-1\u00aa-agosto-046-36x36.jpg 36w\" sizes=\"auto, (max-width: 114px) 100vw, 114px\" \/><\/a>\n\t\t \t<\/div><\/div><\/div><div class='gallery-item' item_id='1435'><div class='gallery-item-inner'>\n\t\t\t<div class='gallery-icon landscape'>\n\t\t \t\t<a href=\"https:\/\/escoladailha.com.br\/portal\/wp-content\/uploads\/2014\/07\/imagem1.jpg\"><img loading=\"lazy\" decoding=\"async\" width=\"57\" height=\"57\" src=\"https:\/\/escoladailha.com.br\/portal\/wp-content\/uploads\/2014\/07\/imagem1-114x114.jpg\" class=\"attachment-thumbnail size-thumbnail\" alt=\"\" srcset=\"https:\/\/escoladailha.com.br\/portal\/wp-content\/uploads\/2014\/07\/imagem1-114x114.jpg 114w, https:\/\/escoladailha.com.br\/portal\/wp-content\/uploads\/2014\/07\/imagem1-36x36.jpg 36w\" sizes=\"auto, (max-width: 114px) 100vw, 114px\" \/><\/a>\n\t\t \t<\/div><\/div><\/div><div class='gallery-item' item_id='6738'><div class='gallery-item-inner'>\n\t\t\t<div class='gallery-icon landscape'>\n\t\t \t\t<a href=\"https:\/\/escoladailha.com.br\/portal\/wp-content\/uploads\/2017\/02\/15380330_1454594484558672_4331881130877798407_n.jpg\"><img loading=\"lazy\" decoding=\"async\" width=\"57\" height=\"57\" src=\"https:\/\/escoladailha.com.br\/portal\/wp-content\/uploads\/2017\/02\/15380330_1454594484558672_4331881130877798407_n-114x114.jpg\" class=\"attachment-thumbnail size-thumbnail\" alt=\"\" srcset=\"https:\/\/escoladailha.com.br\/portal\/wp-content\/uploads\/2017\/02\/15380330_1454594484558672_4331881130877798407_n-114x114.jpg 114w, https:\/\/escoladailha.com.br\/portal\/wp-content\/uploads\/2017\/02\/15380330_1454594484558672_4331881130877798407_n-36x36.jpg 36w\" sizes=\"auto, (max-width: 114px) 100vw, 114px\" \/><\/a>\n\t\t \t<\/div><\/div><\/div><div class='gallery-item' item_id='3836'><div class='gallery-item-inner'>\n\t\t\t<div class='gallery-icon portrait'>\n\t\t \t\t<a href=\"https:\/\/escoladailha.com.br\/portal\/wp-content\/uploads\/2016\/10\/240815-240815_ESCOLA_DA_ILHA_IMG_4597_FOTO_OSCAR_RIVAS-Foto-Oscar-Rivas.jpg\"><img loading=\"lazy\" decoding=\"async\" width=\"57\" height=\"57\" src=\"https:\/\/escoladailha.com.br\/portal\/wp-content\/uploads\/2016\/10\/240815-240815_ESCOLA_DA_ILHA_IMG_4597_FOTO_OSCAR_RIVAS-Foto-Oscar-Rivas-114x114.jpg\" class=\"attachment-thumbnail size-thumbnail\" alt=\"\" srcset=\"https:\/\/escoladailha.com.br\/portal\/wp-content\/uploads\/2016\/10\/240815-240815_ESCOLA_DA_ILHA_IMG_4597_FOTO_OSCAR_RIVAS-Foto-Oscar-Rivas-114x114.jpg 114w, https:\/\/escoladailha.com.br\/portal\/wp-content\/uploads\/2016\/10\/240815-240815_ESCOLA_DA_ILHA_IMG_4597_FOTO_OSCAR_RIVAS-Foto-Oscar-Rivas-36x36.jpg 36w\" sizes=\"auto, (max-width: 114px) 100vw, 114px\" \/><\/a>\n\t\t \t<\/div><\/div><\/div><div class='gallery-item' item_id='4595'><div class='gallery-item-inner'>\n\t\t\t<div class='gallery-icon landscape'>\n\t\t \t\t<a href=\"https:\/\/escoladailha.com.br\/portal\/wp-content\/uploads\/2016\/10\/190815-190815_ESCOLA_DA_ILHA_IMG_3520_FOTO_OSCAR_RIVAS-Foto-Oscar-Rivas.jpg\"><img loading=\"lazy\" decoding=\"async\" width=\"57\" height=\"57\" src=\"https:\/\/escoladailha.com.br\/portal\/wp-content\/uploads\/2016\/10\/190815-190815_ESCOLA_DA_ILHA_IMG_3520_FOTO_OSCAR_RIVAS-Foto-Oscar-Rivas-114x114.jpg\" class=\"attachment-thumbnail size-thumbnail\" alt=\"\" srcset=\"https:\/\/escoladailha.com.br\/portal\/wp-content\/uploads\/2016\/10\/190815-190815_ESCOLA_DA_ILHA_IMG_3520_FOTO_OSCAR_RIVAS-Foto-Oscar-Rivas-114x114.jpg 114w, https:\/\/escoladailha.com.br\/portal\/wp-content\/uploads\/2016\/10\/190815-190815_ESCOLA_DA_ILHA_IMG_3520_FOTO_OSCAR_RIVAS-Foto-Oscar-Rivas-36x36.jpg 36w\" sizes=\"auto, (max-width: 114px) 100vw, 114px\" \/><\/a>\n\t\t \t<\/div><\/div><\/div><div class='gallery-item' item_id='3953'><div class='gallery-item-inner'>\n\t\t\t<div class='gallery-icon landscape'>\n\t\t \t\t<a href=\"https:\/\/escoladailha.com.br\/portal\/wp-content\/uploads\/2016\/10\/170815-170815_JEAN_MAFRA_TEATRO_ALVARO_CARVALHO_IMG_3230-Foto-Oscar-Rivas.jpg\"><img loading=\"lazy\" decoding=\"async\" width=\"57\" height=\"57\" src=\"https:\/\/escoladailha.com.br\/portal\/wp-content\/uploads\/2016\/10\/170815-170815_JEAN_MAFRA_TEATRO_ALVARO_CARVALHO_IMG_3230-Foto-Oscar-Rivas-114x114.jpg\" class=\"attachment-thumbnail size-thumbnail\" alt=\"\" srcset=\"https:\/\/escoladailha.com.br\/portal\/wp-content\/uploads\/2016\/10\/170815-170815_JEAN_MAFRA_TEATRO_ALVARO_CARVALHO_IMG_3230-Foto-Oscar-Rivas-114x114.jpg 114w, https:\/\/escoladailha.com.br\/portal\/wp-content\/uploads\/2016\/10\/170815-170815_JEAN_MAFRA_TEATRO_ALVARO_CARVALHO_IMG_3230-Foto-Oscar-Rivas-36x36.jpg 36w\" sizes=\"auto, (max-width: 114px) 100vw, 114px\" \/><\/a>\n\t\t \t<\/div><\/div><\/div><\/div><div style=\"clear: both\"><\/div>\n\t\t<\/div>\n\n<\/div><\/section><\/div><\/p>\n","protected":false},"excerpt":{"rendered":"","protected":false},"author":1612,"featured_media":0,"parent":2052,"menu_order":47,"comment_status":"closed","ping_status":"closed","template":"","meta":{"_acf_changed":false,"_monsterinsights_skip_tracking":false,"_monsterinsights_sitenote_active":false,"_monsterinsights_sitenote_note":"","_monsterinsights_sitenote_category":0,"footnotes":""},"class_list":["post-2990","page","type-page","status-publish","hentry"],"acf":[],"_links":{"self":[{"href":"https:\/\/escoladailha.com.br\/portal\/wp-json\/wp\/v2\/pages\/2990","targetHints":{"allow":["GET"]}}],"collection":[{"href":"https:\/\/escoladailha.com.br\/portal\/wp-json\/wp\/v2\/pages"}],"about":[{"href":"https:\/\/escoladailha.com.br\/portal\/wp-json\/wp\/v2\/types\/page"}],"author":[{"embeddable":true,"href":"https:\/\/escoladailha.com.br\/portal\/wp-json\/wp\/v2\/users\/1612"}],"replies":[{"embeddable":true,"href":"https:\/\/escoladailha.com.br\/portal\/wp-json\/wp\/v2\/comments?post=2990"}],"version-history":[{"count":0,"href":"https:\/\/escoladailha.com.br\/portal\/wp-json\/wp\/v2\/pages\/2990\/revisions"}],"up":[{"embeddable":true,"href":"https:\/\/escoladailha.com.br\/portal\/wp-json\/wp\/v2\/pages\/2052"}],"wp:attachment":[{"href":"https:\/\/escoladailha.com.br\/portal\/wp-json\/wp\/v2\/media?parent=2990"}],"curies":[{"name":"wp","href":"https:\/\/api.w.org\/{rel}","templated":true}]}}