{"id":27784,"date":"2021-02-16T00:01:39","date_gmt":"2021-02-16T03:01:39","guid":{"rendered":"https:\/\/escoladailha.com.br\/portal\/?page_id=27784"},"modified":"2026-02-20T11:08:49","modified_gmt":"2026-02-20T14:08:49","slug":"vans","status":"publish","type":"page","link":"https:\/\/escoladailha.com.br\/portal\/servico\/vans\/","title":{"rendered":"Vans escolares que passam pela Escola da Ilha"},"content":{"rendered":"<div class=\"flex_column av_two_third  flex_column_div av-zero-column-padding first  avia-builder-el-0  avia-builder-el-no-sibling  \" style='border-radius:0px; '><section class=\"av_textblock_section \"  itemscope=\"itemscope\" itemtype=\"https:\/\/schema.org\/CreativeWork\" ><div class='avia_textblock  '   itemprop=\"text\" ><h2>Vans escolares que tem a Escola em seu trajeto<\/h2>\n<p>As vans escolares s\u00e3o totalmente independentes da Escola da Ilha, mesmo quando veiculam propaganda da Escola.<\/p>\n<p>Enquanto estivermos sob estado de calamidade p\u00fablica em raz\u00e3o da COVID 19, as vans dever\u00e3o observar uma s\u00e9rie de restri\u00e7\u00f5es, que constam no PLANCON da Escola, e assinar um termo de responsabilidade com a Escola em que se comprometem a respeit\u00e1-las.<\/p>\n<p>Veja aqui, a lista das vans que tem a Escola no seu trajeto, com os contatos dos seus propriet\u00e1rios:<\/p>\n<p><strong>JH\u00a0<\/strong>(Jonathan &#8211; 99119.1330): Barra Da Lagoa, Campeche, Canto da Lagoa, Lagoa, Porto da Lagoa, Rio Tavares.<\/p>\n<p><strong>Manezinho transporte <\/strong>(984118145 Natal\u00edcia,\u00a0984041094 Andr\u00e9). Centro, Agron\u00f4mica, Trindade e Itacorubi.<\/p>\n<div><b>Cristiane (<\/b>Aparecida R. Vieira Marques &#8211; 991863800): Itacorubi, Trindade, Monte Verde, Saco Grande, Parque S. Jorge, Jd. Anchieta.<\/div>\n<p><strong>Transporte Escolar Tia Cris<\/strong> (98433.8010): Santa Monica trindade, Parque S\u00e3o Jorge, itacorubi.<\/p>\n<p><strong>Mareli Transporte Escolar<\/strong> (S\u00e9rgio &#8211;\u00a099961.8957):\u00a0Pantanal, Carvoeira,<strong>\u00a0<\/strong>C\u00f3rrego Grande, Itacorubi, Parque S\u00e3o Jorge, Jardim Anchieta.<\/p>\n<p><strong>Camargo<\/strong> (Luciano Camargo &#8211; 99665.6888): Jo\u00e3o Paulo, Itacorubi, Parque S\u00e3o Jorge, Santa M\u00f4nica, C\u00f3rrego Grande, Trindade.<\/p>\n<p><strong>Da Silveira<\/strong> (Bruno e J\u00ebssica, 99103.5695): Campeche, Rio Tavares, Morro das Pedras.<\/p>\n<\/div><\/section><\/div>\n","protected":false},"excerpt":{"rendered":"","protected":false},"author":1612,"featured_media":0,"parent":1989,"menu_order":129,"comment_status":"open","ping_status":"closed","template":"","meta":{"_acf_changed":false,"_monsterinsights_skip_tracking":false,"_monsterinsights_sitenote_active":false,"_monsterinsights_sitenote_note":"","_monsterinsights_sitenote_category":0,"footnotes":""},"class_list":["post-27784","page","type-page","status-publish","hentry"],"acf":[],"_links":{"self":[{"href":"https:\/\/escoladailha.com.br\/portal\/wp-json\/wp\/v2\/pages\/27784","targetHints":{"allow":["GET"]}}],"collection":[{"href":"https:\/\/escoladailha.com.br\/portal\/wp-json\/wp\/v2\/pages"}],"about":[{"href":"https:\/\/escoladailha.com.br\/portal\/wp-json\/wp\/v2\/types\/page"}],"author":[{"embeddable":true,"href":"https:\/\/escoladailha.com.br\/portal\/wp-json\/wp\/v2\/users\/1612"}],"replies":[{"embeddable":true,"href":"https:\/\/escoladailha.com.br\/portal\/wp-json\/wp\/v2\/comments?post=27784"}],"version-history":[{"count":4,"href":"https:\/\/escoladailha.com.br\/portal\/wp-json\/wp\/v2\/pages\/27784\/revisions"}],"predecessor-version":[{"id":37896,"href":"https:\/\/escoladailha.com.br\/portal\/wp-json\/wp\/v2\/pages\/27784\/revisions\/37896"}],"up":[{"embeddable":true,"href":"https:\/\/escoladailha.com.br\/portal\/wp-json\/wp\/v2\/pages\/1989"}],"wp:attachment":[{"href":"https:\/\/escoladailha.com.br\/portal\/wp-json\/wp\/v2\/media?parent=27784"}],"curies":[{"name":"wp","href":"https:\/\/api.w.org\/{rel}","templated":true}]}}