{"id":27121,"date":"2020-12-14T12:47:46","date_gmt":"2020-12-14T15:47:46","guid":{"rendered":"https:\/\/escoladailha.com.br\/portal\/?page_id=27121"},"modified":"2021-02-01T17:03:30","modified_gmt":"2021-02-01T20:03:30","slug":"nao-recebe-os-emails","status":"publish","type":"page","link":"https:\/\/escoladailha.com.br\/portal\/escola\/escola-online\/nao-recebe-os-emails\/","title":{"rendered":"N\u00e3o recebe nossos e-mails e comunicados?"},"content":{"rendered":"<div class=\"flex_column av_two_third  flex_column_div av-zero-column-padding first  avia-builder-el-0  el_before_av_one_third  avia-builder-el-first  \" style='border-radius:0px; '><section class=\"av_textblock_section \"  itemscope=\"itemscope\" itemtype=\"https:\/\/schema.org\/CreativeWork\" ><div class='avia_textblock  av_inherit_color '   itemprop=\"text\" ><p><b>N\u00c3O EST\u00c1 RECEBENDO E-MAILS DA ESCOLA?<span class=\"Apple-converted-space\">\u00a0<\/span><\/b><\/p>\n<p><b>ORIENTA\u00c7\u00d5ES<\/b><\/p>\n<p>A. Verifique se as mensagens foram para a caixa de spam:<\/p>\n<ol>\n<li>veja na caixa de mensagens indesejadas (spam) no seu computador;<\/li>\n<li>se acessa os e-mails por outro aplicativo ou pelo aplicativo de e-mails, l\u00e1 na caixa de spam do servidor de e-mail (entrando com o browser no Hotmail);<\/li>\n<li>se encontrar alguma da Escola, clique na op\u00e7\u00e3o \u201cn\u00e3o \u00e9 spam\u201d ou mova-as para a caixa de entrada;<\/li>\n<\/ol>\n<p>B. Configure as regras de spam, informando o servidor para n\u00e3o considerar como spam quando:<\/p>\n<ol>\n<li>as\u00a0mensagens que tem seu nome completo (\u00e9 o caso das nossas);<\/li>\n<li><span class=\"Apple-converted-space\">elas vem de algum contato para o qual enviou e-mail;\u00a0<\/span><\/li>\n<li>as mensagens que vem de um contato seu.<\/li>\n<\/ol>\n<p>C. Acrescente entre seus contatos (ex: na caderneta de endere\u00e7os) os endere\u00e7os abaixo, envie para eles um e-mail para que fiquem registrados no teu computador;<\/p>\n<p><a href=\"mailto:ti@escoladailha.com.br\">ti@escoladailha.com.br<br \/>\n<\/a><a href=\"mailto:direcao@escoladailha.com.br\">direcao@escoladailha.com.br<br \/>\n<\/a><a href=\"mailto:financeiro@escoladailha.com.br\">financeiro@escoladailha.com.br<br \/>\n<\/a><a href=\"mailto:ti@escoladailha.com.br\">coordenacao@escoladailha.com.br<br \/>\n<\/a><a href=\"mailto:coordenacao2@escoladailha.com.br\">coordenacao1@escoladailha.com.br<br \/>\n<\/a><a href=\"mailto:coordenacao2@escoladailha.com.br\">coordenacao2@escoladailha.com.br<\/a><\/p>\n<p>D. V\u00e1 no servidor de e-mail do hotmail ou do outlook (via web), procure as configura\u00e7\u00f5es (engrenagem), procure as configura\u00e7\u00f5es de lixo eletr\u00f4nico e inclua os e-mails que citei acima como confi\u00e1veis;<\/p>\n<p>E. coloque tamb\u00e9m os seguintes dom\u00ednios como confi\u00e1veis:<\/p>\n<p><a href=\"http:\/\/enews.escoladailha.com.br\/\">e-news.escoladailha.com.br<br \/>\n<\/a><a href=\"http:\/\/escoladailha.com.br\/\">escoladailha.com.br<\/a><\/p>\n<p>F. Em caso de dificuldade, envie um e-mail para\u00a0<a href=\"mailto:ti@escoladailha.com.br\" data-cke-saved-href=\"mailto:ti@escoladailha.com.br\">ti@escoladailha.com.br<\/a>.<\/p>\n<\/div><\/section><\/div><div class=\"flex_column av_one_third  flex_column_div av-zero-column-padding   avia-builder-el-2  el_after_av_two_third  avia-builder-el-last  \" style='border-radius:0px; '><\/div><\/p>\n","protected":false},"excerpt":{"rendered":"","protected":false},"author":1612,"featured_media":0,"parent":24417,"menu_order":30,"comment_status":"open","ping_status":"closed","template":"","meta":{"_acf_changed":false,"_monsterinsights_skip_tracking":false,"_monsterinsights_sitenote_active":false,"_monsterinsights_sitenote_note":"","_monsterinsights_sitenote_category":0,"footnotes":""},"class_list":["post-27121","page","type-page","status-publish","hentry"],"acf":[],"_links":{"self":[{"href":"https:\/\/escoladailha.com.br\/portal\/wp-json\/wp\/v2\/pages\/27121","targetHints":{"allow":["GET"]}}],"collection":[{"href":"https:\/\/escoladailha.com.br\/portal\/wp-json\/wp\/v2\/pages"}],"about":[{"href":"https:\/\/escoladailha.com.br\/portal\/wp-json\/wp\/v2\/types\/page"}],"author":[{"embeddable":true,"href":"https:\/\/escoladailha.com.br\/portal\/wp-json\/wp\/v2\/users\/1612"}],"replies":[{"embeddable":true,"href":"https:\/\/escoladailha.com.br\/portal\/wp-json\/wp\/v2\/comments?post=27121"}],"version-history":[{"count":1,"href":"https:\/\/escoladailha.com.br\/portal\/wp-json\/wp\/v2\/pages\/27121\/revisions"}],"predecessor-version":[{"id":34776,"href":"https:\/\/escoladailha.com.br\/portal\/wp-json\/wp\/v2\/pages\/27121\/revisions\/34776"}],"up":[{"embeddable":true,"href":"https:\/\/escoladailha.com.br\/portal\/wp-json\/wp\/v2\/pages\/24417"}],"wp:attachment":[{"href":"https:\/\/escoladailha.com.br\/portal\/wp-json\/wp\/v2\/media?parent=27121"}],"curies":[{"name":"wp","href":"https:\/\/api.w.org\/{rel}","templated":true}]}}