{"id":27043,"date":"2020-12-04T13:21:33","date_gmt":"2020-12-04T16:21:33","guid":{"rendered":"https:\/\/escoladailha.com.br\/portal\/?page_id=27043"},"modified":"2022-09-16T16:20:01","modified_gmt":"2022-09-16T19:20:01","slug":"documentos","status":"publish","type":"page","link":"https:\/\/escoladailha.com.br\/portal\/faq-matriculas\/documentos\/","title":{"rendered":"Documentos necess\u00e1rios para a matr\u00edcula"},"content":{"rendered":"<div class=\"flex_column av_two_third  flex_column_div av-zero-column-padding first  avia-builder-el-0  avia-builder-el-no-sibling  \" style='border-radius:0px; '><section class=\"av_textblock_section \"  itemscope=\"itemscope\" itemtype=\"https:\/\/schema.org\/CreativeWork\" ><div class='avia_textblock  '   itemprop=\"text\" ><h2>Documentos necess\u00e1rios para efetivar a matr\u00edcula<\/h2>\n<p>Os documentos necess\u00e1rios para efetuar a matr\u00edcula de alunos novos s\u00e3o:<\/p>\n<ul>\n<li>Certid\u00e3o de nascimento ou da carteira de identidade do aluno\u00a0(c\u00f3pia);<\/li>\n<li>Carteira de identidade e CPF do respons\u00e1vel financeiro\u00a0(c\u00f3pia);<\/li>\n<li>Caderneta de vacina\u00e7\u00e3o atualizada (c\u00f3pia);<\/li>\n<li>A partir do 2\u00ba ano do Fundamental: Hist\u00f3rico Escolar<strong> (original)<\/strong>;<br \/>\nOBS: uma guia de transfer\u00eancia pode substituir provisoriamente o Hist\u00f3rico Escolar, que ser\u00e1 exigido antes do in\u00edcio do ano letivo.<\/li>\n<\/ul>\n<p>As c\u00f3pias poder\u00e3o ser realizadas na Escola ou eles podem ser enviados por e-mail ou deixados na caixa de correio na Escola.<\/p>\n<p>O Hist\u00f3rico Escolar original deve ser entregue: ele ser\u00e1 devolvido quando emitirmos o nosso pr\u00f3prio Hist\u00f3rico.<\/p>\n<\/div><\/section><\/div>\n","protected":false},"excerpt":{"rendered":"","protected":false},"author":1612,"featured_media":0,"parent":25725,"menu_order":5,"comment_status":"open","ping_status":"closed","template":"","meta":{"_acf_changed":false,"_monsterinsights_skip_tracking":false,"_monsterinsights_sitenote_active":false,"_monsterinsights_sitenote_note":"","_monsterinsights_sitenote_category":0,"footnotes":""},"class_list":["post-27043","page","type-page","status-publish","hentry"],"acf":[],"_links":{"self":[{"href":"https:\/\/escoladailha.com.br\/portal\/wp-json\/wp\/v2\/pages\/27043","targetHints":{"allow":["GET"]}}],"collection":[{"href":"https:\/\/escoladailha.com.br\/portal\/wp-json\/wp\/v2\/pages"}],"about":[{"href":"https:\/\/escoladailha.com.br\/portal\/wp-json\/wp\/v2\/types\/page"}],"author":[{"embeddable":true,"href":"https:\/\/escoladailha.com.br\/portal\/wp-json\/wp\/v2\/users\/1612"}],"replies":[{"embeddable":true,"href":"https:\/\/escoladailha.com.br\/portal\/wp-json\/wp\/v2\/comments?post=27043"}],"version-history":[{"count":0,"href":"https:\/\/escoladailha.com.br\/portal\/wp-json\/wp\/v2\/pages\/27043\/revisions"}],"up":[{"embeddable":true,"href":"https:\/\/escoladailha.com.br\/portal\/wp-json\/wp\/v2\/pages\/25725"}],"wp:attachment":[{"href":"https:\/\/escoladailha.com.br\/portal\/wp-json\/wp\/v2\/media?parent=27043"}],"curies":[{"name":"wp","href":"https:\/\/api.w.org\/{rel}","templated":true}]}}