{"id":26887,"date":"2020-11-29T19:44:54","date_gmt":"2020-11-29T22:44:54","guid":{"rendered":"https:\/\/escoladailha.com.br\/portal\/?page_id=26887"},"modified":"2026-03-20T16:16:37","modified_gmt":"2026-03-20T19:16:37","slug":"uniformes","status":"publish","type":"page","link":"https:\/\/escoladailha.com.br\/portal\/uniformes\/","title":{"rendered":"Uniformes escolares: orienta\u00e7\u00f5es e fornecedores"},"content":{"rendered":"<div class=\"flex_column av_two_third  flex_column_div av-zero-column-padding first  avia-builder-el-0  avia-builder-el-no-sibling  \" style='border-radius:0px; '><section class=\"av_textblock_section \"  itemscope=\"itemscope\" itemtype=\"https:\/\/schema.org\/CreativeWork\" ><div class='avia_textblock  '   itemprop=\"text\" ><h2>Uniformes escolares: orienta\u00e7\u00f5es e fornecedores<\/h2>\n<p><strong>ORIENTA\u00c7\u00d5ES<\/strong><\/p>\n<p>O uniforme escolar \u00e9 exigido desde o 1\u00ba dia de aula.<\/p>\n<p>At\u00e9 o 5\u00ba ano, os alunos devem trajar os uniformes completos: cal\u00e7a de moletom, short ou short, sem o logo, e camiseta ou casaco de moletom, com o logo da Escola.<\/p>\n<p>A partir do 6\u00ba ano, at\u00e9 o terceir\u00e3o, s\u00f3 ser\u00e1 exigida a parte de cima do uniforme.<\/p>\n<p><strong>FORNECEDORES:<\/strong><\/p>\n<p><strong>Charme Blanc <\/strong>(antiga Achados e Bordados)<strong>: <\/strong>Rua Jo\u00e3o Pio Duarte Silva, 359, Loja 09, C\u00f3rrego Grande. (48) 3225.3653<\/p>\n<p><strong>Tet\u00ea Uniformes: <\/strong>Av. Madre Benvenuta, 1636, sala 3, Centro Comercial Larice, Santa M\u00f4nica. (48) 3228.0208 ou\u00a099673-5682<\/p>\n<p><strong>Marotta Uniformes<\/strong>: Rua Itabira, 117, Parque S\u00e3o Jorge. (48) 99999.5142<\/p>\n<p>Se voc\u00ea optar por mandar produzir o uniforme em outros fabricantes ou bordadeiras, fique atento \u00e0 cor azul e siga o padr\u00e3o de cores da logomarca da Escola que est\u00e1 neste link: <a href=\"http:\/\/escoladailha.com.br\/media\/matriculas\/paleta_cores.pdf\">padr\u00e3o de cores da Escola da Ilha<\/a>.<\/p>\n<\/div><\/section><\/div>\n","protected":false},"excerpt":{"rendered":"","protected":false},"author":1612,"featured_media":0,"parent":0,"menu_order":130,"comment_status":"open","ping_status":"closed","template":"","meta":{"_acf_changed":false,"_monsterinsights_skip_tracking":false,"_monsterinsights_sitenote_active":false,"_monsterinsights_sitenote_note":"","_monsterinsights_sitenote_category":0,"footnotes":""},"class_list":["post-26887","page","type-page","status-publish","hentry"],"acf":[],"_links":{"self":[{"href":"https:\/\/escoladailha.com.br\/portal\/wp-json\/wp\/v2\/pages\/26887","targetHints":{"allow":["GET"]}}],"collection":[{"href":"https:\/\/escoladailha.com.br\/portal\/wp-json\/wp\/v2\/pages"}],"about":[{"href":"https:\/\/escoladailha.com.br\/portal\/wp-json\/wp\/v2\/types\/page"}],"author":[{"embeddable":true,"href":"https:\/\/escoladailha.com.br\/portal\/wp-json\/wp\/v2\/users\/1612"}],"replies":[{"embeddable":true,"href":"https:\/\/escoladailha.com.br\/portal\/wp-json\/wp\/v2\/comments?post=26887"}],"version-history":[{"count":2,"href":"https:\/\/escoladailha.com.br\/portal\/wp-json\/wp\/v2\/pages\/26887\/revisions"}],"predecessor-version":[{"id":37983,"href":"https:\/\/escoladailha.com.br\/portal\/wp-json\/wp\/v2\/pages\/26887\/revisions\/37983"}],"wp:attachment":[{"href":"https:\/\/escoladailha.com.br\/portal\/wp-json\/wp\/v2\/media?parent=26887"}],"curies":[{"name":"wp","href":"https:\/\/api.w.org\/{rel}","templated":true}]}}