{"id":2629,"date":"2016-07-22T19:04:10","date_gmt":"2016-07-22T22:04:10","guid":{"rendered":"https:\/\/escoladailha.com.br\/portal\/?page_id=2629"},"modified":"2026-03-05T19:17:20","modified_gmt":"2026-03-05T22:17:20","slug":"vestibular-e-enem","status":"publish","type":"page","link":"https:\/\/escoladailha.com.br\/portal\/escola\/cursos\/ensino-medio\/vestibular-e-enem\/","title":{"rendered":"Vestibular e ENEM, mas n\u00e3o s\u00f3"},"content":{"rendered":"<div class=\"flex_column av_two_third  flex_column_div av-zero-column-padding first  avia-builder-el-0  el_before_av_one_third  avia-builder-el-first  \" style='border-radius:0px; '><section class=\"av_textblock_section \"  itemscope=\"itemscope\" itemtype=\"https:\/\/schema.org\/CreativeWork\" ><div class='avia_textblock  '   itemprop=\"text\" ><h3><span style=\"color: #ff0000;\">Preparar para o ingresso na Universidade<\/span><\/h3>\n<p>A maioria dos especialistas apontam para um fato: os vestibulares e o ENEM exigem conhecimentos cada vez mais profundos e especializados, o que levou para o Ensino M\u00e9dio conte\u00fados que antes eram exigidos apenas nos primeiros anos das universidades. Trata-se, na opini\u00e3o da maioria deles, de um exagero, que tamb\u00e9m\u00a0lamentamos.\u00a0Mas n\u00e3o podemos negligenci\u00e1-lo e desenvolvemos uma proposta pedag\u00f3gica que tem algumas caracter\u00edsticas para dar conta dele.<\/p>\n<p>Temos tido demonstra\u00e7\u00f5es de que essa proposta tem dado bons resultados:\u00a030% dos alunos aprovados no vestibular da UFSC (m\u00e9dia de 2006 a 2022), 10 vezes no p\u00f3dio do vestibular da UFSC em Floripa em 16 edi\u00e7\u00f5es, e bons resultados no ENEM.<\/p>\n<h5>CARGA HOR\u00c1RIA REFOR\u00c7ADA<\/h5>\n<p>A <strong>carga hor\u00e1ria refor\u00e7ada<\/strong>, com aulas at\u00e9 as 12h50 e eventualmente \u00e0 tarde, \u00e9 distribu\u00edda entre as disciplinas comuns ao Ensino M\u00e9dio: L\u00edngua Portuguesa, Geografia, Hist\u00f3ria, Matem\u00e1tica, Qu\u00edmica, F\u00edsica, Educa\u00e7\u00e3o F\u00edsica, L\u00edngua Estrangeira, Artes, Filosofia e Sociologia.<\/p>\n<p>Em L\u00edgua Estrangeira, h\u00e1 aulas de Ingl\u00eas e Espanhol. H\u00e1 a possibilidade de dispensa em Educa\u00e7\u00e3o F\u00edsica, desde que o aluno frequente cursos reconhecidos e desenvolva atividades esportivas sob supervis\u00e3o de professores.<\/p>\n<p>Oferecemos dois itiner\u00e1rios formativos, na 1\u00aa e na 2\u00aa s\u00e9rie do EM, um em Linguagens e Ci\u00eancias Humanas, outro em Ci\u00eancias da Natureza, mas todos os alunos frequentam ambos os itiner\u00e1rios, o que permite uma forma\u00e7\u00e3o ampla para todos.<\/p>\n<p>Al\u00e9m das aulas regulares, disponibilizamos aos alunos que desejam,\u00a0plant\u00f5es de d\u00favidas, em particular para as disciplinas de exatas, aulas de refor\u00e7o e outras formas de apoio pedag\u00f3gico.<\/p>\n<h5>EM DOIS ANOS, TODO O CONTE\u00daDO<\/h5>\n<p>Nos dois primeiros anos, o material did\u00e1tico do Sistema Poliedro e o curr\u00edculo contemplam conte\u00fado de praticamente todo o Ensino M\u00e9dio. No \u00faltimo ano, em que devemos tamb\u00e9m preparar os alunos para os vestibulares, o programa permite uma revis\u00e3o e um aprofundamento do conte\u00fado trabalhado nos anos anteriores, bem como a abordagem de conte\u00fados novos em algumas disciplinas.<\/p>\n<p>As avalia\u00e7\u00f5es peri\u00f3dicas realizadas no \u00e2mbito da parceria com o Poliedro permitem acompanhar o desempenho dos alunos, comparando os resultados de cada um com os demais alunos da rede. Na terceira s\u00e9rie, v\u00e1rios simulados do ENEM e do Vestibular da UFSC permitem preparar os alunos para estas provas.<\/p>\n<p>V\u00e1rias <strong>atividades complementares<\/strong> para refor\u00e7ar a prepara\u00e7\u00e3o para o ENEM s\u00e3o desenvolvidas, em particular aulas de atualidades e hist\u00f3ria focada no ENEM, participa\u00e7\u00e3o no SIEM e nas Olimp\u00edadas Nacionais de Hist\u00f3ria do Brasil, etc.<\/p>\n<h5>TERCEIR\u00c3O: UM ANO INTEIRO DE REVIS\u00c3O<\/h5>\n<p>O calend\u00e1rio da 3\u00aa s\u00e9rie \u00e9 adaptado ao calend\u00e1rio dos vestibulares: as aulas terminam cerca de quatro semanas antes do vestibular da UFSC, de forma que os alunos possam, no tempo restante, revisar todas as mat\u00e9rias com os professores.<\/p>\n<p>Como quase todo o conte\u00fado curricular do Ensino M\u00e9dio \u00e9 dado nos dois primeiros anos,\u00a0buscamos,\u00a0na 3\u00aa s\u00e9rie,\u00a0aprofundar e complementar o conhecimento das diferentes disciplinas e\u00a0preparar os alunos para os vestibulares e o ENEM. Por esta raz\u00e3o, algumas disciplinas s\u00e3o divididas em frentes, de forma que os professores especializados em cada frente possam aprofundar o conhecimento dos alunos. Ocorre assim em f\u00edsica, qu\u00edmica e l\u00edngua\u00a0portuguesa (reda\u00e7\u00e3o, gram\u00e1tica e literatura). Al\u00e9m disso, um conte\u00fado espec\u00edfico em l\u00edngua estrangeira para o vestibular \u00e9 desenvolvido (ingl\u00eas e espanhol).<\/p>\n<p>O material did\u00e1tico do Sistema Poliedro traz tamb\u00e9m, al\u00e9m de todo o conte\u00fado, os usuais exerc\u00edcios m\u00ednimos e complementares.<\/p>\n<p>H\u00e1, tamb\u00e9m, <strong>simulados do ENEM e de diferentes vestibulares, \u00a0que permitem preparar os alunos para estas provas.<\/strong><\/p>\n<\/div><\/section><\/div><div class=\"flex_column av_one_third  flex_column_div av-zero-column-padding   avia-builder-el-2  el_after_av_two_third  avia-builder-el-last  \" style='border-radius:0px; '><\/div><\/p>\n","protected":false},"excerpt":{"rendered":"","protected":false},"author":1612,"featured_media":0,"parent":2058,"menu_order":54,"comment_status":"closed","ping_status":"closed","template":"","meta":{"_acf_changed":false,"_monsterinsights_skip_tracking":false,"_monsterinsights_sitenote_active":false,"_monsterinsights_sitenote_note":"","_monsterinsights_sitenote_category":0,"footnotes":""},"class_list":["post-2629","page","type-page","status-publish","hentry"],"acf":[],"_links":{"self":[{"href":"https:\/\/escoladailha.com.br\/portal\/wp-json\/wp\/v2\/pages\/2629","targetHints":{"allow":["GET"]}}],"collection":[{"href":"https:\/\/escoladailha.com.br\/portal\/wp-json\/wp\/v2\/pages"}],"about":[{"href":"https:\/\/escoladailha.com.br\/portal\/wp-json\/wp\/v2\/types\/page"}],"author":[{"embeddable":true,"href":"https:\/\/escoladailha.com.br\/portal\/wp-json\/wp\/v2\/users\/1612"}],"replies":[{"embeddable":true,"href":"https:\/\/escoladailha.com.br\/portal\/wp-json\/wp\/v2\/comments?post=2629"}],"version-history":[{"count":2,"href":"https:\/\/escoladailha.com.br\/portal\/wp-json\/wp\/v2\/pages\/2629\/revisions"}],"predecessor-version":[{"id":37957,"href":"https:\/\/escoladailha.com.br\/portal\/wp-json\/wp\/v2\/pages\/2629\/revisions\/37957"}],"up":[{"embeddable":true,"href":"https:\/\/escoladailha.com.br\/portal\/wp-json\/wp\/v2\/pages\/2058"}],"wp:attachment":[{"href":"https:\/\/escoladailha.com.br\/portal\/wp-json\/wp\/v2\/media?parent=2629"}],"curies":[{"name":"wp","href":"https:\/\/api.w.org\/{rel}","templated":true}]}}