{"id":25962,"date":"2020-10-02T16:31:38","date_gmt":"2020-10-02T19:31:38","guid":{"rendered":"https:\/\/escoladailha.com.br\/portal\/?page_id=25962"},"modified":"2023-08-24T14:36:45","modified_gmt":"2023-08-24T17:36:45","slug":"informacoes","status":"publish","type":"page","link":"https:\/\/escoladailha.com.br\/portal\/escola\/informacoes\/","title":{"rendered":"informa\u00e7\u00f5es b\u00e1sicas sobre a Escola"},"content":{"rendered":"<div id='av-layout-grid-1'  class='av-layout-grid-container entry-content-wrapper main_color av-flex-cells     avia-builder-el-0  el_before_av_layout_row  avia-builder-el-first  container_wrap sidebar_left' style=' '  >\n<div class=\"flex_cell no_margin av_one_fifth  avia-builder-el-1  el_before_av_cell_one_fifth  avia-builder-el-first   \"  style='vertical-align:top; padding:30px; ' ><div class='flex_cell_inner' ><div  class='avia-image-container  av-styling-    avia-builder-el-2  avia-builder-el-no-sibling  avia-align-center '  itemprop=\"image\" itemscope=\"itemscope\" itemtype=\"https:\/\/schema.org\/ImageObject\"  ><div class='avia-image-container-inner'><div class='avia-image-overlay-wrap'><a href=\"https:\/\/escoladailha.com.br\/portal\/escola\/cursos\/ensino-infantil\/\" class='avia_image'  target=\"_blank\"  rel=\"noopener noreferrer\"><img decoding=\"async\" width=\"480\" height=\"382\" class='wp-image-25976 avia-img-lazy-loading-not-25976 avia_image' src=\"https:\/\/escoladailha.com.br\/portal\/wp-content\/uploads\/2020\/10\/Screen-Shot-2020-10-01-at-23.12.44.png\" alt='' title='infantil'  itemprop=\"thumbnailUrl\" srcset=\"https:\/\/escoladailha.com.br\/portal\/wp-content\/uploads\/2020\/10\/Screen-Shot-2020-10-01-at-23.12.44.png 480w, https:\/\/escoladailha.com.br\/portal\/wp-content\/uploads\/2020\/10\/Screen-Shot-2020-10-01-at-23.12.44-232x184.png 232w\" sizes=\"(max-width: 480px) 100vw, 480px\" \/><\/a><\/div><\/div><\/div>\n<\/div><\/div><div class=\"flex_cell no_margin av_one_fifth  avia-builder-el-3  el_after_av_cell_one_fifth  el_before_av_cell_one_fifth   \"  style='vertical-align:top; padding:30px; ' ><div class='flex_cell_inner' ><div  class='avia-image-container  av-styling-    avia-builder-el-4  avia-builder-el-no-sibling  avia-align-center '  itemprop=\"image\" itemscope=\"itemscope\" itemtype=\"https:\/\/schema.org\/ImageObject\"  ><div class='avia-image-container-inner'><div class='avia-image-overlay-wrap'><a href=\"https:\/\/escoladailha.com.br\/portal\/escola\/cursos\/ensino-fundamental\/\" class='avia_image'  target=\"_blank\"  rel=\"noopener noreferrer\"><img decoding=\"async\" width=\"480\" height=\"376\" class='wp-image-25978 avia-img-lazy-loading-not-25978 avia_image' src=\"https:\/\/escoladailha.com.br\/portal\/wp-content\/uploads\/2020\/10\/Screen-Shot-2020-10-01-at-23.13.06-480x376.png\" alt='' title='fundamental'  itemprop=\"thumbnailUrl\" srcset=\"https:\/\/escoladailha.com.br\/portal\/wp-content\/uploads\/2020\/10\/Screen-Shot-2020-10-01-at-23.13.06-480x376.png 480w, https:\/\/escoladailha.com.br\/portal\/wp-content\/uploads\/2020\/10\/Screen-Shot-2020-10-01-at-23.13.06.png 482w\" sizes=\"(max-width: 480px) 100vw, 480px\" \/><\/a><\/div><\/div><\/div>\n<\/div><\/div><div class=\"flex_cell no_margin av_one_fifth  avia-builder-el-5  el_after_av_cell_one_fifth  el_before_av_cell_one_fifth   \"  style='vertical-align:top; padding:30px; ' ><div class='flex_cell_inner' ><div  class='avia-image-container  av-styling-    avia-builder-el-6  avia-builder-el-no-sibling  avia-align-center '  itemprop=\"image\" itemscope=\"itemscope\" itemtype=\"https:\/\/schema.org\/ImageObject\"  ><div class='avia-image-container-inner'><div class='avia-image-overlay-wrap'><a href=\"https:\/\/escoladailha.com.br\/portal\/escola\/cursos\/ensino-medio\/\" class='avia_image'  target=\"_blank\"  rel=\"noopener noreferrer\"><img decoding=\"async\" width=\"480\" height=\"372\" class='wp-image-25977 avia-img-lazy-loading-not-25977 avia_image' src=\"https:\/\/escoladailha.com.br\/portal\/wp-content\/uploads\/2020\/10\/Screen-Shot-2020-10-01-at-23.12.56.png\" alt='' title='medio'  itemprop=\"thumbnailUrl\"  \/><\/a><\/div><\/div><\/div>\n<\/div><\/div><div class=\"flex_cell no_margin av_one_fifth  avia-builder-el-7  el_after_av_cell_one_fifth  el_before_av_cell_one_fifth   \"  style='vertical-align:top; padding:30px; ' ><div class='flex_cell_inner' ><div  class='avia-image-container  av-styling-    avia-builder-el-8  avia-builder-el-no-sibling  avia-align-center '  itemprop=\"image\" itemscope=\"itemscope\" itemtype=\"https:\/\/schema.org\/ImageObject\"  ><div class='avia-image-container-inner'><div class='avia-image-overlay-wrap'><a href=\"https:\/\/escoladailha.com.br\/portal\/escola\/cursos\/periodo-integral\/\" class='avia_image'  target=\"_blank\"  rel=\"noopener noreferrer\"><img decoding=\"async\" width=\"478\" height=\"376\" class='wp-image-25975 avia-img-lazy-loading-not-25975 avia_image' src=\"https:\/\/escoladailha.com.br\/portal\/wp-content\/uploads\/2020\/10\/Screen-Shot-2020-10-01-at-23.12.32.png\" alt='' title='integral'  itemprop=\"thumbnailUrl\"  \/><\/a><\/div><\/div><\/div>\n<\/div><\/div><div class=\"flex_cell no_margin av_one_fifth  avia-builder-el-9  el_after_av_cell_one_fifth  avia-builder-el-last   \"  style='vertical-align:top; padding:30px; ' ><div class='flex_cell_inner' ><div  class='avia-image-container  av-styling-    avia-builder-el-10  avia-builder-el-no-sibling  avia-align-center '  itemprop=\"image\" itemscope=\"itemscope\" itemtype=\"https:\/\/schema.org\/ImageObject\"  ><div class='avia-image-container-inner'><div class='avia-image-overlay-wrap'><a href=\"https:\/\/escoladailha.com.br\/portal\/escola\/extracurriculares\/\" class='avia_image'  target=\"_blank\"  rel=\"noopener noreferrer\"><img decoding=\"async\" width=\"480\" height=\"362\" class='wp-image-25974 avia-img-lazy-loading-not-25974 avia_image' src=\"https:\/\/escoladailha.com.br\/portal\/wp-content\/uploads\/2020\/10\/Screen-Shot-2020-10-01-at-23.12.18-480x362.png\" alt='' title='extracurriculares'  itemprop=\"thumbnailUrl\" srcset=\"https:\/\/escoladailha.com.br\/portal\/wp-content\/uploads\/2020\/10\/Screen-Shot-2020-10-01-at-23.12.18-480x362.png 480w, https:\/\/escoladailha.com.br\/portal\/wp-content\/uploads\/2020\/10\/Screen-Shot-2020-10-01-at-23.12.18.png 482w\" sizes=\"(max-width: 480px) 100vw, 480px\" \/><\/a><\/div><\/div><\/div>\n<\/div><\/div>\n<\/div>\n<div id='av-layout-grid-2'  class='av-layout-grid-container entry-content-wrapper main_color av-flex-cells     avia-builder-el-11  el_after_av_layout_row  avia-builder-el-last  submenu-not-first container_wrap sidebar_left' style=' '  >\n<div class=\"flex_cell no_margin av_one_full  avia-builder-el-12  avia-builder-el-no-sibling   \" ><div class='flex_cell_inner' ><p><div class=\"flex_column av_one_fourth  flex_column_div av-zero-column-padding first  avia-builder-el-13  el_before_av_one_fourth  avia-builder-el-first  \" style='border-radius:0px; '><div  class='avia-image-container  av-styling-    avia-builder-el-14  avia-builder-el-no-sibling  avia-align-center '  itemprop=\"image\" itemscope=\"itemscope\" itemtype=\"https:\/\/schema.org\/ImageObject\"  ><div class='avia-image-container-inner'><div class='avia-image-overlay-wrap'><a href=\"https:\/\/escoladailha.com.br\/portal\/servico\/fale-conosco\/\" class='avia_image'  target=\"_blank\"  rel=\"noopener noreferrer\"><img decoding=\"async\" width=\"2001\" height=\"1585\" class='wp-image-27614 avia-img-lazy-loading-not-27614 avia_image' src=\"https:\/\/escoladailha.com.br\/portal\/wp-content\/uploads\/2021\/01\/FALECONOSCO-altura-27.png\" alt='' title='FALECONOSCO altura-27'  itemprop=\"thumbnailUrl\" srcset=\"https:\/\/escoladailha.com.br\/portal\/wp-content\/uploads\/2021\/01\/FALECONOSCO-altura-27.png 2001w, https:\/\/escoladailha.com.br\/portal\/wp-content\/uploads\/2021\/01\/FALECONOSCO-altura-27-480x380.png 480w, https:\/\/escoladailha.com.br\/portal\/wp-content\/uploads\/2021\/01\/FALECONOSCO-altura-27-1536x1217.png 1536w, https:\/\/escoladailha.com.br\/portal\/wp-content\/uploads\/2021\/01\/FALECONOSCO-altura-27-232x184.png 232w\" sizes=\"(max-width: 2001px) 100vw, 2001px\" \/><\/a><\/div><\/div><\/div><\/div><div class=\"flex_column av_one_fourth  flex_column_div av-zero-column-padding   avia-builder-el-15  el_after_av_one_fourth  el_before_av_one_half  \" style='border-radius:0px; '><div  class='avia-image-container  av-styling-    avia-builder-el-16  avia-builder-el-no-sibling  avia-align-center '  itemprop=\"image\" itemscope=\"itemscope\" itemtype=\"https:\/\/schema.org\/ImageObject\"  ><div class='avia-image-container-inner'><div class='avia-image-overlay-wrap'><a href=\"https:\/\/escoladailha.com.br\/portal\/escola\/informacoes\/informacoes\/\" class='avia_image' ><img decoding=\"async\" width=\"480\" height=\"380\" class='wp-image-25956 avia-img-lazy-loading-not-25956 avia_image' src=\"https:\/\/escoladailha.com.br\/portal\/wp-content\/uploads\/2020\/10\/SAIBA-MAIS-1-modulo.jpg\" alt='' title='SAIBA MAIS 1 modulo'  itemprop=\"thumbnailUrl\" srcset=\"https:\/\/escoladailha.com.br\/portal\/wp-content\/uploads\/2020\/10\/SAIBA-MAIS-1-modulo.jpg 480w, https:\/\/escoladailha.com.br\/portal\/wp-content\/uploads\/2020\/10\/SAIBA-MAIS-1-modulo-232x184.jpg 232w\" sizes=\"(max-width: 480px) 100vw, 480px\" \/><\/a><\/div><\/div><\/div><\/div><div class=\"flex_column av_one_half  flex_column_div av-zero-column-padding   avia-builder-el-17  el_after_av_one_fourth  avia-builder-el-last  \" style='border-radius:0px; '><p><div  class='avia-image-container  av-styling-    avia-builder-el-18  el_before_av_image  avia-builder-el-first  avia-align-center '  itemprop=\"image\" itemscope=\"itemscope\" itemtype=\"https:\/\/schema.org\/ImageObject\"  ><div class='avia-image-container-inner'><div class='avia-image-overlay-wrap'><img decoding=\"async\" class='wp-image-25969 avia-img-lazy-loading-not-25969 avia_image' src=\"https:\/\/escoladailha.com.br\/portal\/wp-content\/uploads\/2020\/10\/Nossos-espa\u00e7os.png\" alt='' title='Nossos espa\u00e7os' height=\"175\" width=\"991\"  itemprop=\"thumbnailUrl\" srcset=\"https:\/\/escoladailha.com.br\/portal\/wp-content\/uploads\/2020\/10\/Nossos-espa\u00e7os.png 991w, https:\/\/escoladailha.com.br\/portal\/wp-content\/uploads\/2020\/10\/Nossos-espa\u00e7os-480x85.png 480w\" sizes=\"(max-width: 991px) 100vw, 991px\" \/><\/div><\/div><\/div><br \/>\n<div  class='avia-image-container  av-styling-    avia-builder-el-19  el_after_av_image  avia-builder-el-last  avia-align-center '  itemprop=\"image\" itemscope=\"itemscope\" itemtype=\"https:\/\/schema.org\/ImageObject\"  ><div class='avia-image-container-inner'><div class='avia-image-overlay-wrap'><a href=\"https:\/\/escoladailha.com.br\/portal\/faq-matriculas\/cadastro-preliminar\/\" class='avia_image'  target=\"_blank\"  rel=\"noopener noreferrer\"><img decoding=\"async\" width=\"990\" height=\"175\" class='wp-image-25970 avia-img-lazy-loading-not-25970 avia_image' src=\"https:\/\/escoladailha.com.br\/portal\/wp-content\/uploads\/2020\/10\/Reserve-uma-vaga.png\" alt='' title='Reserve uma vaga'  itemprop=\"thumbnailUrl\" srcset=\"https:\/\/escoladailha.com.br\/portal\/wp-content\/uploads\/2020\/10\/Reserve-uma-vaga.png 990w, https:\/\/escoladailha.com.br\/portal\/wp-content\/uploads\/2020\/10\/Reserve-uma-vaga-480x85.png 480w\" sizes=\"(max-width: 990px) 100vw, 990px\" \/><\/a><\/div><\/div><\/div><\/p><\/div><\/p>\n<\/div><\/div><\/div>\n","protected":false},"excerpt":{"rendered":"","protected":false},"author":1619,"featured_media":0,"parent":1892,"menu_order":3,"comment_status":"closed","ping_status":"closed","template":"","meta":{"_acf_changed":false,"_monsterinsights_skip_tracking":false,"_monsterinsights_sitenote_active":false,"_monsterinsights_sitenote_note":"","_monsterinsights_sitenote_category":0,"footnotes":""},"class_list":["post-25962","page","type-page","status-publish","hentry"],"acf":[],"_links":{"self":[{"href":"https:\/\/escoladailha.com.br\/portal\/wp-json\/wp\/v2\/pages\/25962","targetHints":{"allow":["GET"]}}],"collection":[{"href":"https:\/\/escoladailha.com.br\/portal\/wp-json\/wp\/v2\/pages"}],"about":[{"href":"https:\/\/escoladailha.com.br\/portal\/wp-json\/wp\/v2\/types\/page"}],"author":[{"embeddable":true,"href":"https:\/\/escoladailha.com.br\/portal\/wp-json\/wp\/v2\/users\/1619"}],"replies":[{"embeddable":true,"href":"https:\/\/escoladailha.com.br\/portal\/wp-json\/wp\/v2\/comments?post=25962"}],"version-history":[{"count":0,"href":"https:\/\/escoladailha.com.br\/portal\/wp-json\/wp\/v2\/pages\/25962\/revisions"}],"up":[{"embeddable":true,"href":"https:\/\/escoladailha.com.br\/portal\/wp-json\/wp\/v2\/pages\/1892"}],"wp:attachment":[{"href":"https:\/\/escoladailha.com.br\/portal\/wp-json\/wp\/v2\/media?parent=25962"}],"curies":[{"name":"wp","href":"https:\/\/api.w.org\/{rel}","templated":true}]}}