{"id":25844,"date":"2020-09-28T11:36:08","date_gmt":"2020-09-28T14:36:08","guid":{"rendered":"https:\/\/escoladailha.com.br\/portal\/?page_id=25844"},"modified":"2026-03-05T19:09:49","modified_gmt":"2026-03-05T22:09:49","slug":"informacoes","status":"publish","type":"page","link":"https:\/\/escoladailha.com.br\/portal\/escola\/informacoes\/informacoes\/","title":{"rendered":"saiba mais sobre a Escola"},"content":{"rendered":"<div class=\"flex_column av_one_full  flex_column_div av-zero-column-padding first  avia-builder-el-0  el_before_av_toggle_container  avia-builder-el-first  \" style='border-radius:0px; '><section class=\"av_textblock_section \"  itemscope=\"itemscope\" itemtype=\"https:\/\/schema.org\/CreativeWork\" ><div class='avia_textblock  '   itemprop=\"text\" ><h2><span style=\"color: #ff0000;\">SAIBA MAIS SOBRE A ESCOLA<\/span><\/h2>\n<\/div><\/section><\/div>\n<div   class=\"togglecontainer   toggle_close_all  avia-builder-el-2  el_after_av_one_full  avia-builder-el-last \" >\n<section class=\"av_toggle_section\"  itemscope=\"itemscope\" itemtype=\"https:\/\/schema.org\/CreativeWork\"  >    <div role=\"tablist\" class=\"single_toggle\" data-tags=\"{Todos} \"  >        <p data-fake-id=\"#toggle-id-1\" class=\"toggler \"  itemprop=\"headline\"    role=\"tab\" tabindex=\"0\" aria-controls=\"toggle-id-1\">Turmas e hor\u00e1rios<span class=\"toggle_icon\" >        <span class=\"vert_icon\"><\/span><span class=\"hor_icon\"><\/span><\/span><\/p>        <div id=\"toggle-id-1\" class=\"toggle_wrap \"   >            <div class=\"toggle_content invers-color \"  itemprop=\"text\"   ><p>Em 2021, manteremos o mesmo esquema de turmas e hor\u00e1rios dos anos anteriores.<\/p>\n<p>[pdf-embedder url=&#8221;https:\/\/escoladailha.com.br\/portal\/wp-content\/uploads\/2020\/10\/turmas_horarios.pdf&#8221;]<\/p>\n            <\/div>        <\/div>    <\/div><\/section>\n<section class=\"av_toggle_section\"  itemscope=\"itemscope\" itemtype=\"https:\/\/schema.org\/CreativeWork\"  >    <div role=\"tablist\" class=\"single_toggle\" data-tags=\"{Todos} \"  >        <p data-fake-id=\"#toggle-id-2\" class=\"toggler \"  itemprop=\"headline\"    role=\"tab\" tabindex=\"0\" aria-controls=\"toggle-id-2\">Proposta pedag\u00f3gica: como trabalhamos<span class=\"toggle_icon\" >        <span class=\"vert_icon\"><\/span><span class=\"hor_icon\"><\/span><\/span><\/p>        <div id=\"toggle-id-2\" class=\"toggle_wrap \"   >            <div class=\"toggle_content invers-color \"  itemprop=\"text\"   ><p>A Escola da Ilha \u00e9 construtivista: os alunos s\u00e3o protagonistas de seu pr\u00f3prio aprendizado, constroem seu conhecimento por meio de projetos pedag\u00f3gicos e da intera\u00e7\u00e3o com seus colegas e com os professores.<\/p>\n<p>Buscamos assegurar o desenvolvimento das compet\u00eancias e habilidades caracter\u00edsticas de cada faixa et\u00e1ria, bem como permitir a apropria\u00e7\u00e3o de todos os conte\u00fados previstos nas Bases Nacional Comum Curricular &#8211; BNCC.<\/p>\n<p>Nosso principal objetivo \u00e9 formar cidad\u00e3os conscientes, capazes de analisar o mundo em que vivem, de criar, de se inserir em sociedade de forma ativa, com respeito aos outros e ao meio ambiente.<\/p>\n<p>Para isto, desenvolvemos grande parte de nossas atividades por meio de projetos interdisciplinares, nos quais os alunos fazem pesquisas e experimenta\u00e7\u00f5es, interagem entre si, desenvolvem a\u00a0criatividade, planejam atividade\u00a0e prop\u00f5e solu\u00e7\u00f5es para a resolu\u00e7\u00e3o de problemas. Desta maneira, os estudantes desenvolvem a capacidade de conviver em grupo, estabelecer e respeitar regras e se apropriar dos conte\u00fados de forma contextualizada.<\/p>\n<p>Nas nossas sala de aula a comunica\u00e7\u00e3o n\u00e3o se d\u00e1 em via \u00fanica, do professor para os alunos. Elas s\u00e3o, tamb\u00e9m, um espa\u00e7o de intera\u00e7\u00e3o, no qual os alunos\u00a0trabalham e debatem em grupo, interagem entre si, exp\u00f5em o resultado de suas atividades e suas descobertas.<\/p>\n<p>Para saber mais, <a href=\"https:\/\/escoladailha.com.br\/portal\/escola\/resultados\/\" target=\"_blank\" rel=\"noopener\">consulte aqui<\/a>.<\/p>\n            <\/div>        <\/div>    <\/div><\/section>\n<section class=\"av_toggle_section\"  itemscope=\"itemscope\" itemtype=\"https:\/\/schema.org\/CreativeWork\"  >    <div role=\"tablist\" class=\"single_toggle\" data-tags=\"{Todos} \"  >        <p data-fake-id=\"#toggle-id-3\" class=\"toggler \"  itemprop=\"headline\"    role=\"tab\" tabindex=\"0\" aria-controls=\"toggle-id-3\">Organiza\u00e7\u00e3o do ano letivo<span class=\"toggle_icon\" >        <span class=\"vert_icon\"><\/span><span class=\"hor_icon\"><\/span><\/span><\/p>        <div id=\"toggle-id-3\" class=\"toggle_wrap \"   >            <div class=\"toggle_content invers-color \"  itemprop=\"text\"   ><p>Para as turmas do Infantil ao 2\u00ba ano do Fundamental, o ano letivo \u00e9 organizado em semestres. No final de cada semestre, um parecer descritivo sobre cada turma e sobre cada aluno \u00e9 entregue aos pais.<\/p>\n<p>A partir do 3\u00ba ano do Fundamental, at\u00e9 a 3\u00aa s\u00e9rie do Ensino M\u00e9dio, o ano \u00e9 organizado em bimestres. No final de cada bimestre, os alunos recebem o boletim. Adicionalmente, pareceres semestrais sobre cada turma s\u00e3o tamb\u00e9m elaborados para as turmas do 3\u00ba ao 5\u00ba ano.<\/p>\n<p>Atividades de recupera\u00e7\u00e3o s\u00e3o organizadas ao longo de todo o ano. A partir do 4\u00ba ano, h\u00e1 tamb\u00e9m provas de recupera\u00e7\u00e3o bimestral.<\/p>\n            <\/div>        <\/div>    <\/div><\/section>\n<section class=\"av_toggle_section\"  itemscope=\"itemscope\" itemtype=\"https:\/\/schema.org\/CreativeWork\"  >    <div role=\"tablist\" class=\"single_toggle\" data-tags=\"{Todos} \"  >        <p data-fake-id=\"#toggle-id-4\" class=\"toggler \"  itemprop=\"headline\"    role=\"tab\" tabindex=\"0\" aria-controls=\"toggle-id-4\">Eventos pedag\u00f3gicos e culturais<span class=\"toggle_icon\" >        <span class=\"vert_icon\"><\/span><span class=\"hor_icon\"><\/span><\/span><\/p>        <div id=\"toggle-id-4\" class=\"toggle_wrap \"   >            <div class=\"toggle_content invers-color \"  itemprop=\"text\"   ><p>Nem s\u00f3 de aula \u00e9 feito o Ensino na Escola da Ilha.<\/p>\n<p>O ano \u00e9 recheado de eventos, com finalidades espec\u00edficas, mas sempre voltados para a forma\u00e7\u00e3o dos alunos, a integra\u00e7\u00e3o entre alunos, pais, professores e o restante da comunidade escolar, para o resgate de nossa cultura e o desenvolvimento da capacidade de express\u00e3o dos alunos. Em v\u00e1rios deles, desenvolvemos, tamb\u00e9m, atividades solid\u00e1rias (arrecada\u00e7\u00e3o para comunidades carentes), ou de conscientiza\u00e7\u00e3o (reciclagem, preserva\u00e7\u00e3o do meio ambiente).<\/p>\n<p>Veja alguns deles:<\/p>\n<ul>\n<li>Festa da fam\u00edlia (abril): um evento ao ar livre, com participa\u00e7\u00e3o de alunos, pais e professores;<\/li>\n<li>Festa Junina: do boi de mam\u00e3o ao quent\u00e3o &#8211; sem \u00e1lcool -, uma festa para valorizar nossas tradi\u00e7\u00f5es;<\/li>\n<li>Encontr\u00e3o (julho): por um dia, os alunos s\u00e3o professores e apresentam seus projetos, suas pesquisas, suas cria\u00e7\u00f5es;<\/li>\n<li>Olimp\u00edadas (Fundamental 2 e M\u00e9dio) e Gincana (Fundamental 1): uma semana dedicada \u00e0s atividades f\u00edsicas, ao esporte e \u00e0 coopera\u00e7\u00e3o;<\/li>\n<li>Arte na Ilha (novembro): uma maratona cultural que dura 5 noites, da qual participam todos os alunos, com alguma produ\u00e7\u00e3o cultural ou art\u00edstica;<\/li>\n<li>Lan\u00e7amento dos Pequenos Autores da Ilha: do Infantil ao 9\u00ba ano do Ensino Fundamental, todas as turmas publicam um livro no final do ano;<\/li>\n<li>Lan\u00e7amento dos Pequenos Gourmets da Ilha: livros de receitas das turmas do Infantil ao 1\u00ba ano do Ensino, aprendidas e testadas nas aulas de culin\u00e1ria.<\/li>\n<\/ul>\n<p>Al\u00e9m disso, a Escola organiza a participa\u00e7\u00e3o dos alunos em alguns eventos e festivais que acontecem em Florian\u00f3polis todos os anos.<\/p>\n            <\/div>        <\/div>    <\/div><\/section>\n<section class=\"av_toggle_section\"  itemscope=\"itemscope\" itemtype=\"https:\/\/schema.org\/CreativeWork\"  >    <div role=\"tablist\" class=\"single_toggle\" data-tags=\"{Todos} \"  >        <p data-fake-id=\"#toggle-id-5\" class=\"toggler \"  itemprop=\"headline\"    role=\"tab\" tabindex=\"0\" aria-controls=\"toggle-id-5\">Vestibular e ENEM<span class=\"toggle_icon\" >        <span class=\"vert_icon\"><\/span><span class=\"hor_icon\"><\/span><\/span><\/p>        <div id=\"toggle-id-5\" class=\"toggle_wrap \"   >            <div class=\"toggle_content invers-color \"  itemprop=\"text\"   ><p>Buscamos assegurar o desenvolvimento das compet\u00eancias e habilidades caracter\u00edsticas de cada faixa et\u00e1ria, bem como permitir<\/p>\n<p>A apropria\u00e7\u00e3o, pelos alunos, \u00a0de todos os conte\u00fados previstos nas Base Nacional Comum Curricular &#8211; BNCC, \u00e9 um de nossos principais objetivos.<\/p>\n<p>Mas, buscamos, tamb\u00e9m,\u00a0assegurar o desenvolvimento das compet\u00eancias e habilidades que permitam aos alunos se tornar cidad\u00e3os conscientes, capazes de analisar o mundo em que vivem\u00a0e estabelecer projetos de vida e, para tanto, capazes de criar, de enfrentar desafios, de se inserir em sociedade de forma ativa, com respeito aos outros e ao meio ambiente.<\/p>\n<p>Nosso foco priorit\u00e1rio n\u00e3o \u00e9, portanto, torn\u00e1-los &#8220;craques&#8221; do vestibular.\u00a0Entretanto, os resultados de nossos alunos, no Vestibular da UFSC e no ENEM nos deixam convencidos de que atingimos nossos objetivos.<\/p>\n<p>A UFSC publica, todos os anos, uma estat\u00edstica com a porcentagem dos alunos de cada escola aprovados na primeira chamada. Apenas duas escolas &#8211; entre elas, a Escola da Ilha &#8211; superam, nos \u00faltimos 21 anos, a barra de 30% de alunos aprovados na 1\u00aa chamada. Apenas estas duas escolas estiveram, neste per\u00edodo, mais de 10 vezes entre as 3 melhores de Florian\u00f3polis.<\/p>\n<p>Para saber mais, <a href=\"https:\/\/escoladailha.com.br\/portal\/escola\/resultados\/\" target=\"_blank\" rel=\"noopener\">consulte os resultados detalhados aqui.<\/a><\/p>\n            <\/div>        <\/div>    <\/div><\/section>\n<section class=\"av_toggle_section\"  itemscope=\"itemscope\" itemtype=\"https:\/\/schema.org\/CreativeWork\"  >    <div role=\"tablist\" class=\"single_toggle\" data-tags=\"{Todos} \"  >        <p data-fake-id=\"#toggle-id-6\" class=\"toggler \"  itemprop=\"headline\"    role=\"tab\" tabindex=\"0\" aria-controls=\"toggle-id-6\">Atividades extracurriculares<span class=\"toggle_icon\" >        <span class=\"vert_icon\"><\/span><span class=\"hor_icon\"><\/span><\/span><\/p>        <div id=\"toggle-id-6\" class=\"toggle_wrap \"   >            <div class=\"toggle_content invers-color \"  itemprop=\"text\"   ><p>Atividades extracurriculares s\u00e3o oferecidas ap\u00f3s os hor\u00e1rios das aulas da tarde, em geral \u00e0s 18h15.<\/p>\n<p>A lista de oficinas e atividades depende da disponibilidade dos professores e do espa\u00e7o. Veja, abaixo, as oficinas oferecidas no in\u00edcio de 2020, antes da paraliza\u00e7\u00e3o das aulas presenciais:<\/p>\n<ul>\n<li>rob\u00f3tica<\/li>\n<li>dan\u00e7a criativa<\/li>\n<li>futsal feminino e masculino<\/li>\n<li>teatro<\/li>\n<li>capoeira<\/li>\n<li>jiu-jitsu<\/li>\n<li>jogos da mente (xadrez)<\/li>\n<\/ul>\n            <\/div>        <\/div>    <\/div><\/section>\n<section class=\"av_toggle_section\"  itemscope=\"itemscope\" itemtype=\"https:\/\/schema.org\/CreativeWork\"  >    <div role=\"tablist\" class=\"single_toggle\" data-tags=\"{Todos} \"  >        <p data-fake-id=\"#toggle-id-7\" class=\"toggler \"  itemprop=\"headline\"    role=\"tab\" tabindex=\"0\" aria-controls=\"toggle-id-7\">Lanche e cantina <span class=\"toggle_icon\" >        <span class=\"vert_icon\"><\/span><span class=\"hor_icon\"><\/span><\/span><\/p>        <div id=\"toggle-id-7\" class=\"toggle_wrap \"   >            <div class=\"toggle_content invers-color \"  itemprop=\"text\"   ><p>O lanche das turmas do Infantil e do 1\u00ba ano do Ensino Fundamental \u00e9 coletivo: cada dia, um aluno traz o lanche para toda a turma. O rod\u00edzio \u00e9 comunicado pela Escola e o card\u00e1pio \u00e9 elaborado por uma nutricionista. O lanche coletivo assegura uma alimenta\u00e7\u00e3o saud\u00e1vel e auxilia no desenvolvimento de bons h\u00e1bitos alimentares, al\u00e9m de permitir a intera\u00e7\u00e3o entre colegas.<\/p>\n<p>A partir do 2\u00ba ano do Fundamental, o lanche \u00e9 individual. O aluno pode traze-lo de casa ou adquiri-lo na cantina, terceirizada. Dispomos de alvar\u00e1 sanit\u00e1rio para a cantina e os alimentos fornecidos por eles tamb\u00e9m seguem recomenda\u00e7\u00f5es de nutricionistas (proibi\u00e7\u00e3o de frituras e de v\u00e1rios produtos n\u00e3o recomendados para crian\u00e7as, manipula\u00e7\u00e3o e conserva\u00e7\u00e3o dos alimentos segundo as normas de higiene, etc).<\/p>\n<p>O almo\u00e7o dos alunos do per\u00edodo integral \u00e9 feito na cantina, com um card\u00e1pio elaborado por uma nutricionista. O pagamento \u00e9 feito, neste caso, diretamente \u00e0 cantina.\u00a0No turno alternado, o lanche da manh\u00e3 deve ser trazido pelos alunos.<\/p>\n            <\/div>        <\/div>    <\/div><\/section>\n<section class=\"av_toggle_section\"  itemscope=\"itemscope\" itemtype=\"https:\/\/schema.org\/CreativeWork\"  >    <div role=\"tablist\" class=\"single_toggle\" data-tags=\"{Todos} \"  >        <p data-fake-id=\"#toggle-id-8\" class=\"toggler \"  itemprop=\"headline\"    role=\"tab\" tabindex=\"0\" aria-controls=\"toggle-id-8\">Como e quando matricular?<span class=\"toggle_icon\" >        <span class=\"vert_icon\"><\/span><span class=\"hor_icon\"><\/span><\/span><\/p>        <div id=\"toggle-id-8\" class=\"toggle_wrap \"   >            <div class=\"toggle_content invers-color \"  itemprop=\"text\"   ><p>As matr\u00edculas j\u00e1 est\u00e3o abertas. Para saber mais, <a href=\"https:\/\/escoladailha.com.br\/portal\/matricula-2021\/faq-matriculas\/\" target=\"_blank\" rel=\"noopener\">clique aqui<\/a>.<\/p>\n            <\/div>        <\/div>    <\/div><\/section>\n<section class=\"av_toggle_section\"  itemscope=\"itemscope\" itemtype=\"https:\/\/schema.org\/CreativeWork\"  >    <div role=\"tablist\" class=\"single_toggle\" data-tags=\"{Todos} \"  >        <p data-fake-id=\"#toggle-id-9\" class=\"toggler \"  itemprop=\"headline\"    role=\"tab\" tabindex=\"0\" aria-controls=\"toggle-id-9\">Uniforme<span class=\"toggle_icon\" >        <span class=\"vert_icon\"><\/span><span class=\"hor_icon\"><\/span><\/span><\/p>        <div id=\"toggle-id-9\" class=\"toggle_wrap \"   >            <div class=\"toggle_content invers-color \"  itemprop=\"text\"   ><p>O uso do uniforme \u00e9 obrigat\u00f3rio no ambiente escolar. Do Infantil ao 5\u00ba ano, os alunos devem trajar cal\u00e7a ou saia azul, de prefer\u00eancia do uniforme, camiseta e agasalho do uniforme. A partir do 6\u00ba ano, at\u00e9 a 3\u00aa s\u00e9rie do Ensino M\u00e9dio, a parte de cima deve ser do uniforme.<\/p>\n<p>Os uniformes \u00a0n\u00e3o s\u00e3o fornecidos pela Escola. H\u00e1 v\u00e1rias confec\u00e7\u00f5es nas proximidades da Escola que fornecem, cuja lista \u00e9 fornecida pela Escola antes do in\u00edcio das aulas.<\/p>\n            <\/div>        <\/div>    <\/div><\/section>\n<section class=\"av_toggle_section\"  itemscope=\"itemscope\" itemtype=\"https:\/\/schema.org\/CreativeWork\"  >    <div role=\"tablist\" class=\"single_toggle\" data-tags=\"{Todos} \"  >        <p data-fake-id=\"#toggle-id-10\" class=\"toggler \"  itemprop=\"headline\"    role=\"tab\" tabindex=\"0\" aria-controls=\"toggle-id-10\">Material did\u00e1tico<span class=\"toggle_icon\" >        <span class=\"vert_icon\"><\/span><span class=\"hor_icon\"><\/span><\/span><\/p>        <div id=\"toggle-id-10\" class=\"toggle_wrap \"   >            <div class=\"toggle_content invers-color \"  itemprop=\"text\"   ><p>Os alunos devem adquirir o material did\u00e1tico indicado pela Escola. Antes do in\u00edcio do ano letivo, material de uso coletivo deve ser entregue na Escola.<\/p>\n<p>Os livros did\u00e1ticos e de literatura, indicados para as turmas do 2\u00ba ano do fundamental \u00e0 3\u00aa s\u00e9rie do Ensino M\u00e9dio, tamb\u00e9m devem ser adquiridos pelos pais. At\u00e9 o 8\u00ba ano, os livros s\u00e3o adquiridos em livrarias ou nas opera\u00e7\u00f5es de venda direta das editoras, que organizamos todos os anos.<\/p>\n<p>No 9\u00ba ano e no Ensino M\u00e9dio, adotamos um material do Sistema POLIEDRO, composto de livros, apostilas e cadernos de exerc\u00edcio. Uma plataforma na web complementa este material, oferecendo aos alunos o material digital, v\u00e1rias ferramentas de apoio aos estudos, os resultados das avalia\u00e7\u00f5es peri\u00f3dicas, etc.<\/p>\n<p>As listas de material do ano atual podem ser consultadas em nosso portal.<\/p>\n            <\/div>        <\/div>    <\/div><\/section>\n<\/div>\n","protected":false},"excerpt":{"rendered":"","protected":false},"author":1612,"featured_media":0,"parent":25962,"menu_order":13,"comment_status":"closed","ping_status":"closed","template":"","meta":{"_acf_changed":false,"_monsterinsights_skip_tracking":false,"_monsterinsights_sitenote_active":false,"_monsterinsights_sitenote_note":"","_monsterinsights_sitenote_category":0,"footnotes":""},"class_list":["post-25844","page","type-page","status-publish","hentry"],"acf":[],"_links":{"self":[{"href":"https:\/\/escoladailha.com.br\/portal\/wp-json\/wp\/v2\/pages\/25844","targetHints":{"allow":["GET"]}}],"collection":[{"href":"https:\/\/escoladailha.com.br\/portal\/wp-json\/wp\/v2\/pages"}],"about":[{"href":"https:\/\/escoladailha.com.br\/portal\/wp-json\/wp\/v2\/types\/page"}],"author":[{"embeddable":true,"href":"https:\/\/escoladailha.com.br\/portal\/wp-json\/wp\/v2\/users\/1612"}],"replies":[{"embeddable":true,"href":"https:\/\/escoladailha.com.br\/portal\/wp-json\/wp\/v2\/comments?post=25844"}],"version-history":[{"count":2,"href":"https:\/\/escoladailha.com.br\/portal\/wp-json\/wp\/v2\/pages\/25844\/revisions"}],"predecessor-version":[{"id":37956,"href":"https:\/\/escoladailha.com.br\/portal\/wp-json\/wp\/v2\/pages\/25844\/revisions\/37956"}],"up":[{"embeddable":true,"href":"https:\/\/escoladailha.com.br\/portal\/wp-json\/wp\/v2\/pages\/25962"}],"wp:attachment":[{"href":"https:\/\/escoladailha.com.br\/portal\/wp-json\/wp\/v2\/media?parent=25844"}],"curies":[{"name":"wp","href":"https:\/\/api.w.org\/{rel}","templated":true}]}}