{"id":25831,"date":"2020-10-03T13:06:22","date_gmt":"2020-10-03T16:06:22","guid":{"rendered":"https:\/\/escoladailha.com.br\/portal\/?page_id=25831"},"modified":"2024-08-20T14:17:03","modified_gmt":"2024-08-20T17:17:03","slug":"cadastro-preliminar","status":"publish","type":"page","link":"https:\/\/escoladailha.com.br\/portal\/faq-matriculas\/cadastro-preliminar\/","title":{"rendered":"Cadastro preliminar &#8211; alunos novos"},"content":{"rendered":"<div id='av-layout-grid-1'  class='av-layout-grid-container entry-content-wrapper main_color av-flex-cells     avia-builder-el-0  el_before_av_hr  avia-builder-el-first  container_wrap sidebar_left' style=' '  >\n<div class=\"flex_cell no_margin av_one_full  avia-builder-el-1  avia-builder-el-no-sibling   \" ><div class='flex_cell_inner' ><div  class='avia-image-container  av-styling-    avia-builder-el-2  avia-builder-el-no-sibling  avia-align-center '  itemprop=\"image\" itemscope=\"itemscope\" itemtype=\"https:\/\/schema.org\/ImageObject\"  ><div class='avia-image-container-inner'><div class='avia-image-overlay-wrap'><img decoding=\"async\" class='wp-image-30244 avia-img-lazy-loading-not-30244 avia_image' src=\"https:\/\/escoladailha.com.br\/portal\/wp-content\/uploads\/2022\/09\/matriculasabertas_04.jpg\" alt='' title='matriculasabertas_04' height=\"236\" width=\"1249\"  itemprop=\"thumbnailUrl\" srcset=\"https:\/\/escoladailha.com.br\/portal\/wp-content\/uploads\/2022\/09\/matriculasabertas_04.jpg 1249w, https:\/\/escoladailha.com.br\/portal\/wp-content\/uploads\/2022\/09\/matriculasabertas_04-480x91.jpg 480w\" sizes=\"(max-width: 1249px) 100vw, 1249px\" \/><\/div><\/div><\/div>\n<\/div><\/div>\n<\/div><div id='after_submenu_1'  class='main_color av_default_container_wrap container_wrap sidebar_left' style=' '  ><div class='container' ><div class='template-page content  av-content-small units'><div class='post-entry post-entry-type-page post-entry-25831'><div class='entry-content-wrapper clearfix'>\n<div   class='hr hr-default   avia-builder-el-3  el_after_av_layout_row  el_before_av_layout_row  avia-builder-el-no-sibling '><span class='hr-inner ' ><span class='hr-inner-style'><\/span><\/span><\/div>\n<\/div><\/div><\/div><!-- close content main div --><\/div><\/div><div id='av-layout-grid-2'  class='av-layout-grid-container entry-content-wrapper main_color av-flex-cells     avia-builder-el-4  el_after_av_hr  el_before_av_hr  submenu-not-first container_wrap sidebar_left' style=' '  >\n<div class=\"flex_cell no_margin av_three_fourth  avia-builder-el-5  el_before_av_cell_one_fourth  avia-builder-el-first   \" ><div class='flex_cell_inner' ><section class=\"av_textblock_section \"  itemscope=\"itemscope\" itemtype=\"https:\/\/schema.org\/CreativeWork\" ><div class='avia_textblock  '   itemprop=\"text\" ><h1><span style=\"font-size: 24pt; color: #800000;\"><strong>MATR\u00cdCULAS DE ALUNOS NOVOS<\/strong><\/span><\/h1>\n<h1><span style=\"font-size: 18pt; color: #800000;\"><strong>1\u00ba passo: preencha este CADASTRO PRELIMINAR<\/strong><\/span><\/h1>\n<p><span style=\"font-size: 14pt;\">Envie as informa\u00e7\u00f5es solicitadas. Voc\u00ea receber\u00e1 um link para cadastrar uma senha e dar continuidade ao processo.<\/span><\/p>\n<p><span style=\"font-size: 14pt;\">A matr\u00edcula pode tamb\u00e9m ser realizada de forma presencial, na Escola.<\/span><\/p>\n<\/div><\/section>\n<\/div><\/div><div class=\"flex_cell no_margin av_one_fourth  avia-builder-el-7  el_after_av_cell_three_fourth  avia-builder-el-last   \" ><div class='flex_cell_inner' ><div  style='background:#005b6c;color:#ffffff;border-color:#005b6c;' class='av_promobox  avia-button-yes   avia-builder-el-8  el_before_av_promobox  avia-builder-el-first '><div class='avia-promocontent'><p style=\"text-align: center;\"><span style=\"font-size: 24pt;\">FALE CONOSCO<\/span><\/p>\n<p>\n<\/div><div  class='avia-button-wrap avia-button-right ' ><a href='https:\/\/escoladailha.com.br\/portal\/faq-matriculas\/pedir-ajuda\/'  class='avia-button  avia-color-theme-color   avia-icon_select-no avia-size-large avia-position-right '  target=\"_blank\"  rel=\"noopener noreferrer\"  ><span class='avia_iconbox_title' >Click me<\/span><\/a><\/div><\/div><br \/>\n<div  style='background:#ba1e4f;color:#ffffff;border-color:#ba1e4f;' class='av_promobox  avia-button-yes   avia-builder-el-9  el_after_av_promobox  avia-builder-el-last '><div class='avia-promocontent'><\/p>\n<p style=\"text-align: center;\"><span style=\"font-size: 24pt;\">SAIBA MAIS<\/span><\/p>\n<p>\n<\/div><div  class='avia-button-wrap avia-button-right ' ><a href='https:\/\/escoladailha.com.br\/portal\/faq-matriculas\/'  class='avia-button  avia-color-theme-color   avia-icon_select-no avia-size-large avia-position-right '  target=\"_blank\"  rel=\"noopener noreferrer\"  ><span class='avia_iconbox_title' >Click me<\/span><\/a><\/div><\/div><\/p>\n<\/div><\/div>\n<\/div><div id='after_submenu_2'  class='main_color av_default_container_wrap container_wrap sidebar_left' style=' '  ><div class='container' ><div class='template-page content  av-content-small units'><div class='post-entry post-entry-type-page post-entry-25831'><div class='entry-content-wrapper clearfix'>\n<div   class='hr hr-default   avia-builder-el-10  el_after_av_layout_row  el_before_av_textblock  avia-builder-el-first '><span class='hr-inner ' ><span class='hr-inner-style'><\/span><\/span><\/div>\n<section class=\"av_textblock_section \"  itemscope=\"itemscope\" itemtype=\"https:\/\/schema.org\/CreativeWork\" ><div class='avia_textblock  '   itemprop=\"text\" ><iframe src=\"https:\/\/matriculas.escoladailha.com.br\/CadastroPreliminar\/\" frameborder=\"0\" style=\"height:600px;width:100%\"><\/iframe>\n<\/div><\/section>\n","protected":false},"excerpt":{"rendered":"","protected":false},"author":1631,"featured_media":0,"parent":25725,"menu_order":1,"comment_status":"closed","ping_status":"closed","template":"","meta":{"_acf_changed":false,"_monsterinsights_skip_tracking":false,"_monsterinsights_sitenote_active":false,"_monsterinsights_sitenote_note":"","_monsterinsights_sitenote_category":0,"footnotes":""},"class_list":["post-25831","page","type-page","status-publish","hentry"],"acf":[],"_links":{"self":[{"href":"https:\/\/escoladailha.com.br\/portal\/wp-json\/wp\/v2\/pages\/25831","targetHints":{"allow":["GET"]}}],"collection":[{"href":"https:\/\/escoladailha.com.br\/portal\/wp-json\/wp\/v2\/pages"}],"about":[{"href":"https:\/\/escoladailha.com.br\/portal\/wp-json\/wp\/v2\/types\/page"}],"author":[{"embeddable":true,"href":"https:\/\/escoladailha.com.br\/portal\/wp-json\/wp\/v2\/users\/1631"}],"replies":[{"embeddable":true,"href":"https:\/\/escoladailha.com.br\/portal\/wp-json\/wp\/v2\/comments?post=25831"}],"version-history":[{"count":1,"href":"https:\/\/escoladailha.com.br\/portal\/wp-json\/wp\/v2\/pages\/25831\/revisions"}],"predecessor-version":[{"id":34630,"href":"https:\/\/escoladailha.com.br\/portal\/wp-json\/wp\/v2\/pages\/25831\/revisions\/34630"}],"up":[{"embeddable":true,"href":"https:\/\/escoladailha.com.br\/portal\/wp-json\/wp\/v2\/pages\/25725"}],"wp:attachment":[{"href":"https:\/\/escoladailha.com.br\/portal\/wp-json\/wp\/v2\/media?parent=25831"}],"curies":[{"name":"wp","href":"https:\/\/api.w.org\/{rel}","templated":true}]}}