{"id":25725,"date":"2020-09-22T21:54:47","date_gmt":"2020-09-23T00:54:47","guid":{"rendered":"https:\/\/escoladailha.com.br\/portal\/?page_id=25725"},"modified":"2025-09-04T15:43:39","modified_gmt":"2025-09-04T18:43:39","slug":"faq-matriculas","status":"publish","type":"page","link":"https:\/\/escoladailha.com.br\/portal\/faq-matriculas\/","title":{"rendered":"Matr\u00edculas &#8211; saiba mais"},"content":{"rendered":"<section class=\"av_textblock_section \"  itemscope=\"itemscope\" itemtype=\"https:\/\/schema.org\/CreativeWork\" ><div class='avia_textblock  '   itemprop=\"text\" ><h1 style=\"text-align: left;\"><span style=\"font-size: 14pt;\"><strong>Matr\u00edculas: tire suas d\u00favidas<\/strong><\/span><\/h1>\n<\/div><\/section>\n<\/div><\/div><\/div><!-- close content main div --><\/div><\/div><div id='av-layout-grid-1'  class='av-layout-grid-container entry-content-wrapper main_color av-flex-cells     avia-builder-el-1  el_after_av_textblock  el_before_av_hr  submenu-not-first container_wrap sidebar_left' style=' '  >\n<div class=\"flex_cell no_margin av_three_fourth  avia-builder-el-2  el_before_av_cell_one_fourth  avia-builder-el-first   \" ><div class='flex_cell_inner' ><div   class=\"togglecontainer   toggle_close_all  avia-builder-el-3  avia-builder-el-no-sibling \" >\n<section class=\"av_toggle_section\"  itemscope=\"itemscope\" itemtype=\"https:\/\/schema.org\/CreativeWork\"  >    <div role=\"tablist\" class=\"single_toggle\" data-tags=\"{Todos} \"  >        <p data-fake-id=\"#toggle-id-1\" class=\"toggler \"  itemprop=\"headline\"    role=\"tab\" tabindex=\"0\" aria-controls=\"toggle-id-1\">Matr\u00edcula passo a passo<span class=\"toggle_icon\" >        <span class=\"vert_icon\"><\/span><span class=\"hor_icon\"><\/span><\/span><\/p>        <div id=\"toggle-id-1\" class=\"toggle_wrap \"   >            <div class=\"toggle_content invers-color \"  itemprop=\"text\"   ><p>Para realizar a matr\u00edcula, \u00e9 necess\u00e1rio:<\/p>\n<ol>\n<li>atualizar os\u00a0<strong>dados cadastrais<\/strong>\u00a0do aluno e dos respons\u00e1veis (dispon\u00edvel online);<\/li>\n<li><strong>reservar uma vaga<\/strong>, dispon\u00edvel online ap\u00f3s a atualiza\u00e7\u00e3o cadastral;<\/li>\n<li><strong>assinar o requerimento de matr\u00edcula (pelo respons\u00e1vel financeiro)<\/strong>;<\/li>\n<li>preencher ou atualizar a ficha de <strong>informa\u00e7\u00f5es m\u00e9dicas<\/strong> do aluno (dispon\u00edvel online);<\/li>\n<li>preencher ou atualizar o formul\u00e1rio de <strong>autoriza\u00e7\u00f5es<\/strong> (dispon\u00edvel online);<\/li>\n<li>para a 1\u00aa e a 2\u00aa s\u00e9rie do EM, escolher um dos dois itiner\u00e1rios formativos;<\/li>\n<li>apresentar os <strong>documentos exigidos<\/strong> (dispon\u00edvel online);<\/li>\n<li>se houver alguma pend\u00eancia de documentos ou financeira, entrar em contato com a Escola.<\/li>\n<\/ol>\n<p>Tudo pode ser realizado pela internet (o original do Hist\u00f3rico Escolar deve ser entregue \u00e0 Secretaria) ou entregando os formul\u00e1rios em papel.<\/p>\n<p>Aten\u00e7\u00e3o: o sistema gera um plano de pagamento conforme a op\u00e7\u00e3o mais vantajosa para os pais: anuidade paga com um sinal no ato da matr\u00edcula (com descontos) e 12 parcelas a partir de janeiro, vencendo sempre no dia 03. Caso tenha optado por outro plano, ou esteja em alguma situa\u00e7\u00e3o espec\u00edfica diferente, entre em contato com o departamento financeiro.<\/p>\n<p><a href=\"https:\/\/escoladailha.com.br\/portal\/faq-matriculas\/pedir-ajuda\/\" target=\"_blank\" rel=\"noopener\"><span style=\"text-decoration: underline;\"><span style=\"color: #3366ff; text-decoration: underline;\">Pedir ajuda<\/span><\/span><\/a><\/p>\n<p><span style=\"text-decoration: underline;\"><span style=\"color: #3366ff;\"><a style=\"color: #3366ff; text-decoration: underline;\" href=\"https:\/\/escoladailha.com.br\/portal\/matriculas\/index.php\" target=\"_blank\" rel=\"noopener\">Preencher pela internet<\/a><\/span><\/span><\/p>\n            <\/div>        <\/div>    <\/div><\/section>\n<section class=\"av_toggle_section\"  itemscope=\"itemscope\" itemtype=\"https:\/\/schema.org\/CreativeWork\"  >    <div role=\"tablist\" class=\"single_toggle\" data-tags=\"{Todos} \"  >        <p data-fake-id=\"#toggle-id-2\" class=\"toggler \"  itemprop=\"headline\"    role=\"tab\" tabindex=\"0\" aria-controls=\"toggle-id-2\">Como fazer a matr\u00edcula?<span class=\"toggle_icon\" >        <span class=\"vert_icon\"><\/span><span class=\"hor_icon\"><\/span><\/span><\/p>        <div id=\"toggle-id-2\" class=\"toggle_wrap \"   >            <div class=\"toggle_content invers-color \"  itemprop=\"text\"   ><p>Voc\u00ea poder\u00e1 escolher entre duas formas ou at\u00e9 combinar as duas formas de rematr\u00edcula:<\/p>\n<p><strong><span style=\"text-decoration: underline;\"><span style=\"color: #3366ff;\"><a style=\"color: #3366ff; text-decoration: underline;\" href=\"https:\/\/escoladailha.com.br\/portal\/matriculas\/index.php\" target=\"_blank\" rel=\"noopener\">Pelo nosso portal<\/a><\/span><\/span>:\u00a0<\/strong>todas as etapas estar\u00e3o dispon\u00edveis e podem ser realizadas aqui por qualquer dos respons\u00e1veis; a cada etapa, voc\u00ea receber\u00e1 orienta\u00e7\u00f5es de nossa equipe;<\/p>\n<p><strong>Com papel e caneta:\u00a0<\/strong>assinando os documentos impressos. Se preferir, pode fazer tudo isto presencialmente, nos nossos hor\u00e1rios de atendimento reduzidos. Mas, podemos\u00a0enviar todos os documentos por e-mail: voc\u00ea os devolve preenchidos e assinados, na recep\u00e7\u00e3o ou na caixa de correio da Escola. Para pedir,<span style=\"text-decoration: underline;\"><span style=\"color: #3366ff;\"> <a style=\"color: #3366ff; text-decoration: underline;\" href=\"https:\/\/escoladailha.com.br\/portal\/faq-matriculas\/pedir-ajuda\/\" target=\"_blank\" rel=\"noopener\">clique aqui<\/a><\/span><\/span>.<\/p>\n            <\/div>        <\/div>    <\/div><\/section>\n<section class=\"av_toggle_section\"  itemscope=\"itemscope\" itemtype=\"https:\/\/schema.org\/CreativeWork\"  >    <div role=\"tablist\" class=\"single_toggle\" data-tags=\"{Todos} \"  >        <p data-fake-id=\"#toggle-id-3\" class=\"toggler \"  itemprop=\"headline\"    role=\"tab\" tabindex=\"0\" aria-controls=\"toggle-id-3\">Calend\u00e1rio de matr\u00edculas<span class=\"toggle_icon\" >        <span class=\"vert_icon\"><\/span><span class=\"hor_icon\"><\/span><\/span><\/p>        <div id=\"toggle-id-3\" class=\"toggle_wrap \"   >            <div class=\"toggle_content invers-color \"  itemprop=\"text\"   ><p>As matr\u00edculas est\u00e3o abertas e poder\u00e3o ser realizadas at\u00e9 o limite de vagas em cada turma.<\/p>\n<p>At\u00e9 31 de outubro, nossos alunos atuais t\u00eam suas vagas reservadas.<\/p>\n<p>Havendo lista de espera, a ordem de solicita\u00e7\u00e3o de vaga ser\u00e1 respeitada.<\/p>\n            <\/div>        <\/div>    <\/div><\/section>\n<section class=\"av_toggle_section\"  itemscope=\"itemscope\" itemtype=\"https:\/\/schema.org\/CreativeWork\"  >    <div role=\"tablist\" class=\"single_toggle\" data-tags=\"{Todos} \"  >        <p data-fake-id=\"#toggle-id-4\" class=\"toggler \"  itemprop=\"headline\"    role=\"tab\" tabindex=\"0\" aria-controls=\"toggle-id-4\">Aluno novo: como reservar uma vaga?<span class=\"toggle_icon\" >        <span class=\"vert_icon\"><\/span><span class=\"hor_icon\"><\/span><\/span><\/p>        <div id=\"toggle-id-4\" class=\"toggle_wrap \"   >            <div class=\"toggle_content invers-color \"  itemprop=\"text\"   ><p>Basta completar o <span style=\"text-decoration: underline; color: #3366ff;\"><a style=\"color: #3366ff; text-decoration: underline;\" href=\"https:\/\/escoladailha.com.br\/portal\/matriculas\/cadastro-preliminar\/\" target=\"_blank\" rel=\"noopener\">cadastro preliminar<\/a><\/span> do aluno e nos enviar.<\/p>\n<p>Depois de registrarmos estes dados em nossos sistemas, enviaremos um e-mail para cadastramento de uma senha de acesso ao portal e tudo o mais poder\u00e1 ser realizado pelo sistema de matr\u00edculas online:<\/p>\n<ul>\n<li>completar os dados cadastrais do aluno e dos respons\u00e1veis;<\/li>\n<li>confirmar a reserva de vaga;<\/li>\n<li>assinar o requerimento de matr\u00edcula;<\/li>\n<li>para a 1\u00aa e a 2\u00aa s\u00e9rie do EM, escolher um dos dois itiner\u00e1rios formativos;<\/li>\n<li>preencher a ficha m\u00e9dica;<\/li>\n<li>preencher a ficha de autoriza\u00e7\u00f5es;<\/li>\n<li>enviar a documenta\u00e7\u00e3o necess\u00e1ria (ver abaixo).<\/li>\n<\/ul>\n<p>\u00c9 poss\u00edvel fazer isto da forma tradicional, com papel e caneta e\u00a0solicitar a ajuda de nossa equipe ou agendar um atendimento presencial.<\/p>\n            <\/div>        <\/div>    <\/div><\/section>\n<section class=\"av_toggle_section\"  itemscope=\"itemscope\" itemtype=\"https:\/\/schema.org\/CreativeWork\"  >    <div role=\"tablist\" class=\"single_toggle\" data-tags=\"{Todos} \"  >        <p data-fake-id=\"#toggle-id-5\" class=\"toggler \"  itemprop=\"headline\"    role=\"tab\" tabindex=\"0\" aria-controls=\"toggle-id-5\">O valor das mensalidades<span class=\"toggle_icon\" >        <span class=\"vert_icon\"><\/span><span class=\"hor_icon\"><\/span><\/span><\/p>        <div id=\"toggle-id-5\" class=\"toggle_wrap \"   >            <div class=\"toggle_content invers-color \"  itemprop=\"text\"   ><p>Os valores da anuidade variam de acordo com a s\u00e9rie. <a href=\"https:\/\/escoladailha.com.br\/portal\/faq-matriculas\/pedir-ajuda\/\">Clique aqui<\/a> e solicite esta informa\u00e7\u00e3o \u00e0 nossa equipe.<\/p>\n            <\/div>        <\/div>    <\/div><\/section>\n<section class=\"av_toggle_section\"  itemscope=\"itemscope\" itemtype=\"https:\/\/schema.org\/CreativeWork\"  >    <div role=\"tablist\" class=\"single_toggle\" data-tags=\"{Todos} \"  >        <p data-fake-id=\"#toggle-id-6\" class=\"toggler \"  itemprop=\"headline\"    role=\"tab\" tabindex=\"0\" aria-controls=\"toggle-id-6\">Planos de pagamentos e descontos<span class=\"toggle_icon\" >        <span class=\"vert_icon\"><\/span><span class=\"hor_icon\"><\/span><\/span><\/p>        <div id=\"toggle-id-6\" class=\"toggle_wrap \"   >            <div class=\"toggle_content invers-color \"  itemprop=\"text\"   ><p>A Escola oferece v\u00e1rios planos de pagamento.<\/p>\n<p><strong>O mais atrativo para os pais \u00e9 o plano que divide a anuidade em um sinal, com descontos <\/strong>e 12 parcelas mensais. As mensalidades mensais tem desconto de pontualidade de 5% para as parcelas pagas antes do dia do vencimento. A parcela do sinal, que faz parte da anuidade, tem descontos adicionais, dependendo da data de pagamento:<\/p>\n<ul>\n<li><strong>20% at\u00e9 30 de setembro;<\/strong><\/li>\n<li><strong>15% at\u00e9 31 de outubro;<\/strong><\/li>\n<li><strong>10%<\/strong> at\u00e9 30 de novembro;<\/li>\n<li>5% a partir de 1\u00ba de dezembro, como as mensalidades (desconto de pontualidade).<\/li>\n<\/ul>\n<p>H\u00e1 planos com 12 parcelas, iniciando em janeiro, sem os descontos citados acima. Mas \u00e9 importante frisar que, neste caso, a vaga s\u00f3 estar\u00e1 garantida ap\u00f3s o pagamento da primeira parcela.<\/p>\n<p>\u00c9 poss\u00edvel antecipar o pagamento da anuidade em parcela \u00fanica, em dezembro, com um desconto de 15% sobre o valor da anuidade.<\/p>\n            <\/div>        <\/div>    <\/div><\/section>\n<section class=\"av_toggle_section\"  itemscope=\"itemscope\" itemtype=\"https:\/\/schema.org\/CreativeWork\"  >    <div role=\"tablist\" class=\"single_toggle\" data-tags=\"{Todos} \"  >        <p data-fake-id=\"#toggle-id-7\" class=\"toggler \"  itemprop=\"headline\"    role=\"tab\" tabindex=\"0\" aria-controls=\"toggle-id-7\">Matr\u00edcula pela internet, tem validade?<span class=\"toggle_icon\" >        <span class=\"vert_icon\"><\/span><span class=\"hor_icon\"><\/span><\/span><\/p>        <div id=\"toggle-id-7\" class=\"toggle_wrap \"   >            <div class=\"toggle_content invers-color \"  itemprop=\"text\"   ><p>A entrega de um requerimento de matr\u00edculas pela internet, mediante uso de login e senha pessoal, tem, pelas normas do C\u00f3digo Civil, o mesmo efeito do que a assinatura f\u00edsica de um documento impresso.<\/p>\n            <\/div>        <\/div>    <\/div><\/section>\n<\/div>\n<\/div><\/div><div class=\"flex_cell no_margin av_one_fourth  avia-builder-el-4  el_after_av_cell_three_fourth  avia-builder-el-last   \" ><div class='flex_cell_inner' ><div  style='background:#005b6c;color:#ffffff;border-color:#005b6c;' class='av_promobox  avia-button-yes   avia-builder-el-5  el_before_av_promobox  avia-builder-el-first '><div class='avia-promocontent'><p style=\"text-align: center;\"><span style=\"font-size: 24pt;\">FALE CONOSCO<\/span><\/p>\n<p>\n<\/div><div  class='avia-button-wrap avia-button-right ' ><a href='https:\/\/escoladailha.com.br\/portal\/faq-matriculas\/pedir-ajuda\/'  class='avia-button  avia-color-theme-color   avia-icon_select-no avia-size-large avia-position-right '  target=\"_blank\"  rel=\"noopener noreferrer\"  ><span class='avia_iconbox_title' >Click me<\/span><\/a><\/div><\/div><br \/>\n<div  style='background:#80344a;color:#ffffff;border-color:#80344a;' class='av_promobox  avia-button-yes   avia-builder-el-6  el_after_av_promobox  el_before_av_promobox '><div class='avia-promocontent'><\/p>\n<p style=\"text-align: center;\"><span style=\"font-size: 24pt;\">TURMAS E HOR\u00c1RIOS<\/span><\/p>\n<p>\n<\/div><div  class='avia-button-wrap avia-button-right ' ><a href='http:\/\/escoladailha.com.br\/media\/2026\/turmas_horarios.pdf' class='avia-button  avia-color-theme-color   avia-icon_select-no avia-size-large avia-position-right ' target=\"_blank\" rel=\"noopener noreferrer\"><span class='avia_iconbox_title' >Click me<\/span><\/a><\/div><\/div><br \/>\n<div  style='background:#d7a429;color:#ffffff;border-color:#d7a429;' class='av_promobox  avia-button-yes   avia-builder-el-7  el_after_av_promobox  avia-builder-el-last '><div class='avia-promocontent'><\/p>\n<p style=\"text-align: center;\"><span style=\"font-size: 24pt;\">CALEND\u00c1RIO 2026<\/span><\/p>\n<p>\n<\/div><div  class='avia-button-wrap avia-button-right ' ><a href='http:\/\/escoladailha.com.br\/media\/2026\/calendario_2026.pdf' class='avia-button  avia-color-theme-color   avia-icon_select-no avia-size-large avia-position-right ' target=\"_blank\" rel=\"noopener noreferrer\"><span class='avia_iconbox_title' >Click me<\/span><\/a><\/div><\/div><\/p>\n<\/div><\/div><\/div><div id='after_submenu_1'  class='main_color av_default_container_wrap container_wrap sidebar_left' style=' '  ><div class='container' ><div class='template-page content  av-content-small units'><div class='post-entry post-entry-type-page post-entry-25725'><div class='entry-content-wrapper clearfix'><div   class='hr hr-default   avia-builder-el-8  el_after_av_layout_row  el_before_av_layout_row  avia-builder-el-no-sibling '><span class='hr-inner ' ><span class='hr-inner-style'><\/span><\/span><\/div><\/p>\n<\/div><\/div><\/div><!-- close content main div --><\/div><\/div><div id='av-layout-grid-2'  class='av-layout-grid-container entry-content-wrapper main_color av-flex-cells     avia-builder-el-9  el_after_av_hr  avia-builder-el-last  submenu-not-first container_wrap sidebar_left' style=' '  >\n<div class=\"flex_cell no_margin av_one_half  avia-builder-el-10  el_before_av_cell_one_half  avia-builder-el-first   \" ><div class='flex_cell_inner' ><div  style='background:#00a292;color:#ffffff;border-color:#00a292;' class='av_promobox  avia-button-yes   avia-builder-el-11  avia-builder-el-no-sibling '><div class='avia-promocontent'><\/p>\n<p style=\"text-align: center;\"><strong><span style=\"font-size: 18pt;\">ALUNOS DA ESCOLA<br \/>\nou\u00a0J\u00c1 CADASTRADOS<\/span><\/strong><\/p>\n<p style=\"text-align: center;\"><span style=\"font-size: 18pt;\">MATR\u00cdCULA ONLINE<\/span><\/p>\n<p>\n<\/div><div  class='avia-button-wrap avia-button-right ' ><a href='https:\/\/escoladailha.com.br\/portal\/matriculas\/index.php'  class='avia-button  avia-color-theme-color   avia-icon_select-no avia-size-large avia-position-right '  target=\"_blank\"  rel=\"noopener noreferrer\"  ><span class='avia_iconbox_title' >Click me<\/span><\/a><\/div><\/div>\n<\/div><\/div><div class=\"flex_cell no_margin av_one_half  avia-builder-el-12  el_after_av_cell_one_half  avia-builder-el-last   \" ><div class='flex_cell_inner' ><div  style='background:#de8626;color:#ffffff;border-color:#de8626;' class='av_promobox  avia-button-yes   avia-builder-el-13  avia-builder-el-no-sibling '><div class='avia-promocontent'><\/p>\n<p style=\"text-align: center;\"><span style=\"font-size: 18pt;\"><strong>ALUNO NOVO<\/strong><\/span><\/p>\n<p style=\"text-align: center;\"><span style=\"font-size: 18pt;\"><strong>QUERO MATRICULAR<br \/>\n(1\u00ba cadastro)<\/strong><\/span><\/p>\n<p>\n<\/div><div  class='avia-button-wrap avia-button-right ' ><a href='https:\/\/escoladailha.com.br\/portal\/faq-matriculas\/cadastro-preliminar\/'  class='avia-button  avia-color-theme-color   avia-icon_select-no avia-size-large avia-position-right '  target=\"_blank\"  rel=\"noopener noreferrer\"  ><span class='avia_iconbox_title' >Click me<\/span><\/a><\/div><\/div>\n<\/div><\/div>\n<\/div>\n","protected":false},"excerpt":{"rendered":"","protected":false},"author":1612,"featured_media":0,"parent":0,"menu_order":127,"comment_status":"closed","ping_status":"closed","template":"","meta":{"_acf_changed":false,"_monsterinsights_skip_tracking":false,"_monsterinsights_sitenote_active":false,"_monsterinsights_sitenote_note":"","_monsterinsights_sitenote_category":0,"footnotes":""},"class_list":["post-25725","page","type-page","status-publish","hentry"],"acf":[],"_links":{"self":[{"href":"https:\/\/escoladailha.com.br\/portal\/wp-json\/wp\/v2\/pages\/25725","targetHints":{"allow":["GET"]}}],"collection":[{"href":"https:\/\/escoladailha.com.br\/portal\/wp-json\/wp\/v2\/pages"}],"about":[{"href":"https:\/\/escoladailha.com.br\/portal\/wp-json\/wp\/v2\/types\/page"}],"author":[{"embeddable":true,"href":"https:\/\/escoladailha.com.br\/portal\/wp-json\/wp\/v2\/users\/1612"}],"replies":[{"embeddable":true,"href":"https:\/\/escoladailha.com.br\/portal\/wp-json\/wp\/v2\/comments?post=25725"}],"version-history":[{"count":7,"href":"https:\/\/escoladailha.com.br\/portal\/wp-json\/wp\/v2\/pages\/25725\/revisions"}],"predecessor-version":[{"id":36964,"href":"https:\/\/escoladailha.com.br\/portal\/wp-json\/wp\/v2\/pages\/25725\/revisions\/36964"}],"wp:attachment":[{"href":"https:\/\/escoladailha.com.br\/portal\/wp-json\/wp\/v2\/media?parent=25725"}],"curies":[{"name":"wp","href":"https:\/\/api.w.org\/{rel}","templated":true}]}}