{"id":23493,"date":"2020-03-24T16:22:31","date_gmt":"2020-03-24T19:22:31","guid":{"rendered":"https:\/\/escoladailha.com.br\/portal\/?page_id=23493"},"modified":"2021-01-22T20:05:40","modified_gmt":"2021-01-22T23:05:40","slug":"aluno-sem-e-mail","status":"publish","type":"page","link":"https:\/\/escoladailha.com.br\/portal\/escola\/escola-online\/aluno-sem-e-mail\/","title":{"rendered":"Aluno sem e-mail: o que fazer?"},"content":{"rendered":"<div class=\"flex_column av_two_third  flex_column_div av-zero-column-padding first  avia-builder-el-0  el_before_av_one_third  avia-builder-el-first  \" style='border-radius:0px; '><section class=\"av_textblock_section \"  itemscope=\"itemscope\" itemtype=\"https:\/\/schema.org\/CreativeWork\" ><div class='avia_textblock  av_inherit_color '   itemprop=\"text\" ><h2>Aluno sem e-mail: o que fazer?<\/h2>\n<p>Se o aluno entra no portal com o perfil dos pais, ele tem acesso \u00e0 maior parte do conte\u00fado, mas perde um pouco. Por exemplo: o professor pode mandar um e-mail para os alunos, automaticamente, informando que ele colocou no sistema novos materiais para estudos em casa, mas ele n\u00e3o pode enviar a mensagem para os pais.<\/p>\n<p>\u00c9 imprescind\u00edvel que <strong>os alunos tenham uma conta pr\u00f3pria de e-mail e acessem o portal com perfil de aluno<\/strong>.<\/p>\n<p>Sugerimos que sigam os seguintes passos:<\/p>\n<ol>\n<li>Abra uma conta de e-mail para seu filho (gmail, hotmail, yahoo, ou outro);<\/li>\n<li>Da pr\u00f3pria conta de e-mail do filho, envie um e-mail para <a href=\"mailto:ti@escoladailha.com.br\">ti@escoladailha.com.br<\/a>, informando o nome e a turma do aluno;<\/li>\n<li>Em algumas horas, a Escola vai cadastrar este e-mail no sistema e enviar um link para que o aluno cadastre sua senha definitiva;<\/li>\n<li>O aluno deve abrir o link e cadastrar sua senha;<\/li>\n<li>Em seguida, o aluno deve:\n<ul>\n<li>entrar na p\u00e1gina da Escola (&#8220;ENTRAR&#8221;, no alto, \u00e0 direita);<\/li>\n<li>clicar em &#8220;ACADEMICO&#8221;, no alto, no mesmo menu.<\/li>\n<\/ul>\n<\/li>\n<\/ol>\n<p>Pronto: acesso poder\u00e1 ser feito com perfil do aluno.<\/p>\n<\/div><\/section><\/div><div class=\"flex_column av_one_third  flex_column_div av-zero-column-padding   avia-builder-el-2  el_after_av_two_third  avia-builder-el-last  \" style='border-radius:0px; '><section class=\"av_textblock_section \"  itemscope=\"itemscope\" itemtype=\"https:\/\/schema.org\/CreativeWork\" ><div class='avia_textblock  '   itemprop=\"text\" ><div id='gallery-1' class='gallery galleryid-23493 gallery-columns-3 gallery-size-sidegal'><div class=\"sidegal_wrap isotope\"><div class='gallery-item' item_id='23335'><div class='gallery-item-inner'>\n\t\t\t<div class='gallery-icon landscape'>\n\t\t \t\t<a href=\"https:\/\/escoladailha.com.br\/portal\/wp-content\/uploads\/2020\/03\/entrar-1-2010x1450.png\"><img loading=\"lazy\" decoding=\"async\" width=\"240\" height=\"190\" src=\"https:\/\/escoladailha.com.br\/portal\/wp-content\/uploads\/2020\/03\/entrar-1-480x380.png\" class=\"attachment-sidegal size-sidegal\" alt=\"\" aria-describedby=\"gallery-1-23335\" srcset=\"https:\/\/escoladailha.com.br\/portal\/wp-content\/uploads\/2020\/03\/entrar-1-480x380.png 480w, https:\/\/escoladailha.com.br\/portal\/wp-content\/uploads\/2020\/03\/entrar-1-232x184.png 232w\" sizes=\"auto, (max-width: 480px) 100vw, 480px\" \/><\/a>\n\t\t \t<\/div>\n\t\t\t\t<div class='wp-caption-text gallery-caption' id='gallery-1-23335'>\n\t\t\t\tentrar\n\t\t\t\t<\/div><\/div><\/div><div class='gallery-item' item_id='23336'><div class='gallery-item-inner'>\n\t\t\t<div class='gallery-icon landscape'>\n\t\t \t\t<a href=\"https:\/\/escoladailha.com.br\/portal\/wp-content\/uploads\/2020\/03\/entrar-2-2010x1223.png\"><img loading=\"lazy\" decoding=\"async\" width=\"240\" height=\"190\" src=\"https:\/\/escoladailha.com.br\/portal\/wp-content\/uploads\/2020\/03\/entrar-2-480x380.png\" class=\"attachment-sidegal size-sidegal\" alt=\"\" aria-describedby=\"gallery-1-23336\" srcset=\"https:\/\/escoladailha.com.br\/portal\/wp-content\/uploads\/2020\/03\/entrar-2-480x380.png 480w, https:\/\/escoladailha.com.br\/portal\/wp-content\/uploads\/2020\/03\/entrar-2-232x184.png 232w\" sizes=\"auto, (max-width: 480px) 100vw, 480px\" \/><\/a>\n\t\t \t<\/div>\n\t\t\t\t<div class='wp-caption-text gallery-caption' id='gallery-1-23336'>\n\t\t\t\tfazer login\n\t\t\t\t<\/div><\/div><\/div><div class='gallery-item' item_id='23339'><div class='gallery-item-inner'>\n\t\t\t<div class='gallery-icon landscape'>\n\t\t \t\t<a href=\"https:\/\/escoladailha.com.br\/portal\/wp-content\/uploads\/2020\/03\/entrar-academico-2010x1390.png\"><img loading=\"lazy\" decoding=\"async\" width=\"240\" height=\"190\" src=\"https:\/\/escoladailha.com.br\/portal\/wp-content\/uploads\/2020\/03\/entrar-academico-480x380.png\" class=\"attachment-sidegal size-sidegal\" alt=\"\" aria-describedby=\"gallery-1-23339\" srcset=\"https:\/\/escoladailha.com.br\/portal\/wp-content\/uploads\/2020\/03\/entrar-academico-480x380.png 480w, https:\/\/escoladailha.com.br\/portal\/wp-content\/uploads\/2020\/03\/entrar-academico-232x184.png 232w\" sizes=\"auto, (max-width: 480px) 100vw, 480px\" \/><\/a>\n\t\t \t<\/div>\n\t\t\t\t<div class='wp-caption-text gallery-caption' id='gallery-1-23339'>\n\t\t\t\tacessar o acad\u00eamico\n\t\t\t\t<\/div><\/div><\/div><div class='gallery-item' item_id='23333'><div class='gallery-item-inner'>\n\t\t\t<div class='gallery-icon landscape'>\n\t\t \t\t<a href=\"https:\/\/escoladailha.com.br\/portal\/wp-content\/uploads\/2020\/03\/acad\u00eamico-1-2010x1361.png\"><img loading=\"lazy\" decoding=\"async\" width=\"240\" height=\"190\" src=\"https:\/\/escoladailha.com.br\/portal\/wp-content\/uploads\/2020\/03\/acad\u00eamico-1-480x380.png\" class=\"attachment-sidegal size-sidegal\" alt=\"\" aria-describedby=\"gallery-1-23333\" srcset=\"https:\/\/escoladailha.com.br\/portal\/wp-content\/uploads\/2020\/03\/acad\u00eamico-1-480x380.png 480w, https:\/\/escoladailha.com.br\/portal\/wp-content\/uploads\/2020\/03\/acad\u00eamico-1-232x184.png 232w\" sizes=\"auto, (max-width: 480px) 100vw, 480px\" \/><\/a>\n\t\t \t<\/div>\n\t\t\t\t<div class='wp-caption-text gallery-caption' id='gallery-1-23333'>\n\t\t\t\tentrar no acad\u00eamico\n\t\t\t\t<\/div><\/div><\/div><\/div><div style=\"clear: both\"><\/div><div class=\"thumbnail_wrap isotope\"><div class='gallery-item' item_id='23335'><div class='gallery-item-inner'>\n\t\t\t<div class='gallery-icon landscape'>\n\t\t \t\t<a href=\"https:\/\/escoladailha.com.br\/portal\/wp-content\/uploads\/2020\/03\/entrar-1-2010x1450.png\"><img loading=\"lazy\" decoding=\"async\" width=\"57\" height=\"57\" src=\"https:\/\/escoladailha.com.br\/portal\/wp-content\/uploads\/2020\/03\/entrar-1-114x114.png\" class=\"attachment-thumbnail size-thumbnail\" alt=\"\" aria-describedby=\"gallery-1-23335\" srcset=\"https:\/\/escoladailha.com.br\/portal\/wp-content\/uploads\/2020\/03\/entrar-1-114x114.png 114w, https:\/\/escoladailha.com.br\/portal\/wp-content\/uploads\/2020\/03\/entrar-1-36x36.png 36w\" sizes=\"auto, (max-width: 114px) 100vw, 114px\" \/><\/a>\n\t\t \t<\/div>\n\t\t\t\t<div class='wp-caption-text gallery-caption' id='gallery-1-23335'>\n\t\t\t\tentrar\n\t\t\t\t<\/div><\/div><\/div><div class='gallery-item' item_id='23336'><div class='gallery-item-inner'>\n\t\t\t<div class='gallery-icon landscape'>\n\t\t \t\t<a href=\"https:\/\/escoladailha.com.br\/portal\/wp-content\/uploads\/2020\/03\/entrar-2-2010x1223.png\"><img loading=\"lazy\" decoding=\"async\" width=\"57\" height=\"57\" src=\"https:\/\/escoladailha.com.br\/portal\/wp-content\/uploads\/2020\/03\/entrar-2-114x114.png\" class=\"attachment-thumbnail size-thumbnail\" alt=\"\" aria-describedby=\"gallery-1-23336\" srcset=\"https:\/\/escoladailha.com.br\/portal\/wp-content\/uploads\/2020\/03\/entrar-2-114x114.png 114w, https:\/\/escoladailha.com.br\/portal\/wp-content\/uploads\/2020\/03\/entrar-2-36x36.png 36w\" sizes=\"auto, (max-width: 114px) 100vw, 114px\" \/><\/a>\n\t\t \t<\/div>\n\t\t\t\t<div class='wp-caption-text gallery-caption' id='gallery-1-23336'>\n\t\t\t\tfazer login\n\t\t\t\t<\/div><\/div><\/div><div class='gallery-item' item_id='23339'><div class='gallery-item-inner'>\n\t\t\t<div class='gallery-icon landscape'>\n\t\t \t\t<a href=\"https:\/\/escoladailha.com.br\/portal\/wp-content\/uploads\/2020\/03\/entrar-academico-2010x1390.png\"><img loading=\"lazy\" decoding=\"async\" width=\"57\" height=\"57\" src=\"https:\/\/escoladailha.com.br\/portal\/wp-content\/uploads\/2020\/03\/entrar-academico-114x114.png\" class=\"attachment-thumbnail size-thumbnail\" alt=\"\" aria-describedby=\"gallery-1-23339\" srcset=\"https:\/\/escoladailha.com.br\/portal\/wp-content\/uploads\/2020\/03\/entrar-academico-114x114.png 114w, https:\/\/escoladailha.com.br\/portal\/wp-content\/uploads\/2020\/03\/entrar-academico-36x36.png 36w\" sizes=\"auto, (max-width: 114px) 100vw, 114px\" \/><\/a>\n\t\t \t<\/div>\n\t\t\t\t<div class='wp-caption-text gallery-caption' id='gallery-1-23339'>\n\t\t\t\tacessar o acad\u00eamico\n\t\t\t\t<\/div><\/div><\/div><div class='gallery-item' item_id='23333'><div class='gallery-item-inner'>\n\t\t\t<div class='gallery-icon landscape'>\n\t\t \t\t<a href=\"https:\/\/escoladailha.com.br\/portal\/wp-content\/uploads\/2020\/03\/acad\u00eamico-1-2010x1361.png\"><img loading=\"lazy\" decoding=\"async\" width=\"57\" height=\"57\" src=\"https:\/\/escoladailha.com.br\/portal\/wp-content\/uploads\/2020\/03\/acad\u00eamico-1-114x114.png\" class=\"attachment-thumbnail size-thumbnail\" alt=\"\" aria-describedby=\"gallery-1-23333\" srcset=\"https:\/\/escoladailha.com.br\/portal\/wp-content\/uploads\/2020\/03\/acad\u00eamico-1-114x114.png 114w, https:\/\/escoladailha.com.br\/portal\/wp-content\/uploads\/2020\/03\/acad\u00eamico-1-36x36.png 36w\" sizes=\"auto, (max-width: 114px) 100vw, 114px\" \/><\/a>\n\t\t \t<\/div>\n\t\t\t\t<div class='wp-caption-text gallery-caption' id='gallery-1-23333'>\n\t\t\t\tentrar no acad\u00eamico\n\t\t\t\t<\/div><\/div><\/div><\/div><div style=\"clear: both\"><\/div>\n\t\t<\/div>\n\n<\/div><\/section><\/div><\/p>\n","protected":false},"excerpt":{"rendered":"","protected":false},"author":1612,"featured_media":0,"parent":24417,"menu_order":34,"comment_status":"open","ping_status":"closed","template":"","meta":{"_acf_changed":false,"_monsterinsights_skip_tracking":false,"_monsterinsights_sitenote_active":false,"_monsterinsights_sitenote_note":"","_monsterinsights_sitenote_category":0,"footnotes":""},"class_list":["post-23493","page","type-page","status-publish","hentry"],"acf":[],"_links":{"self":[{"href":"https:\/\/escoladailha.com.br\/portal\/wp-json\/wp\/v2\/pages\/23493","targetHints":{"allow":["GET"]}}],"collection":[{"href":"https:\/\/escoladailha.com.br\/portal\/wp-json\/wp\/v2\/pages"}],"about":[{"href":"https:\/\/escoladailha.com.br\/portal\/wp-json\/wp\/v2\/types\/page"}],"author":[{"embeddable":true,"href":"https:\/\/escoladailha.com.br\/portal\/wp-json\/wp\/v2\/users\/1612"}],"replies":[{"embeddable":true,"href":"https:\/\/escoladailha.com.br\/portal\/wp-json\/wp\/v2\/comments?post=23493"}],"version-history":[{"count":0,"href":"https:\/\/escoladailha.com.br\/portal\/wp-json\/wp\/v2\/pages\/23493\/revisions"}],"up":[{"embeddable":true,"href":"https:\/\/escoladailha.com.br\/portal\/wp-json\/wp\/v2\/pages\/24417"}],"wp:attachment":[{"href":"https:\/\/escoladailha.com.br\/portal\/wp-json\/wp\/v2\/media?parent=23493"}],"curies":[{"name":"wp","href":"https:\/\/api.w.org\/{rel}","templated":true}]}}