{"id":2347,"date":"2016-06-20T13:33:41","date_gmt":"2016-06-20T16:33:41","guid":{"rendered":"https:\/\/escoladailha.com.br\/portal\/?page_id=2347"},"modified":"2017-06-04T16:10:24","modified_gmt":"2017-06-04T19:10:24","slug":"lanche","status":"publish","type":"page","link":"https:\/\/escoladailha.com.br\/portal\/escola\/cursos\/ensino-infantil\/lanche\/","title":{"rendered":"Lanche coletivo"},"content":{"rendered":"<div class=\"flex_column av_two_third  flex_column_div av-zero-column-padding first  avia-builder-el-0  el_before_av_one_third  avia-builder-el-first  \" style='border-radius:0px; '><section class=\"av_textblock_section \"  itemscope=\"itemscope\" itemtype=\"https:\/\/schema.org\/CreativeWork\" ><div class='avia_textblock  '   itemprop=\"text\" ><h3><span style=\"color: #ff0000;\">Lanche coletivo<\/span><\/h3>\n<p>At\u00e9 o 1\u00ba ano do Ensino Fundamental, de 2\u00aa a 5\u00aa feira, o lanche \u00e9 coletivo (na 6\u00aa feira, ele \u00e9 individual). Cada dia, um aluno traz o lanche de toda a turma, seguindo um card\u00e1pio definido por uma nutricionista e uma escala combinada com os pais.<\/p>\n<p>Como muitas outras rotinas da Escola, o lanche coletivo tem um papel importante na nossa pr\u00e1tica pedag\u00f3gica.<\/p>\n<ul>\n<li>ele\u00a0assegura uma alimenta\u00e7\u00e3o mais saud\u00e1vel na Escola, j\u00e1 que o card\u00e1pio inclui frutas, sucos, legumes, l\u00e1cteos, carboidratos, evitando\u00a0alimentos muito processados, ou carregados de\u00a0aditivos, de s\u00f3dio ou de outros produtos prejudiciais \u00e0 sa\u00fade;<\/li>\n<li>ele contribui para a educa\u00e7\u00e3o alimentar dos alunos\u00a0e\u00a0a descoberta de\u00a0alimentos que eventualmente n\u00e3o costumam comer em casa (como alguns legumes, por exemplo);<\/li>\n<li>ele auxilia\u00a0a socializa\u00e7\u00e3o dos alunos, que\u00a0compartilham o lanche trazido por um colega;<\/li>\n<li>ele refor\u00e7a\u00a0a autoestima dos alunos, pois,\u00a0periodicamente, cada um \u00e9\u00a0respons\u00e1vel\u00a0e ajuda na prepara\u00e7\u00e3o do lanche da turma toda ;<\/li>\n<li>ele torna-se uma rotina que, com as demais rotinas propostas pela Escola, contribuem para o desenvolvimento do aluno.<\/li>\n<\/ul>\n<p>Por essa raz\u00e3o, recomendamos fortemente que os pais compartilhem com os alunos o momento da compra do lanche, a escolha dos produtos que ser\u00e3o levados para os colegas e at\u00e9 das eventuais adapta\u00e7\u00f5es ao card\u00e1pio do dia.<\/p>\n<\/div><\/section><\/div><div class=\"flex_column av_one_third  flex_column_div av-zero-column-padding   avia-builder-el-2  el_after_av_two_third  avia-builder-el-last  \" style='border-radius:0px; '><section class=\"av_textblock_section \"  itemscope=\"itemscope\" itemtype=\"https:\/\/schema.org\/CreativeWork\" ><div class='avia_textblock  '   itemprop=\"text\" ><p><a href=\"https:\/\/escoladailha.com.br\/portal\/wp-content\/uploads\/2016\/06\/240815_ESCOLA_DA_ILHA_IMG_4556_FOTO_OSCAR_RIVAS.jpg\"><img loading=\"lazy\" decoding=\"async\" class=\"alignnone size-sidegal wp-image-6037\" src=\"https:\/\/escoladailha.com.br\/portal\/wp-content\/uploads\/2016\/06\/240815_ESCOLA_DA_ILHA_IMG_4556_FOTO_OSCAR_RIVAS-240x190.jpg\" alt=\"240815_ESCOLA_DA_ILHA_IMG_4556_FOTO_OSCAR_RIVAS\" width=\"240\" height=\"190\" \/><\/a><\/p>\n<p><a href=\"https:\/\/escoladailha.com.br\/portal\/wp-content\/uploads\/2016\/06\/190815-190815_ESCOLA_DA_ILHA_IMG_3903_FOTO_OSCAR_RIVAS-Foto-Oscar-Rivas.jpg\"><img loading=\"lazy\" decoding=\"async\" class=\"size-sidegal wp-image-2374\" src=\"https:\/\/escoladailha.com.br\/portal\/wp-content\/uploads\/2016\/06\/190815-190815_ESCOLA_DA_ILHA_IMG_3903_FOTO_OSCAR_RIVAS-Foto-Oscar-Rivas-240x190.jpg\" alt=\"Ensino Infantil\" width=\"240\" height=\"190\" \/><\/a><\/p>\n<p><a href=\"https:\/\/escoladailha.com.br\/portal\/wp-content\/uploads\/2016\/10\/190815-190815_ESCOLA_DA_ILHA_IMG_3935_FOTO_OSCAR_RIVAS-Foto-Oscar-Rivas.jpg\"><img loading=\"lazy\" decoding=\"async\" class=\"alignnone size-sidegal wp-image-4647\" src=\"https:\/\/escoladailha.com.br\/portal\/wp-content\/uploads\/2016\/10\/190815-190815_ESCOLA_DA_ILHA_IMG_3935_FOTO_OSCAR_RIVAS-Foto-Oscar-Rivas-240x190.jpg\" alt=\"190815-190815_escola_da_ilha_img_3935_foto_oscar_rivas-foto-oscar-rivas\" width=\"240\" height=\"190\" \/><\/a><\/p>\n<\/div><\/section><\/div><\/p>\n","protected":false},"excerpt":{"rendered":"","protected":false},"author":1608,"featured_media":0,"parent":2056,"menu_order":44,"comment_status":"closed","ping_status":"closed","template":"","meta":{"_acf_changed":false,"_monsterinsights_skip_tracking":false,"_monsterinsights_sitenote_active":false,"_monsterinsights_sitenote_note":"","_monsterinsights_sitenote_category":0,"footnotes":""},"class_list":["post-2347","page","type-page","status-publish","hentry"],"acf":[],"_links":{"self":[{"href":"https:\/\/escoladailha.com.br\/portal\/wp-json\/wp\/v2\/pages\/2347","targetHints":{"allow":["GET"]}}],"collection":[{"href":"https:\/\/escoladailha.com.br\/portal\/wp-json\/wp\/v2\/pages"}],"about":[{"href":"https:\/\/escoladailha.com.br\/portal\/wp-json\/wp\/v2\/types\/page"}],"author":[{"embeddable":true,"href":"https:\/\/escoladailha.com.br\/portal\/wp-json\/wp\/v2\/users\/1608"}],"replies":[{"embeddable":true,"href":"https:\/\/escoladailha.com.br\/portal\/wp-json\/wp\/v2\/comments?post=2347"}],"version-history":[{"count":0,"href":"https:\/\/escoladailha.com.br\/portal\/wp-json\/wp\/v2\/pages\/2347\/revisions"}],"up":[{"embeddable":true,"href":"https:\/\/escoladailha.com.br\/portal\/wp-json\/wp\/v2\/pages\/2056"}],"wp:attachment":[{"href":"https:\/\/escoladailha.com.br\/portal\/wp-json\/wp\/v2\/media?parent=2347"}],"curies":[{"name":"wp","href":"https:\/\/api.w.org\/{rel}","templated":true}]}}