{"id":2044,"date":"2015-05-20T14:42:37","date_gmt":"2015-05-20T17:42:37","guid":{"rendered":"https:\/\/escoladailha.com.br\/portal\/?page_id=2044"},"modified":"2024-12-04T13:16:17","modified_gmt":"2024-12-04T16:16:17","slug":"convenios","status":"publish","type":"page","link":"https:\/\/escoladailha.com.br\/portal\/escola\/convenios\/","title":{"rendered":"Conv\u00eanios"},"content":{"rendered":"<div class=\"flex_column av_two_third  flex_column_div av-zero-column-padding first  avia-builder-el-0  el_before_av_one_third  avia-builder-el-first  \" style='border-radius:0px; '><section class=\"av_textblock_section \"  itemscope=\"itemscope\" itemtype=\"https:\/\/schema.org\/CreativeWork\" ><div class='avia_textblock  '   itemprop=\"text\" ><h2><span style=\"color: #ff0000;\">CONV\u00caNIOS COM ASSOCIA\u00c7\u00d5ES DE FUNCION\u00c1RIOS<\/span><\/h2>\n<p>A Escola da Ilha mant\u00e9m conv\u00eanios com associa\u00e7\u00f5es de funcion\u00e1rios de algumas insitui\u00e7\u00f5es, oferecendo\u00a0desconto de 5% nas mensalidades.<\/p>\n<p>Atualmente, mantemos conv\u00eanio com as seguintes institui\u00e7\u00f5es:<\/p>\n<ul>\n<li>ACIASC &#8211; Associa\u00e7\u00e3o dos Funcion\u00e1rios do CIASC &#8211; Centro de Inform\u00e1tica e Automa\u00e7\u00e3o do Estado de Santa Catarina S.A.<\/li>\n<li>APAER &#8211; Associa\u00e7\u00e3o dos Profissionais da Pesquisa e da Extens\u00e3o Rural (EPAGRI);<\/li>\n<li>ASSESP\/SC &#8211; Associa\u00e7\u00e3o dos Servidores da Seguran\u00e7a P\u00fablica do Estado de Santa Catarina;<\/li>\n<li>ASUDESC &#8211; Associa\u00e7\u00e3o dos Funcion\u00e1rios da UDESC (Universidade do Estado de Santa Catarina);<\/li>\n<li>APUFSC &#8211; Associa\u00e7\u00e3o dos Funcion\u00e1rios da UFSC (Universidade Federal de Santa Catarina);<\/li>\n<li>APCEF\/SC &#8211; Associa\u00e7\u00e3o dos Funcion\u00e1rios da Caixa Econ\u00f4mica Federal;<\/li>\n<li>PREVISC &#8211; Sociedade de Previd\u00eancia Complementar do Sistema FIESC;<\/li>\n<li>CAASC &#8211; Caixa de Assist\u00eancia dos Advogados de Santa Catarina.<\/li>\n<\/ul>\n<p>Este desconto \u00e9 acrescentado ao desconto padr\u00e3o de pontualidade, de 5%, mas n\u00e3o se cumulam com os demais descontos eventualmente concedidos pela Escola, como os descontos de antecipa\u00e7\u00e3o de mensalidades. Eles est\u00e3o condicionados ao pagamento em dia das mensalidades e ao respeito da data padr\u00e3o de vencimento das parcelas, dia 03 de cada m\u00eas.<\/p>\n<\/div><\/section><\/div><div class=\"flex_column av_one_third  flex_column_div av-zero-column-padding   avia-builder-el-2  el_after_av_two_third  avia-builder-el-last  \" style='border-radius:0px; '><\/div><\/p>\n","protected":false},"excerpt":{"rendered":"","protected":false},"author":2,"featured_media":0,"parent":1892,"menu_order":33,"comment_status":"open","ping_status":"closed","template":"","meta":{"_acf_changed":false,"_monsterinsights_skip_tracking":false,"_monsterinsights_sitenote_active":false,"_monsterinsights_sitenote_note":"","_monsterinsights_sitenote_category":0,"footnotes":""},"class_list":["post-2044","page","type-page","status-publish","hentry"],"acf":[],"_links":{"self":[{"href":"https:\/\/escoladailha.com.br\/portal\/wp-json\/wp\/v2\/pages\/2044","targetHints":{"allow":["GET"]}}],"collection":[{"href":"https:\/\/escoladailha.com.br\/portal\/wp-json\/wp\/v2\/pages"}],"about":[{"href":"https:\/\/escoladailha.com.br\/portal\/wp-json\/wp\/v2\/types\/page"}],"author":[{"embeddable":true,"href":"https:\/\/escoladailha.com.br\/portal\/wp-json\/wp\/v2\/users\/2"}],"replies":[{"embeddable":true,"href":"https:\/\/escoladailha.com.br\/portal\/wp-json\/wp\/v2\/comments?post=2044"}],"version-history":[{"count":4,"href":"https:\/\/escoladailha.com.br\/portal\/wp-json\/wp\/v2\/pages\/2044\/revisions"}],"predecessor-version":[{"id":35457,"href":"https:\/\/escoladailha.com.br\/portal\/wp-json\/wp\/v2\/pages\/2044\/revisions\/35457"}],"up":[{"embeddable":true,"href":"https:\/\/escoladailha.com.br\/portal\/wp-json\/wp\/v2\/pages\/1892"}],"wp:attachment":[{"href":"https:\/\/escoladailha.com.br\/portal\/wp-json\/wp\/v2\/media?parent=2044"}],"curies":[{"name":"wp","href":"https:\/\/api.w.org\/{rel}","templated":true}]}}