{"id":15196,"date":"2018-10-16T19:14:37","date_gmt":"2018-10-16T22:14:37","guid":{"rendered":"https:\/\/escoladailha.com.br\/portal\/?page_id=15196"},"modified":"2026-02-19T18:41:20","modified_gmt":"2026-02-19T21:41:20","slug":"resultados","status":"publish","type":"page","link":"https:\/\/escoladailha.com.br\/portal\/escola\/resultados\/","title":{"rendered":"Resultados"},"content":{"rendered":"<div class=\"flex_column av_two_third  flex_column_div av-zero-column-padding first  avia-builder-el-0  el_before_av_textblock  avia-builder-el-first  \" style='border-radius:0px; '><section class=\"av_textblock_section \"  itemscope=\"itemscope\" itemtype=\"https:\/\/schema.org\/CreativeWork\" ><div class='avia_textblock  '   itemprop=\"text\" ><h2><span style=\"color: #ff0000;\">AVALIANDO E MOSTRANDO NOSSOS RESULTADOS <\/span><\/h2>\n<p>N\u00e3o estamos focados apenas no resultado de nossos alunos no Vestibular. Procuramos fornecer um ensino de qualidade, que forme os alunos para a vida adulta, e estimul\u00e1-los a tirar o melhor do aprendizado.<\/p>\n<p>Entretanto, damos cada vez mais import\u00e2ncia \u00e0 avalia\u00e7\u00e3o do desempenho de nossos alunos, em particular quando dispomos de dados que nos\u00a0permitem comparar os resultados de nossos alunos com o de milhares de outros estudantes. Isso nos permite avaliar nosso trabalho, \u00e0 luz dos resultados de todas as escolas similares \u00e0 nossa.<\/p>\n<p><strong>5\u00ba lugar no ranking da UFSC em 2026: confirmando uma tradi\u00e7\u00e3o<\/strong><\/p>\n<p>Nossos alunos tem obtido um excelente desempenho: 37% dos alunos do terceir\u00e3o 2026 foram aprovados na primeira fase do vestibular da UFSC (na primeira chamada). Se computarmos tamb\u00e9m a primeira chamada da UDESC, chegamos a 40% dos alunos em universidades p\u00fablicas, j\u00e1 na primeira chamada.<\/p>\n<p>No ranking das escolas, publicados pela UFSC, ficamos em 5\u00ba lugar em aprova\u00e7\u00e3o, dentre as escolas particulares de Florian\u00f3polis, nos mantendo entre as escolas que mais aprovam. Nas estat\u00edsticas da UFSC, que apontam computam 26.4% de aprovados, s\u00e3o considerados tamb\u00e9m alunos que se formaram nos anos anteriores, que se inscreveram novamente para as provas. N\u00e3o computamos, nesta an\u00e1lise, as escolas p\u00fablicas, pois, para estas escolas, a estat\u00edstica da UFSC inclui os alunos cotistas (com as quais concordamos plenamente, diga-se).<\/p>\n<p><strong>3\u00aa escola que mais aprova entre 2006 e 2026), com 11 p\u00f3dios em 20 anos<\/strong><\/p>\n<p>N\u00e3o se trata de um resultado &#8220;fora da curva&#8221;, ao contr\u00e1rio. A UFSC publica estat\u00edsticas sobre a porcentagem de alunos aprovados de cada escola, incluindo os alunos formados em anos anteriores. Numa retrospectiva das 21 \u00faltimas edi\u00e7\u00f5es do vestibular, (2006-2026), estivemos no p\u00f3dios em 11 edi\u00e7\u00f5es, 3 vezes entre as 5 melhores, com 30% dos alunos aprovados. Nas \u00faltimas 5 edi\u00e7\u00f5es do vestibular da UFSC (2022-2026), mantivemos a m\u00e9dia de aprova\u00e7\u00e3o da s\u00e9rie hist\u00f3rica longa (2006-2026), ficando em 3\u00ba lugar, com a mesma m\u00e9dia de aprovados.<\/p>\n<p>Vejam, abaixo, uma retrospectiva dos resultados da Escola desde 2006.<\/p>\n<p>PARA PESQUISAR SOBRE O TEMA:<\/p>\n<ul>\n<li><a href=\"http:\/\/www.inep.gov.br\/\" target=\"_blank\" rel=\"noopener noreferrer\">INEP (\u00f3rg\u00e3o respons\u00e1vel pelo ENEM)<\/a><\/li>\n<li><a href=\"http:\/\/coperve.ufsc.br\" target=\"_blank\" rel=\"noopener noreferrer\">Vestibulares da UFSC<\/a><\/li>\n<\/ul>\n<\/div><\/section><\/div><section class=\"av_textblock_section \"  itemscope=\"itemscope\" itemtype=\"https:\/\/schema.org\/CreativeWork\" ><div class='avia_textblock  '   itemprop=\"text\" ><p style=\"text-align: center;\"> \t<section class=\"content-area pdf-light-viewer pdf-light-viewer-archive pdf-light-viewer-archive-masonry-full-thumbs js-pdf-light-viewer-archive pdf-light-viewer--theme-light\"> \t\t<main class=\"site-main pdf-light-viewer-archive-container\">  \t\t\t \t\t\t\t<section class=\"col-xs-12 js-isotope pdf-light-viewer-grid\" \t\t\t\t\tdata-isotope-options='{ \"itemSelector\": \".js-pdf-light-viewer-grid-item\", \"masonry\": { \"columnWidth\": 200, \"gutter\": 15 } }'> \t\t\t\t\t\t\t\t\t\t\t<div class=\"js-pdf-light-viewer-grid-item pdf-light-viewer-grid-item pdf-light-viewer-grid-item-37885\"> \t\t\t\t\t\t\t<div class=\"pdf-light-viewer-grid-item-inner\"> \t\t\t\t\t\t\t\t<a class=\"thickbox js-pdf-light-viewer-popup-trigger\" data-fullscreen=\"false\" href=\"#TB_inline?width=1024&height=768&inlineId=js-pdf-light-viewer-popup-37885\" class=\"thickbox\" style=\"display: inline-block; margin-top: -30px;\"><img decoding=\"async\" src=\"https:\/\/escoladailha.com.br\/portal\/wp-content\/uploads\/2026\/02\/pdf-37885-page-00001-480x679.jpg\"><\/a><div id=\"js-pdf-light-viewer-popup-37885\" style=\"display: none;\">  \t<div class=\"pdf-light-viewer js-pdf-light-viewer pdf-light-viewer--theme-light\" \t\tdata-enable-zoom=\"\"         data-zoom-magnify=\"1\">  \t\t \t\t<div class=\"pdf-light-viewer-magazine-viewport js-pdf-light-viewer-magazine-viewport with-nav-bottom\">  \t\t\t\t\t\t\t<ul class=\"pdf-light-viewer-features-top-panel\"> \t\t\t\t\t   <!-- print -->    \t\t \t\t      <li>         <a title=\"Download\" href=\"https:\/\/escoladailha.com.br\/portal\/wp-content\/uploads\/2026\/02\/retrospectiva-2006-2026-final.pdf\" target=\"_blank\" download>             <img loading=\"lazy\" decoding=\"async\" src=\"https:\/\/escoladailha.com.br\/portal\/wp-content\/themes\/escoladailha\/images\/icone-download.png\" width=\"47\" height=\"32\" alt=\"donwload\" title=\"download\">         <\/a>     <\/li>        <li>         <a href=\"#!\" title=\"Previous page\" class=\"js-pdf-light-viewer-previous-page\">             <img loading=\"lazy\" decoding=\"async\" src=\"https:\/\/escoladailha.com.br\/portal\/wp-content\/themes\/escoladailha\/images\/icone-prev.png\" width=\"33\" height=\"33\" alt=\"anterior\" title=\"anterior\">         <\/a>         <a href=\"#!\" title=\"Next page\" class=\"js-pdf-light-viewer-next-page\">             <img loading=\"lazy\" decoding=\"async\" src=\"https:\/\/escoladailha.com.br\/portal\/wp-content\/themes\/escoladailha\/images\/icone-next.png\" width=\"33\" height=\"33\" alt=\"pr\u00f3xima\" title=\"pr\u00f3xima\">         <\/a>     <\/li>       <li>         <span title=\"Current page\" class=\"js-pdf-light-viewer-current-page-indicator\"><\/span>     <\/li> \t\t\t\t<\/ul> \t\t\t \t\t\t<div class=\"pdf-light-viewer-magazine-viewport-container\"> \t\t\t\t<div class=\"js-pdf-light-viewer-magazine pdf-light-viewer-magazine\"                     data-max-book-width=\"0\"                     data-max-book-height=\"0\"                     data-limit-fullscreen-book-height=\"0\" \t\t\t\t\tdata-width=\"1224\" \t\t\t\t\tdata-height=\"1584\" \t\t\t\t\tdata-pages-count=\"22\" \t\t\t\t\tdata-page-layout=\"adaptive\"                     data-download-page-format=\"\"                     data-theme=\"light\"                     data-disable-images-preloading=\"0\"> \t\t\t\t\t\t\t\t\t\t\t<div style=\"background-image:url('https:\/\/escoladailha.com.br\/portal\/wp-content\/plugins\/pdf-light-viewer\/resources\/assets\/img\/lightpaperfibers.png');\"> \t\t\t\t\t\t\t<div class=\"gradient\"><\/div>                                                             <img \t\t\t\t\t\t\t\t\tclass=\"js-pdf-light-viewer-lazy-loading js-pdf-light-viewer-lazy-loading-1 initially-hidden\" \t\t\t\t\t\t\t\t\tsrc=\"https:\/\/escoladailha.com.br\/portal\/wp-content\/plugins\/pdf-light-viewer\/resources\/assets\/img\/lightpaperfibers.png\" \t\t\t\t\t\t\t\t\tdata-original=\"https:\/\/escoladailha.com.br\/portal\/wp-content\/uploads\/pdf-light-viewer\/37885\/page-00001.jpg\" \t\t\t\t\t\t\t\t\twidth=\"100%\" \t\t\t\t\t\t\t\t\theight=\"100%\" \t\t\t\t\t\t\t\t\t\/>                             \t\t\t\t\t\t<\/div> \t\t\t\t\t\t\t\t\t\t\t<div style=\"background-image:url('https:\/\/escoladailha.com.br\/portal\/wp-content\/plugins\/pdf-light-viewer\/resources\/assets\/img\/lightpaperfibers.png');\"> \t\t\t\t\t\t\t<div class=\"gradient\"><\/div>                                                             <img \t\t\t\t\t\t\t\t\tclass=\"js-pdf-light-viewer-lazy-loading js-pdf-light-viewer-lazy-loading-2 initially-hidden\" \t\t\t\t\t\t\t\t\tsrc=\"https:\/\/escoladailha.com.br\/portal\/wp-content\/plugins\/pdf-light-viewer\/resources\/assets\/img\/lightpaperfibers.png\" \t\t\t\t\t\t\t\t\tdata-original=\"https:\/\/escoladailha.com.br\/portal\/wp-content\/uploads\/pdf-light-viewer\/37885\/page-00002.jpg\" \t\t\t\t\t\t\t\t\twidth=\"100%\" \t\t\t\t\t\t\t\t\theight=\"100%\" \t\t\t\t\t\t\t\t\t\/>                             \t\t\t\t\t\t<\/div> \t\t\t\t\t\t\t\t\t\t\t<div style=\"background-image:url('https:\/\/escoladailha.com.br\/portal\/wp-content\/plugins\/pdf-light-viewer\/resources\/assets\/img\/lightpaperfibers.png');\"> \t\t\t\t\t\t\t<div class=\"gradient\"><\/div>                                                             <img \t\t\t\t\t\t\t\t\tclass=\"js-pdf-light-viewer-lazy-loading js-pdf-light-viewer-lazy-loading-3 initially-hidden\" \t\t\t\t\t\t\t\t\tsrc=\"https:\/\/escoladailha.com.br\/portal\/wp-content\/plugins\/pdf-light-viewer\/resources\/assets\/img\/lightpaperfibers.png\" \t\t\t\t\t\t\t\t\tdata-original=\"https:\/\/escoladailha.com.br\/portal\/wp-content\/uploads\/pdf-light-viewer\/37885\/page-00003.jpg\" \t\t\t\t\t\t\t\t\twidth=\"100%\" \t\t\t\t\t\t\t\t\theight=\"100%\" \t\t\t\t\t\t\t\t\t\/>                             \t\t\t\t\t\t<\/div> \t\t\t\t\t\t\t\t\t\t\t<div style=\"background-image:url('https:\/\/escoladailha.com.br\/portal\/wp-content\/plugins\/pdf-light-viewer\/resources\/assets\/img\/lightpaperfibers.png');\"> \t\t\t\t\t\t\t<div class=\"gradient\"><\/div>                                                             <img \t\t\t\t\t\t\t\t\tclass=\"js-pdf-light-viewer-lazy-loading js-pdf-light-viewer-lazy-loading-4 initially-hidden\" \t\t\t\t\t\t\t\t\tsrc=\"https:\/\/escoladailha.com.br\/portal\/wp-content\/plugins\/pdf-light-viewer\/resources\/assets\/img\/lightpaperfibers.png\" \t\t\t\t\t\t\t\t\tdata-original=\"https:\/\/escoladailha.com.br\/portal\/wp-content\/uploads\/pdf-light-viewer\/37885\/page-00004.jpg\" \t\t\t\t\t\t\t\t\twidth=\"100%\" \t\t\t\t\t\t\t\t\theight=\"100%\" \t\t\t\t\t\t\t\t\t\/>                             \t\t\t\t\t\t<\/div> \t\t\t\t\t\t\t\t\t\t\t<div style=\"background-image:url('https:\/\/escoladailha.com.br\/portal\/wp-content\/plugins\/pdf-light-viewer\/resources\/assets\/img\/lightpaperfibers.png');\"> \t\t\t\t\t\t\t<div class=\"gradient\"><\/div>                                                             <img \t\t\t\t\t\t\t\t\tclass=\"js-pdf-light-viewer-lazy-loading js-pdf-light-viewer-lazy-loading-5 initially-hidden\" \t\t\t\t\t\t\t\t\tsrc=\"https:\/\/escoladailha.com.br\/portal\/wp-content\/plugins\/pdf-light-viewer\/resources\/assets\/img\/lightpaperfibers.png\" \t\t\t\t\t\t\t\t\tdata-original=\"https:\/\/escoladailha.com.br\/portal\/wp-content\/uploads\/pdf-light-viewer\/37885\/page-00005.jpg\" \t\t\t\t\t\t\t\t\twidth=\"100%\" \t\t\t\t\t\t\t\t\theight=\"100%\" \t\t\t\t\t\t\t\t\t\/>                             \t\t\t\t\t\t<\/div> \t\t\t\t\t\t\t\t\t\t\t<div style=\"background-image:url('https:\/\/escoladailha.com.br\/portal\/wp-content\/plugins\/pdf-light-viewer\/resources\/assets\/img\/lightpaperfibers.png');\"> \t\t\t\t\t\t\t<div class=\"gradient\"><\/div>                                                             <img \t\t\t\t\t\t\t\t\tclass=\"js-pdf-light-viewer-lazy-loading js-pdf-light-viewer-lazy-loading-6 initially-hidden\" \t\t\t\t\t\t\t\t\tsrc=\"https:\/\/escoladailha.com.br\/portal\/wp-content\/plugins\/pdf-light-viewer\/resources\/assets\/img\/lightpaperfibers.png\" \t\t\t\t\t\t\t\t\tdata-original=\"https:\/\/escoladailha.com.br\/portal\/wp-content\/uploads\/pdf-light-viewer\/37885\/page-00006.jpg\" \t\t\t\t\t\t\t\t\twidth=\"100%\" \t\t\t\t\t\t\t\t\theight=\"100%\" \t\t\t\t\t\t\t\t\t\/>                             \t\t\t\t\t\t<\/div> \t\t\t\t\t\t\t\t\t\t\t<div style=\"background-image:url('https:\/\/escoladailha.com.br\/portal\/wp-content\/plugins\/pdf-light-viewer\/resources\/assets\/img\/lightpaperfibers.png');\"> \t\t\t\t\t\t\t<div class=\"gradient\"><\/div>                                                             <img \t\t\t\t\t\t\t\t\tclass=\"js-pdf-light-viewer-lazy-loading js-pdf-light-viewer-lazy-loading-7 initially-hidden\" \t\t\t\t\t\t\t\t\tsrc=\"https:\/\/escoladailha.com.br\/portal\/wp-content\/plugins\/pdf-light-viewer\/resources\/assets\/img\/lightpaperfibers.png\" \t\t\t\t\t\t\t\t\tdata-original=\"https:\/\/escoladailha.com.br\/portal\/wp-content\/uploads\/pdf-light-viewer\/37885\/page-00007.jpg\" \t\t\t\t\t\t\t\t\twidth=\"100%\" \t\t\t\t\t\t\t\t\theight=\"100%\" \t\t\t\t\t\t\t\t\t\/>                             \t\t\t\t\t\t<\/div> \t\t\t\t\t\t\t\t\t\t\t<div style=\"background-image:url('https:\/\/escoladailha.com.br\/portal\/wp-content\/plugins\/pdf-light-viewer\/resources\/assets\/img\/lightpaperfibers.png');\"> \t\t\t\t\t\t\t<div class=\"gradient\"><\/div>                                                             <img \t\t\t\t\t\t\t\t\tclass=\"js-pdf-light-viewer-lazy-loading js-pdf-light-viewer-lazy-loading-8 initially-hidden\" \t\t\t\t\t\t\t\t\tsrc=\"https:\/\/escoladailha.com.br\/portal\/wp-content\/plugins\/pdf-light-viewer\/resources\/assets\/img\/lightpaperfibers.png\" \t\t\t\t\t\t\t\t\tdata-original=\"https:\/\/escoladailha.com.br\/portal\/wp-content\/uploads\/pdf-light-viewer\/37885\/page-00008.jpg\" \t\t\t\t\t\t\t\t\twidth=\"100%\" \t\t\t\t\t\t\t\t\theight=\"100%\" \t\t\t\t\t\t\t\t\t\/>                             \t\t\t\t\t\t<\/div> \t\t\t\t\t\t\t\t\t\t\t<div style=\"background-image:url('https:\/\/escoladailha.com.br\/portal\/wp-content\/plugins\/pdf-light-viewer\/resources\/assets\/img\/lightpaperfibers.png');\"> \t\t\t\t\t\t\t<div class=\"gradient\"><\/div>                                                             <img \t\t\t\t\t\t\t\t\tclass=\"js-pdf-light-viewer-lazy-loading js-pdf-light-viewer-lazy-loading-9 initially-hidden\" \t\t\t\t\t\t\t\t\tsrc=\"https:\/\/escoladailha.com.br\/portal\/wp-content\/plugins\/pdf-light-viewer\/resources\/assets\/img\/lightpaperfibers.png\" \t\t\t\t\t\t\t\t\tdata-original=\"https:\/\/escoladailha.com.br\/portal\/wp-content\/uploads\/pdf-light-viewer\/37885\/page-00009.jpg\" \t\t\t\t\t\t\t\t\twidth=\"100%\" \t\t\t\t\t\t\t\t\theight=\"100%\" \t\t\t\t\t\t\t\t\t\/>                             \t\t\t\t\t\t<\/div> \t\t\t\t\t\t\t\t\t\t\t<div style=\"background-image:url('https:\/\/escoladailha.com.br\/portal\/wp-content\/plugins\/pdf-light-viewer\/resources\/assets\/img\/lightpaperfibers.png');\"> \t\t\t\t\t\t\t<div class=\"gradient\"><\/div>                                                             <img \t\t\t\t\t\t\t\t\tclass=\"js-pdf-light-viewer-lazy-loading js-pdf-light-viewer-lazy-loading-10 initially-hidden\" \t\t\t\t\t\t\t\t\tsrc=\"https:\/\/escoladailha.com.br\/portal\/wp-content\/plugins\/pdf-light-viewer\/resources\/assets\/img\/lightpaperfibers.png\" \t\t\t\t\t\t\t\t\tdata-original=\"https:\/\/escoladailha.com.br\/portal\/wp-content\/uploads\/pdf-light-viewer\/37885\/page-00010.jpg\" \t\t\t\t\t\t\t\t\twidth=\"100%\" \t\t\t\t\t\t\t\t\theight=\"100%\" \t\t\t\t\t\t\t\t\t\/>                             \t\t\t\t\t\t<\/div> \t\t\t\t\t\t\t\t\t\t\t<div style=\"background-image:url('https:\/\/escoladailha.com.br\/portal\/wp-content\/plugins\/pdf-light-viewer\/resources\/assets\/img\/lightpaperfibers.png');\"> \t\t\t\t\t\t\t<div class=\"gradient\"><\/div>                                                             <img \t\t\t\t\t\t\t\t\tclass=\"js-pdf-light-viewer-lazy-loading js-pdf-light-viewer-lazy-loading-11 initially-hidden\" \t\t\t\t\t\t\t\t\tsrc=\"https:\/\/escoladailha.com.br\/portal\/wp-content\/plugins\/pdf-light-viewer\/resources\/assets\/img\/lightpaperfibers.png\" \t\t\t\t\t\t\t\t\tdata-original=\"https:\/\/escoladailha.com.br\/portal\/wp-content\/uploads\/pdf-light-viewer\/37885\/page-00011.jpg\" \t\t\t\t\t\t\t\t\twidth=\"100%\" \t\t\t\t\t\t\t\t\theight=\"100%\" \t\t\t\t\t\t\t\t\t\/>                             \t\t\t\t\t\t<\/div> \t\t\t\t\t\t\t\t\t\t\t<div style=\"background-image:url('https:\/\/escoladailha.com.br\/portal\/wp-content\/plugins\/pdf-light-viewer\/resources\/assets\/img\/lightpaperfibers.png');\"> \t\t\t\t\t\t\t<div class=\"gradient\"><\/div>                                                             <img \t\t\t\t\t\t\t\t\tclass=\"js-pdf-light-viewer-lazy-loading js-pdf-light-viewer-lazy-loading-12 initially-hidden\" \t\t\t\t\t\t\t\t\tsrc=\"https:\/\/escoladailha.com.br\/portal\/wp-content\/plugins\/pdf-light-viewer\/resources\/assets\/img\/lightpaperfibers.png\" \t\t\t\t\t\t\t\t\tdata-original=\"https:\/\/escoladailha.com.br\/portal\/wp-content\/uploads\/pdf-light-viewer\/37885\/page-00012.jpg\" \t\t\t\t\t\t\t\t\twidth=\"100%\" \t\t\t\t\t\t\t\t\theight=\"100%\" \t\t\t\t\t\t\t\t\t\/>                             \t\t\t\t\t\t<\/div> \t\t\t\t\t\t\t\t\t\t\t<div style=\"background-image:url('https:\/\/escoladailha.com.br\/portal\/wp-content\/plugins\/pdf-light-viewer\/resources\/assets\/img\/lightpaperfibers.png');\"> \t\t\t\t\t\t\t<div class=\"gradient\"><\/div>                                                             <img \t\t\t\t\t\t\t\t\tclass=\"js-pdf-light-viewer-lazy-loading js-pdf-light-viewer-lazy-loading-13 initially-hidden\" \t\t\t\t\t\t\t\t\tsrc=\"https:\/\/escoladailha.com.br\/portal\/wp-content\/plugins\/pdf-light-viewer\/resources\/assets\/img\/lightpaperfibers.png\" \t\t\t\t\t\t\t\t\tdata-original=\"https:\/\/escoladailha.com.br\/portal\/wp-content\/uploads\/pdf-light-viewer\/37885\/page-00013.jpg\" \t\t\t\t\t\t\t\t\twidth=\"100%\" \t\t\t\t\t\t\t\t\theight=\"100%\" \t\t\t\t\t\t\t\t\t\/>                             \t\t\t\t\t\t<\/div> \t\t\t\t\t\t\t\t\t\t\t<div style=\"background-image:url('https:\/\/escoladailha.com.br\/portal\/wp-content\/plugins\/pdf-light-viewer\/resources\/assets\/img\/lightpaperfibers.png');\"> \t\t\t\t\t\t\t<div class=\"gradient\"><\/div>                                                             <img \t\t\t\t\t\t\t\t\tclass=\"js-pdf-light-viewer-lazy-loading js-pdf-light-viewer-lazy-loading-14 initially-hidden\" \t\t\t\t\t\t\t\t\tsrc=\"https:\/\/escoladailha.com.br\/portal\/wp-content\/plugins\/pdf-light-viewer\/resources\/assets\/img\/lightpaperfibers.png\" \t\t\t\t\t\t\t\t\tdata-original=\"https:\/\/escoladailha.com.br\/portal\/wp-content\/uploads\/pdf-light-viewer\/37885\/page-00014.jpg\" \t\t\t\t\t\t\t\t\twidth=\"100%\" \t\t\t\t\t\t\t\t\theight=\"100%\" \t\t\t\t\t\t\t\t\t\/>                             \t\t\t\t\t\t<\/div> \t\t\t\t\t\t\t\t\t\t\t<div style=\"background-image:url('https:\/\/escoladailha.com.br\/portal\/wp-content\/plugins\/pdf-light-viewer\/resources\/assets\/img\/lightpaperfibers.png');\"> \t\t\t\t\t\t\t<div class=\"gradient\"><\/div>                                                             <img \t\t\t\t\t\t\t\t\tclass=\"js-pdf-light-viewer-lazy-loading js-pdf-light-viewer-lazy-loading-15 initially-hidden\" \t\t\t\t\t\t\t\t\tsrc=\"https:\/\/escoladailha.com.br\/portal\/wp-content\/plugins\/pdf-light-viewer\/resources\/assets\/img\/lightpaperfibers.png\" \t\t\t\t\t\t\t\t\tdata-original=\"https:\/\/escoladailha.com.br\/portal\/wp-content\/uploads\/pdf-light-viewer\/37885\/page-00015.jpg\" \t\t\t\t\t\t\t\t\twidth=\"100%\" \t\t\t\t\t\t\t\t\theight=\"100%\" \t\t\t\t\t\t\t\t\t\/>                             \t\t\t\t\t\t<\/div> \t\t\t\t\t\t\t\t\t\t\t<div style=\"background-image:url('https:\/\/escoladailha.com.br\/portal\/wp-content\/plugins\/pdf-light-viewer\/resources\/assets\/img\/lightpaperfibers.png');\"> \t\t\t\t\t\t\t<div class=\"gradient\"><\/div>                                                             <img \t\t\t\t\t\t\t\t\tclass=\"js-pdf-light-viewer-lazy-loading js-pdf-light-viewer-lazy-loading-16 initially-hidden\" \t\t\t\t\t\t\t\t\tsrc=\"https:\/\/escoladailha.com.br\/portal\/wp-content\/plugins\/pdf-light-viewer\/resources\/assets\/img\/lightpaperfibers.png\" \t\t\t\t\t\t\t\t\tdata-original=\"https:\/\/escoladailha.com.br\/portal\/wp-content\/uploads\/pdf-light-viewer\/37885\/page-00016.jpg\" \t\t\t\t\t\t\t\t\twidth=\"100%\" \t\t\t\t\t\t\t\t\theight=\"100%\" \t\t\t\t\t\t\t\t\t\/>                             \t\t\t\t\t\t<\/div> \t\t\t\t\t\t\t\t\t\t\t<div style=\"background-image:url('https:\/\/escoladailha.com.br\/portal\/wp-content\/plugins\/pdf-light-viewer\/resources\/assets\/img\/lightpaperfibers.png');\"> \t\t\t\t\t\t\t<div class=\"gradient\"><\/div>                                                             <img \t\t\t\t\t\t\t\t\tclass=\"js-pdf-light-viewer-lazy-loading js-pdf-light-viewer-lazy-loading-17 initially-hidden\" \t\t\t\t\t\t\t\t\tsrc=\"https:\/\/escoladailha.com.br\/portal\/wp-content\/plugins\/pdf-light-viewer\/resources\/assets\/img\/lightpaperfibers.png\" \t\t\t\t\t\t\t\t\tdata-original=\"https:\/\/escoladailha.com.br\/portal\/wp-content\/uploads\/pdf-light-viewer\/37885\/page-00017.jpg\" \t\t\t\t\t\t\t\t\twidth=\"100%\" \t\t\t\t\t\t\t\t\theight=\"100%\" \t\t\t\t\t\t\t\t\t\/>                             \t\t\t\t\t\t<\/div> \t\t\t\t\t\t\t\t\t\t\t<div style=\"background-image:url('https:\/\/escoladailha.com.br\/portal\/wp-content\/plugins\/pdf-light-viewer\/resources\/assets\/img\/lightpaperfibers.png');\"> \t\t\t\t\t\t\t<div class=\"gradient\"><\/div>                                                             <img \t\t\t\t\t\t\t\t\tclass=\"js-pdf-light-viewer-lazy-loading js-pdf-light-viewer-lazy-loading-18 initially-hidden\" \t\t\t\t\t\t\t\t\tsrc=\"https:\/\/escoladailha.com.br\/portal\/wp-content\/plugins\/pdf-light-viewer\/resources\/assets\/img\/lightpaperfibers.png\" \t\t\t\t\t\t\t\t\tdata-original=\"https:\/\/escoladailha.com.br\/portal\/wp-content\/uploads\/pdf-light-viewer\/37885\/page-00018.jpg\" \t\t\t\t\t\t\t\t\twidth=\"100%\" \t\t\t\t\t\t\t\t\theight=\"100%\" \t\t\t\t\t\t\t\t\t\/>                             \t\t\t\t\t\t<\/div> \t\t\t\t\t\t\t\t\t\t\t<div style=\"background-image:url('https:\/\/escoladailha.com.br\/portal\/wp-content\/plugins\/pdf-light-viewer\/resources\/assets\/img\/lightpaperfibers.png');\"> \t\t\t\t\t\t\t<div class=\"gradient\"><\/div>                                                             <img \t\t\t\t\t\t\t\t\tclass=\"js-pdf-light-viewer-lazy-loading js-pdf-light-viewer-lazy-loading-19 initially-hidden\" \t\t\t\t\t\t\t\t\tsrc=\"https:\/\/escoladailha.com.br\/portal\/wp-content\/plugins\/pdf-light-viewer\/resources\/assets\/img\/lightpaperfibers.png\" \t\t\t\t\t\t\t\t\tdata-original=\"https:\/\/escoladailha.com.br\/portal\/wp-content\/uploads\/pdf-light-viewer\/37885\/page-00019.jpg\" \t\t\t\t\t\t\t\t\twidth=\"100%\" \t\t\t\t\t\t\t\t\theight=\"100%\" \t\t\t\t\t\t\t\t\t\/>                             \t\t\t\t\t\t<\/div> \t\t\t\t\t\t\t\t\t\t\t<div style=\"background-image:url('https:\/\/escoladailha.com.br\/portal\/wp-content\/plugins\/pdf-light-viewer\/resources\/assets\/img\/lightpaperfibers.png');\"> \t\t\t\t\t\t\t<div class=\"gradient\"><\/div>                                                             <img \t\t\t\t\t\t\t\t\tclass=\"js-pdf-light-viewer-lazy-loading js-pdf-light-viewer-lazy-loading-20 initially-hidden\" \t\t\t\t\t\t\t\t\tsrc=\"https:\/\/escoladailha.com.br\/portal\/wp-content\/plugins\/pdf-light-viewer\/resources\/assets\/img\/lightpaperfibers.png\" \t\t\t\t\t\t\t\t\tdata-original=\"https:\/\/escoladailha.com.br\/portal\/wp-content\/uploads\/pdf-light-viewer\/37885\/page-00020.jpg\" \t\t\t\t\t\t\t\t\twidth=\"100%\" \t\t\t\t\t\t\t\t\theight=\"100%\" \t\t\t\t\t\t\t\t\t\/>                             \t\t\t\t\t\t<\/div> \t\t\t\t\t\t\t\t\t\t\t<div style=\"background-image:url('https:\/\/escoladailha.com.br\/portal\/wp-content\/plugins\/pdf-light-viewer\/resources\/assets\/img\/lightpaperfibers.png');\"> \t\t\t\t\t\t\t<div class=\"gradient\"><\/div>                                                             <img \t\t\t\t\t\t\t\t\tclass=\"js-pdf-light-viewer-lazy-loading js-pdf-light-viewer-lazy-loading-21 initially-hidden\" \t\t\t\t\t\t\t\t\tsrc=\"https:\/\/escoladailha.com.br\/portal\/wp-content\/plugins\/pdf-light-viewer\/resources\/assets\/img\/lightpaperfibers.png\" \t\t\t\t\t\t\t\t\tdata-original=\"https:\/\/escoladailha.com.br\/portal\/wp-content\/uploads\/pdf-light-viewer\/37885\/page-00021.jpg\" \t\t\t\t\t\t\t\t\twidth=\"100%\" \t\t\t\t\t\t\t\t\theight=\"100%\" \t\t\t\t\t\t\t\t\t\/>                             \t\t\t\t\t\t<\/div> \t\t\t\t\t\t\t\t\t\t\t<div style=\"background-image:url('https:\/\/escoladailha.com.br\/portal\/wp-content\/plugins\/pdf-light-viewer\/resources\/assets\/img\/lightpaperfibers.png');\"> \t\t\t\t\t\t\t<div class=\"gradient\"><\/div>                                                             <img \t\t\t\t\t\t\t\t\tclass=\"js-pdf-light-viewer-lazy-loading js-pdf-light-viewer-lazy-loading-22 initially-hidden\" \t\t\t\t\t\t\t\t\tsrc=\"https:\/\/escoladailha.com.br\/portal\/wp-content\/plugins\/pdf-light-viewer\/resources\/assets\/img\/lightpaperfibers.png\" \t\t\t\t\t\t\t\t\tdata-original=\"https:\/\/escoladailha.com.br\/portal\/wp-content\/uploads\/pdf-light-viewer\/37885\/page-00022.jpg\" \t\t\t\t\t\t\t\t\twidth=\"100%\" \t\t\t\t\t\t\t\t\theight=\"100%\" \t\t\t\t\t\t\t\t\t\/>                             \t\t\t\t\t\t<\/div> \t\t\t\t\t\t\t\t\t<\/div> \t\t\t<\/div> \t\t<\/div>  \t\t<!-- Thumbnails --> \t\t \t<\/div>  <\/div>\t\t\t\t\t\t\t<\/div> \t\t\t\t\t        <a title=\"Download\" href=\"https:\/\/escoladailha.com.br\/portal\/wp-content\/uploads\/2026\/02\/retrospectiva-2006-2026-final.pdf\" target=\"_blank\" download> \t\t\t\t\t            <img loading=\"lazy\" decoding=\"async\" class=\"icone-down\" src=\"https:\/\/escoladailha.com.br\/portal\/wp-content\/themes\/escoladailha\/images\/icone-down.png\" width=\"18\" height=\"18\" alt=\"donwload\" title=\"download\"> \t\t\t\t\t        <\/a> \t\t\t\t\t\t\tVestibular: 3\u00ba\u00a0lugar em aprova\u00e7\u00e3o, uma retrospectiva\t\t\t\t\t\t<\/div> \t\t\t\t\t\t\t\t\t<\/section>  \t\t\t \t\t<\/main> \t<\/section>  <\/p>\n<\/div><\/section><\/p>\n","protected":false},"excerpt":{"rendered":"","protected":false},"author":1612,"featured_media":0,"parent":1892,"menu_order":31,"comment_status":"open","ping_status":"closed","template":"","meta":{"_acf_changed":false,"_monsterinsights_skip_tracking":false,"_monsterinsights_sitenote_active":false,"_monsterinsights_sitenote_note":"","_monsterinsights_sitenote_category":0,"footnotes":""},"class_list":["post-15196","page","type-page","status-publish","hentry"],"acf":[],"_links":{"self":[{"href":"https:\/\/escoladailha.com.br\/portal\/wp-json\/wp\/v2\/pages\/15196","targetHints":{"allow":["GET"]}}],"collection":[{"href":"https:\/\/escoladailha.com.br\/portal\/wp-json\/wp\/v2\/pages"}],"about":[{"href":"https:\/\/escoladailha.com.br\/portal\/wp-json\/wp\/v2\/types\/page"}],"author":[{"embeddable":true,"href":"https:\/\/escoladailha.com.br\/portal\/wp-json\/wp\/v2\/users\/1612"}],"replies":[{"embeddable":true,"href":"https:\/\/escoladailha.com.br\/portal\/wp-json\/wp\/v2\/comments?post=15196"}],"version-history":[{"count":6,"href":"https:\/\/escoladailha.com.br\/portal\/wp-json\/wp\/v2\/pages\/15196\/revisions"}],"predecessor-version":[{"id":37892,"href":"https:\/\/escoladailha.com.br\/portal\/wp-json\/wp\/v2\/pages\/15196\/revisions\/37892"}],"up":[{"embeddable":true,"href":"https:\/\/escoladailha.com.br\/portal\/wp-json\/wp\/v2\/pages\/1892"}],"wp:attachment":[{"href":"https:\/\/escoladailha.com.br\/portal\/wp-json\/wp\/v2\/media?parent=15196"}],"curies":[{"name":"wp","href":"https:\/\/api.w.org\/{rel}","templated":true}]}}